{"id":6359,"date":"2021-09-23T20:12:22","date_gmt":"2021-09-23T18:12:22","guid":{"rendered":"https:\/\/luigipomata.com\/?page_id=6359"},"modified":"2026-02-23T15:36:54","modified_gmt":"2026-02-23T14:36:54","slug":"catering","status":"publish","type":"page","link":"https:\/\/luigipomata.com\/fr\/catering\/","title":{"rendered":"Catering"},"content":{"rendered":"<p>[vc_row row_content_width=\u00a0\u00bbgrid\u00a0\u00bb][vc_column][vc_column_text]<\/p>\n<blockquote><p><strong>Go\u00fbt et \u00e9l\u00e9gance.<\/strong> Et la grande exp\u00e9rience dans le monde de la restauration.<\/p><\/blockquote>\n<p>[\/vc_column_text]<div class=\"eltdf-separator-holder clearfix  eltdf-separator-center \">\n\t<div class=\"eltdf-separator\" style=\"border-color: #c5b358;width: 200px;border-bottom-width: 3px;margin-bottom: 25px\"><\/div>\n<\/div>\n[vc_column_text]<\/p>\n<p class=\"p1\"><span class=\"s1\">Go\u00fbt et \u00e9l\u00e9gance. Et la grande exp\u00e9rience dans le monde de la restauration d&rsquo;un chef comme Luigi Pomata. Notre service de catering sera le choix id\u00e9al pour vos \u00e9v\u00e9nements. Pour votre mariage, nous offrons aux \u00e9poux le souvenir d&rsquo;une r\u00e9ception parfaite, organis\u00e9e avec soin.<\/span><\/p>\n<p class=\"p1\"><span class=\"s1\"><b>Services offerts<br \/>\n<\/b><\/span><span class=\"s2\">Le professionnalisme de notre personnel est \u00e0 votre disposition pour obtenir un grand succ\u00e8s de l&rsquo;\u00e9v\u00e9nement que vous avez imagin\u00e9.<\/span>\u00a0<span class=\"s2\">Du menu \u00e0 la composition florale, au conseil sur le lieu id\u00e9al, nous chercherons \u00e0 exaucer tous vos d\u00e9sirs et nous vous aiderons \u00e0 transformer vos id\u00e9es en r\u00e9alit\u00e9.<\/span><\/p>\n<p class=\"p1\"><span class=\"s1\"><b>Restauration<br \/>\n<\/b><\/span><span class=\"s1\">Nous saurons vous conseiller pour choisir le menu id\u00e9al. Gr\u00e2ce \u00e0 notre exp\u00e9rience et \u00e0 notre cr\u00e9ativit\u00e9, nous vous proposerons des plats au go\u00fbt unique. L&rsquo;utilisation d&rsquo;une excellente mati\u00e8re premi\u00e8re \u00e9labor\u00e9e avec maestria donnera vie \u00e0 des cr\u00e9ations qui vous accompagneront dans un voyage culinaire unique dans son genre, en r\u00e9alisant des plats qui sauront ravir votre palais.<\/span><\/p>\n<p class=\"p1\"><span class=\"s1\"><b>Lieu<br \/>\n<\/b><\/span><span class=\"s1\">Notre service de catering vous accompagnera partout, de votre maison \u00e0 votre villa \u00e0 la mer, jusqu&rsquo;\u00e0 la plage ou, en collaboration avec plusieurs sites priv\u00e9s, nous pourrons vous aider \u00e0 trouver le cadre parfait pour votre journ\u00e9e sp\u00e9ciale.<\/span><span class=\"s1\">\u00a0<\/span><\/p>\n<p><strong>R\u00e9servez notre service de catering en appelant au num\u00e9ro +39 070 672 058<\/strong><br \/>\n<strong>ou en envoyant un mail \u00e0: <a href=\"mailto:amministrazione@luigipomata.com\">amministrazione@luigipomata.com<\/a><\/strong>[\/vc_column_text][vc_gallery type=\u00a0\u00bbimage_grid\u00a0\u00bb images=\u00a0\u00bb6349,6350,6351,6352,6353,6354,6355,6356,6357,6358&Prime; img_size=\u00a0\u00bbmedium\u00a0\u00bb css=\u00a0\u00bb.vc_custom_1637143986981{margin-top: 40px !important;}\u00a0\u00bb][vc_empty_space height=\u00a0\u00bb150px\u00a0\u00bb][\/vc_column][\/vc_row]<\/p>\n","protected":false},"excerpt":{"rendered":"<p>[vc_row row_content_width=\u00a0\u00bbgrid\u00a0\u00bb][vc_column][vc_column_text] Go\u00fbt et \u00e9l\u00e9gance. Et la grande exp\u00e9rience dans le monde de la restauration. [\/vc_column_text][vc_column_text] Go\u00fbt et \u00e9l\u00e9gance. Et la grande exp\u00e9rience dans le monde de la restauration d&rsquo;un chef comme Luigi Pomata. Notre service de catering sera le [&hellip;]<\/p>\n","protected":false},"author":4,"featured_media":0,"parent":0,"menu_order":1,"comment_status":"closed","ping_status":"closed","template":"full-width.php","meta":{"footnotes":""},"class_list":["post-6359","page","type-page","status-publish","hentry"],"yoast_head":"<!-- This site is optimized with the Yoast SEO plugin v27.3 - https:\/\/yoast.com\/product\/yoast-seo-wordpress\/ -->\n<title>Catering - Luigi Pomata<\/title>\n<meta name=\"robots\" content=\"index, follow, max-snippet:-1, max-image-preview:large, max-video-preview:-1\" \/>\n<link rel=\"canonical\" href=\"https:\/\/luigipomata.com\/fr\/catering\/\" \/>\n<meta property=\"og:locale\" content=\"fr_FR\" \/>\n<meta property=\"og:type\" content=\"article\" \/>\n<meta property=\"og:title\" content=\"Catering - Luigi Pomata\" \/>\n<meta property=\"og:description\" content=\"[vc_row row_content_width=\u00a0\u00bbgrid\u00a0\u00bb][vc_column][vc_column_text] Go\u00fbt et \u00e9l\u00e9gance. Et la grande exp\u00e9rience dans le monde de la restauration. [\/vc_column_text][vc_column_text] Go\u00fbt et \u00e9l\u00e9gance. Et la grande exp\u00e9rience dans le monde de la restauration d&rsquo;un chef comme Luigi Pomata. Notre service de catering sera le [&hellip;]\" \/>\n<meta property=\"og:url\" content=\"https:\/\/luigipomata.com\/fr\/catering\/\" \/>\n<meta property=\"og:site_name\" content=\"Luigi Pomata\" \/>\n<meta property=\"article:modified_time\" content=\"2026-02-23T14:36:54+00:00\" \/>\n<meta name=\"twitter:card\" content=\"summary_large_image\" \/>\n<meta name=\"twitter:label1\" content=\"Dur\u00e9e de lecture estim\u00e9e\" \/>\n\t<meta name=\"twitter:data1\" content=\"2 minutes\" \/>\n<script type=\"application\/ld+json\" class=\"yoast-schema-graph\">{\"@context\":\"https:\\\/\\\/schema.org\",\"@graph\":[{\"@type\":\"WebPage\",\"@id\":\"https:\\\/\\\/luigipomata.com\\\/fr\\\/catering\\\/\",\"url\":\"https:\\\/\\\/luigipomata.com\\\/fr\\\/catering\\\/\",\"name\":\"Catering - Luigi Pomata\",\"isPartOf\":{\"@id\":\"https:\\\/\\\/luigipomata.com\\\/fr\\\/#website\"},\"datePublished\":\"2021-09-23T18:12:22+00:00\",\"dateModified\":\"2026-02-23T14:36:54+00:00\",\"breadcrumb\":{\"@id\":\"https:\\\/\\\/luigipomata.com\\\/fr\\\/catering\\\/#breadcrumb\"},\"inLanguage\":\"fr-FR\",\"potentialAction\":[{\"@type\":\"ReadAction\",\"target\":[\"https:\\\/\\\/luigipomata.com\\\/fr\\\/catering\\\/\"]}]},{\"@type\":\"BreadcrumbList\",\"@id\":\"https:\\\/\\\/luigipomata.com\\\/fr\\\/catering\\\/#breadcrumb\",\"itemListElement\":[{\"@type\":\"ListItem\",\"position\":1,\"name\":\"Home\",\"item\":\"https:\\\/\\\/luigipomata.com\\\/fr\\\/\"},{\"@type\":\"ListItem\",\"position\":2,\"name\":\"Catering\"}]},{\"@type\":\"WebSite\",\"@id\":\"https:\\\/\\\/luigipomata.com\\\/fr\\\/#website\",\"url\":\"https:\\\/\\\/luigipomata.com\\\/fr\\\/\",\"name\":\"Luigi Pomata\",\"description\":\"\",\"publisher\":{\"@id\":\"https:\\\/\\\/luigipomata.com\\\/fr\\\/#organization\"},\"potentialAction\":[{\"@type\":\"SearchAction\",\"target\":{\"@type\":\"EntryPoint\",\"urlTemplate\":\"https:\\\/\\\/luigipomata.com\\\/fr\\\/?s={search_term_string}\"},\"query-input\":{\"@type\":\"PropertyValueSpecification\",\"valueRequired\":true,\"valueName\":\"search_term_string\"}}],\"inLanguage\":\"fr-FR\"},{\"@type\":\"Organization\",\"@id\":\"https:\\\/\\\/luigipomata.com\\\/fr\\\/#organization\",\"name\":\"Luigi Pomata\",\"url\":\"https:\\\/\\\/luigipomata.com\\\/fr\\\/\",\"logo\":{\"@type\":\"ImageObject\",\"inLanguage\":\"fr-FR\",\"@id\":\"https:\\\/\\\/luigipomata.com\\\/fr\\\/#\\\/schema\\\/logo\\\/image\\\/\",\"url\":\"https:\\\/\\\/luigipomata.com\\\/wp-content\\\/uploads\\\/2021\\\/06\\\/luigi-pomata-ristorante.jpg\",\"contentUrl\":\"https:\\\/\\\/luigipomata.com\\\/wp-content\\\/uploads\\\/2021\\\/06\\\/luigi-pomata-ristorante.jpg\",\"width\":415,\"height\":230,\"caption\":\"Luigi Pomata\"},\"image\":{\"@id\":\"https:\\\/\\\/luigipomata.com\\\/fr\\\/#\\\/schema\\\/logo\\\/image\\\/\"}}]}<\/script>\n<!-- \/ Yoast SEO plugin. -->","yoast_head_json":{"title":"Catering - Luigi Pomata","robots":{"index":"index","follow":"follow","max-snippet":"max-snippet:-1","max-image-preview":"max-image-preview:large","max-video-preview":"max-video-preview:-1"},"canonical":"https:\/\/luigipomata.com\/fr\/catering\/","og_locale":"fr_FR","og_type":"article","og_title":"Catering - Luigi Pomata","og_description":"[vc_row row_content_width=\u00a0\u00bbgrid\u00a0\u00bb][vc_column][vc_column_text] Go\u00fbt et \u00e9l\u00e9gance. Et la grande exp\u00e9rience dans le monde de la restauration. [\/vc_column_text][vc_column_text] Go\u00fbt et \u00e9l\u00e9gance. Et la grande exp\u00e9rience dans le monde de la restauration d&rsquo;un chef comme Luigi Pomata. Notre service de catering sera le [&hellip;]","og_url":"https:\/\/luigipomata.com\/fr\/catering\/","og_site_name":"Luigi Pomata","article_modified_time":"2026-02-23T14:36:54+00:00","twitter_card":"summary_large_image","twitter_misc":{"Dur\u00e9e de lecture estim\u00e9e":"2 minutes"},"schema":{"@context":"https:\/\/schema.org","@graph":[{"@type":"WebPage","@id":"https:\/\/luigipomata.com\/fr\/catering\/","url":"https:\/\/luigipomata.com\/fr\/catering\/","name":"Catering - Luigi Pomata","isPartOf":{"@id":"https:\/\/luigipomata.com\/fr\/#website"},"datePublished":"2021-09-23T18:12:22+00:00","dateModified":"2026-02-23T14:36:54+00:00","breadcrumb":{"@id":"https:\/\/luigipomata.com\/fr\/catering\/#breadcrumb"},"inLanguage":"fr-FR","potentialAction":[{"@type":"ReadAction","target":["https:\/\/luigipomata.com\/fr\/catering\/"]}]},{"@type":"BreadcrumbList","@id":"https:\/\/luigipomata.com\/fr\/catering\/#breadcrumb","itemListElement":[{"@type":"ListItem","position":1,"name":"Home","item":"https:\/\/luigipomata.com\/fr\/"},{"@type":"ListItem","position":2,"name":"Catering"}]},{"@type":"WebSite","@id":"https:\/\/luigipomata.com\/fr\/#website","url":"https:\/\/luigipomata.com\/fr\/","name":"Luigi Pomata","description":"","publisher":{"@id":"https:\/\/luigipomata.com\/fr\/#organization"},"potentialAction":[{"@type":"SearchAction","target":{"@type":"EntryPoint","urlTemplate":"https:\/\/luigipomata.com\/fr\/?s={search_term_string}"},"query-input":{"@type":"PropertyValueSpecification","valueRequired":true,"valueName":"search_term_string"}}],"inLanguage":"fr-FR"},{"@type":"Organization","@id":"https:\/\/luigipomata.com\/fr\/#organization","name":"Luigi Pomata","url":"https:\/\/luigipomata.com\/fr\/","logo":{"@type":"ImageObject","inLanguage":"fr-FR","@id":"https:\/\/luigipomata.com\/fr\/#\/schema\/logo\/image\/","url":"https:\/\/luigipomata.com\/wp-content\/uploads\/2021\/06\/luigi-pomata-ristorante.jpg","contentUrl":"https:\/\/luigipomata.com\/wp-content\/uploads\/2021\/06\/luigi-pomata-ristorante.jpg","width":415,"height":230,"caption":"Luigi Pomata"},"image":{"@id":"https:\/\/luigipomata.com\/fr\/#\/schema\/logo\/image\/"}}]}},"_links":{"self":[{"href":"https:\/\/luigipomata.com\/fr\/wp-json\/wp\/v2\/pages\/6359","targetHints":{"allow":["GET"]}}],"collection":[{"href":"https:\/\/luigipomata.com\/fr\/wp-json\/wp\/v2\/pages"}],"about":[{"href":"https:\/\/luigipomata.com\/fr\/wp-json\/wp\/v2\/types\/page"}],"author":[{"embeddable":true,"href":"https:\/\/luigipomata.com\/fr\/wp-json\/wp\/v2\/users\/4"}],"replies":[{"embeddable":true,"href":"https:\/\/luigipomata.com\/fr\/wp-json\/wp\/v2\/comments?post=6359"}],"version-history":[{"count":4,"href":"https:\/\/luigipomata.com\/fr\/wp-json\/wp\/v2\/pages\/6359\/revisions"}],"predecessor-version":[{"id":7213,"href":"https:\/\/luigipomata.com\/fr\/wp-json\/wp\/v2\/pages\/6359\/revisions\/7213"}],"wp:attachment":[{"href":"https:\/\/luigipomata.com\/fr\/wp-json\/wp\/v2\/media?parent=6359"}],"curies":[{"name":"wp","href":"https:\/\/api.w.org\/{rel}","templated":true}]}}