{"id":6401,"date":"2021-12-02T15:56:07","date_gmt":"2021-12-02T14:56:07","guid":{"rendered":"https:\/\/luigipomata.com\/?page_id=6401"},"modified":"2026-02-20T18:22:27","modified_gmt":"2026-02-20T17:22:27","slug":"saveurs-en-couleurs","status":"publish","type":"page","link":"https:\/\/luigipomata.com\/fr\/monde-pomata\/les-publications\/saveurs-en-couleurs\/","title":{"rendered":"Saveurs en couleurs"},"content":{"rendered":"<p>[vc_row row_content_width=\u00a0\u00bbgrid\u00a0\u00bb css=\u00a0\u00bb.vc_custom_1638456365962{margin-top: 45px !important;margin-bottom: 100px !important;}\u00a0\u00bb][vc_column][vc_column_text]<\/p>\n<div style=\"text-align: center;\">\n<div>2017 Arkadia<\/div>\n<div class=\"title-pubblicazione\"><strong>Saveurs en couleurs<\/strong><\/div>\n<div>de Luigi Pomata et Paolo Palumbo<\/div>\n<\/div>\n<p>&nbsp;<\/p>\n<div>\n<div class=\"col-2 ml-auto col-md-1\">\n<p>Saveurs en couleurs est un projet ambitieux n\u00e9 de l\u2019id\u00e9e de Paolo Palumbo et Luigi Pomata, avec la contribution essentielle des photographies de Pierluigi Dess\u00ec. Un parcours \u00e0 travers une s\u00e9rie de recettes qui constituent un livre de cuisine vraiment sp\u00e9cial. Pour la premi\u00e8re fois, en effet, les plats sono pens\u00e9s et cr\u00e9\u00e9s sp\u00e9cialement pour tous ceux qui ne peuvent pas se nourrir de mani\u00e8re naturelle et doivent avoir recours \u00e0 des pur\u00e9es homog\u00e9n\u00e9is\u00e9es ou \u00e0 une sonde. Un recueil de recettes, donc, d\u2019une lecture tr\u00e8s agile mais qui aide au quotidien, surtout ceux qui ont perdu \u2013 malgr\u00e9 eux \u2013 l\u2019habitude du go\u00fbt des aliments et du plaisir de la table. Une exp\u00e9rience qui na\u00eet de la volont\u00e9 d&rsquo;un grand jeune homme, qui a d\u00e9couvert seulement r\u00e9cemment qu&rsquo;il \u00e9tait l&rsquo;un des plus jeunes patients au monde atteint de la SLA. \u00c0 ce jour, rien qu&rsquo;en Italie, 70 000 personnes souffrent de dysphagie \u2013 un handicap qui leur a \u00f4t\u00e9 la possibilit\u00e9 de s&rsquo;alimenter r\u00e9guli\u00e8rement \u2013 et c&rsquo;est \u00e0 eux que Paolo et Luigi ont pens\u00e9 : le premier, cuisinier d\u00e9butant avec beaucoup de passion \u00e0 revendre, le second, chef de renomm\u00e9e internationale. Mais ce livre peut \u00eatre un outil culinaire pr\u00e9cieux m\u00eame pour ceux qui, heureusement, n&rsquo;ont pas \u00e0 faire face \u00e0 des probl\u00e8mes lancinants de nutrition induite. L\u2019important, en effet, est de savoir qu&rsquo;\u00e0 travers l\u2019achat de ce livre, l\u2019int\u00e9gralit\u00e9 des b\u00e9n\u00e9fices du prix de vente sera revers\u00e9e en faveur de la recherche sur la SLA et pour l&rsquo;aide aux familles qui soutiennent les patients atteints de cette maladie et d&rsquo;autres troubles neurod\u00e9g\u00e9n\u00e9ratifs.<\/p>\n<\/div>\n<\/div>\n<div><\/div>\n<div style=\"text-align: center;\"><a itemprop=\"url\" href=\"\" target=\"_self\"  class=\"eltdf-btn eltdf-btn-\u00bbsmall eltdf-btn-\u00bb \u00bb\"  >\n\t<span class=\"eltdf-btn-pattern-holder\" ><\/span>\n    <span class=\"eltdf-btn-text\">\u00bbAchetez<\/span>\n    <\/a>(https:\/\/luigipomata.com\/shop\/sapori-a-colori\/)\u00a0\u00bb target=\u00a0\u00bb_self\u00a0\u00bb color=\u00a0\u00bb\u00a0\u00bb hover_color=\u00a0\u00bb\u00a0\u00bb background_color=\u00a0\u00bb\u00a0\u00bb hover_background_color=\u00a0\u00bb\u00a0\u00bb border_color=\u00a0\u00bb\u00a0\u00bb hover_border_color=\u00a0\u00bb\u00a0\u00bb font_size=\u00a0\u00bb\u00a0\u00bb font_weight=\u00a0\u00bb\u00a0\u00bb margin=\u00a0\u00bb50px\u00a0\u00bb]<\/div>\n<div><\/div>\n<div style=\"text-align: center;\"><\/div>\n<div><\/div>\n<p>[\/vc_column_text][\/vc_column][\/vc_row]<\/p>\n","protected":false},"excerpt":{"rendered":"<p>[vc_row row_content_width=\u00a0\u00bbgrid\u00a0\u00bb css=\u00a0\u00bb.vc_custom_1638456365962{margin-top: 45px !important;margin-bottom: 100px !important;}\u00a0\u00bb][vc_column][vc_column_text] 2017 Arkadia Saveurs en couleurs de Luigi Pomata et Paolo Palumbo &nbsp; Saveurs en couleurs est un projet ambitieux n\u00e9 de l\u2019id\u00e9e de Paolo Palumbo et Luigi Pomata, avec la contribution essentielle des [&hellip;]<\/p>\n","protected":false},"author":4,"featured_media":0,"parent":6387,"menu_order":1,"comment_status":"closed","ping_status":"closed","template":"full-width.php","meta":{"footnotes":""},"class_list":["post-6401","page","type-page","status-publish","hentry"],"yoast_head":"<!-- This site is optimized with the Yoast SEO plugin v27.3 - https:\/\/yoast.com\/product\/yoast-seo-wordpress\/ -->\n<title>Saveurs en couleurs - Luigi Pomata<\/title>\n<meta name=\"robots\" content=\"index, follow, max-snippet:-1, max-image-preview:large, max-video-preview:-1\" \/>\n<link rel=\"canonical\" href=\"https:\/\/luigipomata.com\/fr\/monde-pomata\/les-publications\/saveurs-en-couleurs\/\" \/>\n<meta property=\"og:locale\" content=\"fr_FR\" \/>\n<meta property=\"og:type\" content=\"article\" \/>\n<meta property=\"og:title\" content=\"Saveurs en couleurs - Luigi Pomata\" \/>\n<meta property=\"og:description\" content=\"[vc_row row_content_width=\u00a0\u00bbgrid\u00a0\u00bb css=\u00a0\u00bb.vc_custom_1638456365962{margin-top: 45px !important;margin-bottom: 100px !important;}\u00a0\u00bb][vc_column][vc_column_text] 2017 Arkadia Saveurs en couleurs de Luigi Pomata et Paolo Palumbo &nbsp; Saveurs en couleurs est un projet ambitieux n\u00e9 de l\u2019id\u00e9e de Paolo Palumbo et Luigi Pomata, avec la contribution essentielle des [&hellip;]\" \/>\n<meta property=\"og:url\" content=\"https:\/\/luigipomata.com\/fr\/monde-pomata\/les-publications\/saveurs-en-couleurs\/\" \/>\n<meta property=\"og:site_name\" content=\"Luigi Pomata\" \/>\n<meta property=\"article:modified_time\" content=\"2026-02-20T17:22:27+00:00\" \/>\n<meta name=\"twitter:card\" content=\"summary_large_image\" \/>\n<meta name=\"twitter:label1\" content=\"Dur\u00e9e de lecture estim\u00e9e\" \/>\n\t<meta name=\"twitter:data1\" content=\"2 minutes\" \/>\n<script type=\"application\/ld+json\" class=\"yoast-schema-graph\">{\"@context\":\"https:\\\/\\\/schema.org\",\"@graph\":[{\"@type\":\"WebPage\",\"@id\":\"https:\\\/\\\/luigipomata.com\\\/fr\\\/monde-pomata\\\/les-publications\\\/saveurs-en-couleurs\\\/\",\"url\":\"https:\\\/\\\/luigipomata.com\\\/fr\\\/monde-pomata\\\/les-publications\\\/saveurs-en-couleurs\\\/\",\"name\":\"Saveurs en couleurs - Luigi Pomata\",\"isPartOf\":{\"@id\":\"https:\\\/\\\/luigipomata.com\\\/fr\\\/#website\"},\"datePublished\":\"2021-12-02T14:56:07+00:00\",\"dateModified\":\"2026-02-20T17:22:27+00:00\",\"breadcrumb\":{\"@id\":\"https:\\\/\\\/luigipomata.com\\\/fr\\\/monde-pomata\\\/les-publications\\\/saveurs-en-couleurs\\\/#breadcrumb\"},\"inLanguage\":\"fr-FR\",\"potentialAction\":[{\"@type\":\"ReadAction\",\"target\":[\"https:\\\/\\\/luigipomata.com\\\/fr\\\/monde-pomata\\\/les-publications\\\/saveurs-en-couleurs\\\/\"]}]},{\"@type\":\"BreadcrumbList\",\"@id\":\"https:\\\/\\\/luigipomata.com\\\/fr\\\/monde-pomata\\\/les-publications\\\/saveurs-en-couleurs\\\/#breadcrumb\",\"itemListElement\":[{\"@type\":\"ListItem\",\"position\":1,\"name\":\"Home\",\"item\":\"https:\\\/\\\/luigipomata.com\\\/fr\\\/\"},{\"@type\":\"ListItem\",\"position\":2,\"name\":\"Monde Pomata\",\"item\":\"https:\\\/\\\/luigipomata.com\\\/fr\\\/monde-pomata\\\/\"},{\"@type\":\"ListItem\",\"position\":3,\"name\":\"Les Publications\",\"item\":\"https:\\\/\\\/luigipomata.com\\\/fr\\\/monde-pomata\\\/les-publications\\\/\"},{\"@type\":\"ListItem\",\"position\":4,\"name\":\"Saveurs en couleurs\"}]},{\"@type\":\"WebSite\",\"@id\":\"https:\\\/\\\/luigipomata.com\\\/fr\\\/#website\",\"url\":\"https:\\\/\\\/luigipomata.com\\\/fr\\\/\",\"name\":\"Luigi Pomata\",\"description\":\"\",\"publisher\":{\"@id\":\"https:\\\/\\\/luigipomata.com\\\/fr\\\/#organization\"},\"potentialAction\":[{\"@type\":\"SearchAction\",\"target\":{\"@type\":\"EntryPoint\",\"urlTemplate\":\"https:\\\/\\\/luigipomata.com\\\/fr\\\/?s={search_term_string}\"},\"query-input\":{\"@type\":\"PropertyValueSpecification\",\"valueRequired\":true,\"valueName\":\"search_term_string\"}}],\"inLanguage\":\"fr-FR\"},{\"@type\":\"Organization\",\"@id\":\"https:\\\/\\\/luigipomata.com\\\/fr\\\/#organization\",\"name\":\"Luigi Pomata\",\"url\":\"https:\\\/\\\/luigipomata.com\\\/fr\\\/\",\"logo\":{\"@type\":\"ImageObject\",\"inLanguage\":\"fr-FR\",\"@id\":\"https:\\\/\\\/luigipomata.com\\\/fr\\\/#\\\/schema\\\/logo\\\/image\\\/\",\"url\":\"https:\\\/\\\/luigipomata.com\\\/wp-content\\\/uploads\\\/2021\\\/06\\\/luigi-pomata-ristorante.jpg\",\"contentUrl\":\"https:\\\/\\\/luigipomata.com\\\/wp-content\\\/uploads\\\/2021\\\/06\\\/luigi-pomata-ristorante.jpg\",\"width\":415,\"height\":230,\"caption\":\"Luigi Pomata\"},\"image\":{\"@id\":\"https:\\\/\\\/luigipomata.com\\\/fr\\\/#\\\/schema\\\/logo\\\/image\\\/\"}}]}<\/script>\n<!-- \/ Yoast SEO plugin. -->","yoast_head_json":{"title":"Saveurs en couleurs - Luigi Pomata","robots":{"index":"index","follow":"follow","max-snippet":"max-snippet:-1","max-image-preview":"max-image-preview:large","max-video-preview":"max-video-preview:-1"},"canonical":"https:\/\/luigipomata.com\/fr\/monde-pomata\/les-publications\/saveurs-en-couleurs\/","og_locale":"fr_FR","og_type":"article","og_title":"Saveurs en couleurs - Luigi Pomata","og_description":"[vc_row row_content_width=\u00a0\u00bbgrid\u00a0\u00bb css=\u00a0\u00bb.vc_custom_1638456365962{margin-top: 45px !important;margin-bottom: 100px !important;}\u00a0\u00bb][vc_column][vc_column_text] 2017 Arkadia Saveurs en couleurs de Luigi Pomata et Paolo Palumbo &nbsp; Saveurs en couleurs est un projet ambitieux n\u00e9 de l\u2019id\u00e9e de Paolo Palumbo et Luigi Pomata, avec la contribution essentielle des [&hellip;]","og_url":"https:\/\/luigipomata.com\/fr\/monde-pomata\/les-publications\/saveurs-en-couleurs\/","og_site_name":"Luigi Pomata","article_modified_time":"2026-02-20T17:22:27+00:00","twitter_card":"summary_large_image","twitter_misc":{"Dur\u00e9e de lecture estim\u00e9e":"2 minutes"},"schema":{"@context":"https:\/\/schema.org","@graph":[{"@type":"WebPage","@id":"https:\/\/luigipomata.com\/fr\/monde-pomata\/les-publications\/saveurs-en-couleurs\/","url":"https:\/\/luigipomata.com\/fr\/monde-pomata\/les-publications\/saveurs-en-couleurs\/","name":"Saveurs en couleurs - Luigi Pomata","isPartOf":{"@id":"https:\/\/luigipomata.com\/fr\/#website"},"datePublished":"2021-12-02T14:56:07+00:00","dateModified":"2026-02-20T17:22:27+00:00","breadcrumb":{"@id":"https:\/\/luigipomata.com\/fr\/monde-pomata\/les-publications\/saveurs-en-couleurs\/#breadcrumb"},"inLanguage":"fr-FR","potentialAction":[{"@type":"ReadAction","target":["https:\/\/luigipomata.com\/fr\/monde-pomata\/les-publications\/saveurs-en-couleurs\/"]}]},{"@type":"BreadcrumbList","@id":"https:\/\/luigipomata.com\/fr\/monde-pomata\/les-publications\/saveurs-en-couleurs\/#breadcrumb","itemListElement":[{"@type":"ListItem","position":1,"name":"Home","item":"https:\/\/luigipomata.com\/fr\/"},{"@type":"ListItem","position":2,"name":"Monde Pomata","item":"https:\/\/luigipomata.com\/fr\/monde-pomata\/"},{"@type":"ListItem","position":3,"name":"Les Publications","item":"https:\/\/luigipomata.com\/fr\/monde-pomata\/les-publications\/"},{"@type":"ListItem","position":4,"name":"Saveurs en couleurs"}]},{"@type":"WebSite","@id":"https:\/\/luigipomata.com\/fr\/#website","url":"https:\/\/luigipomata.com\/fr\/","name":"Luigi Pomata","description":"","publisher":{"@id":"https:\/\/luigipomata.com\/fr\/#organization"},"potentialAction":[{"@type":"SearchAction","target":{"@type":"EntryPoint","urlTemplate":"https:\/\/luigipomata.com\/fr\/?s={search_term_string}"},"query-input":{"@type":"PropertyValueSpecification","valueRequired":true,"valueName":"search_term_string"}}],"inLanguage":"fr-FR"},{"@type":"Organization","@id":"https:\/\/luigipomata.com\/fr\/#organization","name":"Luigi Pomata","url":"https:\/\/luigipomata.com\/fr\/","logo":{"@type":"ImageObject","inLanguage":"fr-FR","@id":"https:\/\/luigipomata.com\/fr\/#\/schema\/logo\/image\/","url":"https:\/\/luigipomata.com\/wp-content\/uploads\/2021\/06\/luigi-pomata-ristorante.jpg","contentUrl":"https:\/\/luigipomata.com\/wp-content\/uploads\/2021\/06\/luigi-pomata-ristorante.jpg","width":415,"height":230,"caption":"Luigi Pomata"},"image":{"@id":"https:\/\/luigipomata.com\/fr\/#\/schema\/logo\/image\/"}}]}},"_links":{"self":[{"href":"https:\/\/luigipomata.com\/fr\/wp-json\/wp\/v2\/pages\/6401","targetHints":{"allow":["GET"]}}],"collection":[{"href":"https:\/\/luigipomata.com\/fr\/wp-json\/wp\/v2\/pages"}],"about":[{"href":"https:\/\/luigipomata.com\/fr\/wp-json\/wp\/v2\/types\/page"}],"author":[{"embeddable":true,"href":"https:\/\/luigipomata.com\/fr\/wp-json\/wp\/v2\/users\/4"}],"replies":[{"embeddable":true,"href":"https:\/\/luigipomata.com\/fr\/wp-json\/wp\/v2\/comments?post=6401"}],"version-history":[{"count":3,"href":"https:\/\/luigipomata.com\/fr\/wp-json\/wp\/v2\/pages\/6401\/revisions"}],"predecessor-version":[{"id":7096,"href":"https:\/\/luigipomata.com\/fr\/wp-json\/wp\/v2\/pages\/6401\/revisions\/7096"}],"up":[{"embeddable":true,"href":"https:\/\/luigipomata.com\/fr\/wp-json\/wp\/v2\/pages\/6387"}],"wp:attachment":[{"href":"https:\/\/luigipomata.com\/fr\/wp-json\/wp\/v2\/media?parent=6401"}],"curies":[{"name":"wp","href":"https:\/\/api.w.org\/{rel}","templated":true}]}}