{"id":6432,"date":"2021-06-25T10:09:54","date_gmt":"2021-06-25T08:09:54","guid":{"rendered":"https:\/\/luigipomata.com\/?page_id=6432"},"modified":"2026-02-24T12:23:17","modified_gmt":"2026-02-24T11:23:17","slug":"les-recettes","status":"publish","type":"page","link":"https:\/\/luigipomata.com\/fr\/monde-pomata\/les-recettes\/","title":{"rendered":"Les Recettes"},"content":{"rendered":"<p>[vc_row row_content_width=\u00a0\u00bbgrid\u00a0\u00bb][vc_column][vc_column_text]<\/p>\n<blockquote>\n<p>J&rsquo;aime la cuisine traditionnelle du terroir et je la \u00ab\u00a0traite\u00a0\u00bb avec une pinc\u00e9e de folie mais, j&rsquo;esp\u00e8re, sans jamais exag\u00e9rer.<\/p>\n<\/blockquote>\n<p>[\/vc_column_text][vc_tta_tabs alignment=\u00a0\u00bbcenter\u00a0\u00bb active_section=\u00a0\u00bb1&Prime;][vc_tta_section title=\u00a0\u00bbHORS-D&rsquo;OEUVRE\u00a0\u00bb tab_id=\u00a0\u00bbtab-antipasti\u00a0\u00bb][vc_single_image image=\u00a0\u00bb6423&Prime; img_size=\u00a0\u00bbfull\u00a0\u00bb add_caption=\u00a0\u00bbyes\u00a0\u00bb alignment=\u00a0\u00bbcenter\u00a0\u00bb onclick=\u00a0\u00bbcustom_link\u00a0\u00bb title=\u00a0\u00bbTARTARE DE THON ROUGE SUR CREME DE MOZZARELLA DE BUFFLONNE ET CAPRES\u00a0\u00bb el_class=\u00a0\u00bbimg-ricette\u00a0\u00bb css=\u00a0\u00bb.vc_custom_1771931897403{margin-bottom: 50px !important;}\u00a0\u00bb link=\u00a0\u00bbhttps:\/\/luigipomata.com\/fr\/monde-pomata\/les-recettes\/tartare-de-thon-rouge-sur-creme-de-mozzarella-de-bufflonne-et-capres\/\u00a0\u00bb][vc_single_image image=\u00a0\u00bb6424&Prime; img_size=\u00a0\u00bbfull\u00a0\u00bb alignment=\u00a0\u00bbcenter\u00a0\u00bb onclick=\u00a0\u00bbcustom_link\u00a0\u00bb title=\u00a0\u00bbSORGHO, MOULES ET PESTO DE BASILIC\u00a0\u00bb el_class=\u00a0\u00bbimg-ricette\u00a0\u00bb css=\u00a0\u00bb.vc_custom_1771931939810{margin-bottom: 50px !important;}\u00a0\u00bb link=\u00a0\u00bbhttps:\/\/luigipomata.com\/fr\/monde-pomata\/les-recettes\/sorgho-moules-et-pesto-de-basilic\/\u00a0\u00bb][vc_single_image image=\u00a0\u00bb6425&Prime; img_size=\u00a0\u00bbfull\u00a0\u00bb alignment=\u00a0\u00bbcenter\u00a0\u00bb onclick=\u00a0\u00bbcustom_link\u00a0\u00bb title=\u00a0\u00bbBROCOLI, CREVETTES ET SAUCE AUX AGRUMES\u00a0\u00bb el_class=\u00a0\u00bbimg-ricette\u00a0\u00bb css=\u00a0\u00bb.vc_custom_1771931968231{margin-bottom: 50px !important;}\u00a0\u00bb link=\u00a0\u00bbhttps:\/\/luigipomata.com\/fr\/monde-pomata\/les-recettes\/brocoli-crevettes-et-sauce-aux-agrumes\/\u00a0\u00bb][\/vc_tta_section][vc_tta_section title=\u00a0\u00bbPREMIERS PLATS\u00a0\u00bb tab_id=\u00a0\u00bbtab-primi\u00a0\u00bb][vc_single_image image=\u00a0\u00bb6426&Prime; img_size=\u00a0\u00bbfull\u00a0\u00bb add_caption=\u00a0\u00bbyes\u00a0\u00bb alignment=\u00a0\u00bbcenter\u00a0\u00bb onclick=\u00a0\u00bbcustom_link\u00a0\u00bb title=\u00a0\u00bbPATES AU FARRO AUX TROIS TOMATES, BASILIC ET AMANDES\u00a0\u00bb el_class=\u00a0\u00bbimg-ricette\u00a0\u00bb css=\u00a0\u00bb.vc_custom_1771932004017{margin-bottom: 50px !important;}\u00a0\u00bb link=\u00a0\u00bbhttps:\/\/luigipomata.com\/fr\/monde-pomata\/les-recettes\/pates-au-farro-aux-trois-tomates-basilic-et-amandes\/\u00a0\u00bb][vc_single_image image=\u00a0\u00bb6427&Prime; img_size=\u00a0\u00bbfull\u00a0\u00bb add_caption=\u00a0\u00bbyes\u00a0\u00bb alignment=\u00a0\u00bbcenter\u00a0\u00bb onclick=\u00a0\u00bbcustom_link\u00a0\u00bb title=\u00a0\u00bbTORTELLONI NOIRS AVEC BOURRACHE, GORGONZOLA ET NOIX\u00a0\u00bb el_class=\u00a0\u00bbimg-ricette\u00a0\u00bb css=\u00a0\u00bb.vc_custom_1771932026947{margin-bottom: 50px !important;}\u00a0\u00bb link=\u00a0\u00bbhttps:\/\/luigipomata.com\/fr\/monde-pomata\/les-recettes\/tortelloni-noirs-avec-bourrache-gorgonzola-et-noix\/\u00a0\u00bb][\/vc_tta_section][vc_tta_section title=\u00a0\u00bbSECONDS PLATS\u00a0\u00bb tab_id=\u00a0\u00bbtab-secondi\u00a0\u00bb][vc_single_image image=\u00a0\u00bb6428&Prime; img_size=\u00a0\u00bbfull\u00a0\u00bb add_caption=\u00a0\u00bbyes\u00a0\u00bb alignment=\u00a0\u00bbcenter\u00a0\u00bb onclick=\u00a0\u00bbcustom_link\u00a0\u00bb title=\u00a0\u00bbESPADON A LA MOUTARDE\u00a0\u00bb el_class=\u00a0\u00bbimg-ricette\u00a0\u00bb css=\u00a0\u00bb.vc_custom_1771932089763{margin-bottom: 50px !important;}\u00a0\u00bb link=\u00a0\u00bbhttps:\/\/luigipomata.com\/fr\/monde-pomata\/les-recettes\/espadon-a-la-moutarde\/\u00a0\u00bb][vc_single_image image=\u00a0\u00bb6429&Prime; img_size=\u00a0\u00bbfull\u00a0\u00bb add_caption=\u00a0\u00bbyes\u00a0\u00bb alignment=\u00a0\u00bbcenter\u00a0\u00bb onclick=\u00a0\u00bbcustom_link\u00a0\u00bb title=\u00a0\u00bbCALAMAR ET SON ENCRE ACCOMPAGNE D&rsquo;AUBERGINES FUMEES\u00a0\u00bb el_class=\u00a0\u00bbimg-ricette\u00a0\u00bb css=\u00a0\u00bb.vc_custom_1771932135378{margin-bottom: 50px !important;}\u00a0\u00bb link=\u00a0\u00bbhttps:\/\/luigipomata.com\/fr\/monde-pomata\/les-recettes\/calamar-et-son-encre-accompagne-daubergines-fumees\/\u00a0\u00bb][\/vc_tta_section][vc_tta_section title=\u00a0\u00bbDESSERTS\u00a0\u00bb tab_id=\u00a0\u00bbtab-dessert\u00a0\u00bb][vc_single_image image=\u00a0\u00bb6430&Prime; img_size=\u00a0\u00bbfull\u00a0\u00bb add_caption=\u00a0\u00bbyes\u00a0\u00bb alignment=\u00a0\u00bbcenter\u00a0\u00bb onclick=\u00a0\u00bbcustom_link\u00a0\u00bb title=\u00a0\u00bbPANNA COTTA A LA PISTACHE\u00a0\u00bb el_class=\u00a0\u00bbimg-ricette\u00a0\u00bb css=\u00a0\u00bb.vc_custom_1771932165387{margin-bottom: 50px !important;}\u00a0\u00bb link=\u00a0\u00bbhttps:\/\/luigipomata.com\/fr\/monde-pomata\/les-recettes\/panna-cotta-a-la-pistache\/\u00a0\u00bb][vc_single_image image=\u00a0\u00bb6431&Prime; img_size=\u00a0\u00bbfull\u00a0\u00bb add_caption=\u00a0\u00bbyes\u00a0\u00bb alignment=\u00a0\u00bbcenter\u00a0\u00bb onclick=\u00a0\u00bbcustom_link\u00a0\u00bb title=\u00a0\u00bbMILLE-FEUILLE CREME VANILLE ET FRUITS DES BOIS\u00a0\u00bb el_class=\u00a0\u00bbimg-ricette\u00a0\u00bb css=\u00a0\u00bb.vc_custom_1771932187590{margin-bottom: 50px !important;}\u00a0\u00bb link=\u00a0\u00bbhttps:\/\/luigipomata.com\/fr\/monde-pomata\/les-recettes\/mille-feuille-creme-vanille-et-fruits-des-bois\/\u00a0\u00bb][\/vc_tta_section][\/vc_tta_tabs][\/vc_column][\/vc_row]<\/p>\n","protected":false},"excerpt":{"rendered":"<p>[vc_row row_content_width=\u00a0\u00bbgrid\u00a0\u00bb][vc_column][vc_column_text] J&rsquo;aime la cuisine traditionnelle du terroir et je la \u00ab\u00a0traite\u00a0\u00bb avec une pinc\u00e9e de folie mais, j&rsquo;esp\u00e8re, sans jamais exag\u00e9rer. [\/vc_column_text][vc_tta_tabs alignment=\u00a0\u00bbcenter\u00a0\u00bb active_section=\u00a0\u00bb1&Prime;][vc_tta_section title=\u00a0\u00bbHORS-D&rsquo;OEUVRE\u00a0\u00bb tab_id=\u00a0\u00bbtab-antipasti\u00a0\u00bb][vc_single_image image=\u00a0\u00bb6423&Prime; img_size=\u00a0\u00bbfull\u00a0\u00bb add_caption=\u00a0\u00bbyes\u00a0\u00bb alignment=\u00a0\u00bbcenter\u00a0\u00bb onclick=\u00a0\u00bbcustom_link\u00a0\u00bb title=\u00a0\u00bbTARTARE DE THON ROUGE SUR CREME DE MOZZARELLA [&hellip;]<\/p>\n","protected":false},"author":4,"featured_media":0,"parent":6368,"menu_order":1,"comment_status":"closed","ping_status":"closed","template":"full-width.php","meta":{"footnotes":""},"class_list":["post-6432","page","type-page","status-publish","hentry"],"yoast_head":"<!-- This site is optimized with the Yoast SEO plugin v27.3 - https:\/\/yoast.com\/product\/yoast-seo-wordpress\/ -->\n<title>Les Recettes - Luigi Pomata<\/title>\n<meta name=\"robots\" content=\"index, follow, max-snippet:-1, max-image-preview:large, max-video-preview:-1\" \/>\n<link rel=\"canonical\" href=\"https:\/\/luigipomata.com\/fr\/monde-pomata\/les-recettes\/\" \/>\n<meta property=\"og:locale\" content=\"fr_FR\" \/>\n<meta property=\"og:type\" content=\"article\" \/>\n<meta property=\"og:title\" content=\"Les Recettes - Luigi Pomata\" \/>\n<meta property=\"og:description\" content=\"[vc_row row_content_width=\u00a0\u00bbgrid\u00a0\u00bb][vc_column][vc_column_text] J&rsquo;aime la cuisine traditionnelle du terroir et je la \u00ab\u00a0traite\u00a0\u00bb avec une pinc\u00e9e de folie mais, j&rsquo;esp\u00e8re, sans jamais exag\u00e9rer. [\/vc_column_text][vc_tta_tabs alignment=\u00a0\u00bbcenter\u00a0\u00bb active_section=\u00a0\u00bb1&Prime;][vc_tta_section title=\u00a0\u00bbHORS-D&rsquo;OEUVRE\u00a0\u00bb tab_id=\u00a0\u00bbtab-antipasti\u00a0\u00bb][vc_single_image image=\u00a0\u00bb6423&Prime; img_size=\u00a0\u00bbfull\u00a0\u00bb add_caption=\u00a0\u00bbyes\u00a0\u00bb alignment=\u00a0\u00bbcenter\u00a0\u00bb onclick=\u00a0\u00bbcustom_link\u00a0\u00bb title=\u00a0\u00bbTARTARE DE THON ROUGE SUR CREME DE MOZZARELLA [&hellip;]\" \/>\n<meta property=\"og:url\" content=\"https:\/\/luigipomata.com\/fr\/monde-pomata\/les-recettes\/\" \/>\n<meta property=\"og:site_name\" content=\"Luigi Pomata\" \/>\n<meta property=\"article:modified_time\" content=\"2026-02-24T11:23:17+00:00\" \/>\n<meta name=\"twitter:card\" content=\"summary_large_image\" \/>\n<meta name=\"twitter:label1\" content=\"Dur\u00e9e de lecture estim\u00e9e\" \/>\n\t<meta name=\"twitter:data1\" content=\"1 minute\" \/>\n<script type=\"application\/ld+json\" class=\"yoast-schema-graph\">{\"@context\":\"https:\\\/\\\/schema.org\",\"@graph\":[{\"@type\":\"WebPage\",\"@id\":\"https:\\\/\\\/luigipomata.com\\\/fr\\\/monde-pomata\\\/les-recettes\\\/\",\"url\":\"https:\\\/\\\/luigipomata.com\\\/fr\\\/monde-pomata\\\/les-recettes\\\/\",\"name\":\"Les Recettes - Luigi Pomata\",\"isPartOf\":{\"@id\":\"https:\\\/\\\/luigipomata.com\\\/fr\\\/#website\"},\"datePublished\":\"2021-06-25T08:09:54+00:00\",\"dateModified\":\"2026-02-24T11:23:17+00:00\",\"breadcrumb\":{\"@id\":\"https:\\\/\\\/luigipomata.com\\\/fr\\\/monde-pomata\\\/les-recettes\\\/#breadcrumb\"},\"inLanguage\":\"fr-FR\",\"potentialAction\":[{\"@type\":\"ReadAction\",\"target\":[\"https:\\\/\\\/luigipomata.com\\\/fr\\\/monde-pomata\\\/les-recettes\\\/\"]}]},{\"@type\":\"BreadcrumbList\",\"@id\":\"https:\\\/\\\/luigipomata.com\\\/fr\\\/monde-pomata\\\/les-recettes\\\/#breadcrumb\",\"itemListElement\":[{\"@type\":\"ListItem\",\"position\":1,\"name\":\"Home\",\"item\":\"https:\\\/\\\/luigipomata.com\\\/fr\\\/\"},{\"@type\":\"ListItem\",\"position\":2,\"name\":\"Monde Pomata\",\"item\":\"https:\\\/\\\/luigipomata.com\\\/fr\\\/monde-pomata\\\/\"},{\"@type\":\"ListItem\",\"position\":3,\"name\":\"Les Recettes\"}]},{\"@type\":\"WebSite\",\"@id\":\"https:\\\/\\\/luigipomata.com\\\/fr\\\/#website\",\"url\":\"https:\\\/\\\/luigipomata.com\\\/fr\\\/\",\"name\":\"Luigi Pomata\",\"description\":\"\",\"publisher\":{\"@id\":\"https:\\\/\\\/luigipomata.com\\\/fr\\\/#organization\"},\"potentialAction\":[{\"@type\":\"SearchAction\",\"target\":{\"@type\":\"EntryPoint\",\"urlTemplate\":\"https:\\\/\\\/luigipomata.com\\\/fr\\\/?s={search_term_string}\"},\"query-input\":{\"@type\":\"PropertyValueSpecification\",\"valueRequired\":true,\"valueName\":\"search_term_string\"}}],\"inLanguage\":\"fr-FR\"},{\"@type\":\"Organization\",\"@id\":\"https:\\\/\\\/luigipomata.com\\\/fr\\\/#organization\",\"name\":\"Luigi Pomata\",\"url\":\"https:\\\/\\\/luigipomata.com\\\/fr\\\/\",\"logo\":{\"@type\":\"ImageObject\",\"inLanguage\":\"fr-FR\",\"@id\":\"https:\\\/\\\/luigipomata.com\\\/fr\\\/#\\\/schema\\\/logo\\\/image\\\/\",\"url\":\"https:\\\/\\\/luigipomata.com\\\/wp-content\\\/uploads\\\/2021\\\/06\\\/luigi-pomata-ristorante.jpg\",\"contentUrl\":\"https:\\\/\\\/luigipomata.com\\\/wp-content\\\/uploads\\\/2021\\\/06\\\/luigi-pomata-ristorante.jpg\",\"width\":415,\"height\":230,\"caption\":\"Luigi Pomata\"},\"image\":{\"@id\":\"https:\\\/\\\/luigipomata.com\\\/fr\\\/#\\\/schema\\\/logo\\\/image\\\/\"}}]}<\/script>\n<!-- \/ Yoast SEO plugin. -->","yoast_head_json":{"title":"Les Recettes - Luigi Pomata","robots":{"index":"index","follow":"follow","max-snippet":"max-snippet:-1","max-image-preview":"max-image-preview:large","max-video-preview":"max-video-preview:-1"},"canonical":"https:\/\/luigipomata.com\/fr\/monde-pomata\/les-recettes\/","og_locale":"fr_FR","og_type":"article","og_title":"Les Recettes - Luigi Pomata","og_description":"[vc_row row_content_width=\u00a0\u00bbgrid\u00a0\u00bb][vc_column][vc_column_text] J&rsquo;aime la cuisine traditionnelle du terroir et je la \u00ab\u00a0traite\u00a0\u00bb avec une pinc\u00e9e de folie mais, j&rsquo;esp\u00e8re, sans jamais exag\u00e9rer. [\/vc_column_text][vc_tta_tabs alignment=\u00a0\u00bbcenter\u00a0\u00bb active_section=\u00a0\u00bb1&Prime;][vc_tta_section title=\u00a0\u00bbHORS-D&rsquo;OEUVRE\u00a0\u00bb tab_id=\u00a0\u00bbtab-antipasti\u00a0\u00bb][vc_single_image image=\u00a0\u00bb6423&Prime; img_size=\u00a0\u00bbfull\u00a0\u00bb add_caption=\u00a0\u00bbyes\u00a0\u00bb alignment=\u00a0\u00bbcenter\u00a0\u00bb onclick=\u00a0\u00bbcustom_link\u00a0\u00bb title=\u00a0\u00bbTARTARE DE THON ROUGE SUR CREME DE MOZZARELLA [&hellip;]","og_url":"https:\/\/luigipomata.com\/fr\/monde-pomata\/les-recettes\/","og_site_name":"Luigi Pomata","article_modified_time":"2026-02-24T11:23:17+00:00","twitter_card":"summary_large_image","twitter_misc":{"Dur\u00e9e de lecture estim\u00e9e":"1 minute"},"schema":{"@context":"https:\/\/schema.org","@graph":[{"@type":"WebPage","@id":"https:\/\/luigipomata.com\/fr\/monde-pomata\/les-recettes\/","url":"https:\/\/luigipomata.com\/fr\/monde-pomata\/les-recettes\/","name":"Les Recettes - Luigi Pomata","isPartOf":{"@id":"https:\/\/luigipomata.com\/fr\/#website"},"datePublished":"2021-06-25T08:09:54+00:00","dateModified":"2026-02-24T11:23:17+00:00","breadcrumb":{"@id":"https:\/\/luigipomata.com\/fr\/monde-pomata\/les-recettes\/#breadcrumb"},"inLanguage":"fr-FR","potentialAction":[{"@type":"ReadAction","target":["https:\/\/luigipomata.com\/fr\/monde-pomata\/les-recettes\/"]}]},{"@type":"BreadcrumbList","@id":"https:\/\/luigipomata.com\/fr\/monde-pomata\/les-recettes\/#breadcrumb","itemListElement":[{"@type":"ListItem","position":1,"name":"Home","item":"https:\/\/luigipomata.com\/fr\/"},{"@type":"ListItem","position":2,"name":"Monde Pomata","item":"https:\/\/luigipomata.com\/fr\/monde-pomata\/"},{"@type":"ListItem","position":3,"name":"Les Recettes"}]},{"@type":"WebSite","@id":"https:\/\/luigipomata.com\/fr\/#website","url":"https:\/\/luigipomata.com\/fr\/","name":"Luigi Pomata","description":"","publisher":{"@id":"https:\/\/luigipomata.com\/fr\/#organization"},"potentialAction":[{"@type":"SearchAction","target":{"@type":"EntryPoint","urlTemplate":"https:\/\/luigipomata.com\/fr\/?s={search_term_string}"},"query-input":{"@type":"PropertyValueSpecification","valueRequired":true,"valueName":"search_term_string"}}],"inLanguage":"fr-FR"},{"@type":"Organization","@id":"https:\/\/luigipomata.com\/fr\/#organization","name":"Luigi Pomata","url":"https:\/\/luigipomata.com\/fr\/","logo":{"@type":"ImageObject","inLanguage":"fr-FR","@id":"https:\/\/luigipomata.com\/fr\/#\/schema\/logo\/image\/","url":"https:\/\/luigipomata.com\/wp-content\/uploads\/2021\/06\/luigi-pomata-ristorante.jpg","contentUrl":"https:\/\/luigipomata.com\/wp-content\/uploads\/2021\/06\/luigi-pomata-ristorante.jpg","width":415,"height":230,"caption":"Luigi Pomata"},"image":{"@id":"https:\/\/luigipomata.com\/fr\/#\/schema\/logo\/image\/"}}]}},"_links":{"self":[{"href":"https:\/\/luigipomata.com\/fr\/wp-json\/wp\/v2\/pages\/6432","targetHints":{"allow":["GET"]}}],"collection":[{"href":"https:\/\/luigipomata.com\/fr\/wp-json\/wp\/v2\/pages"}],"about":[{"href":"https:\/\/luigipomata.com\/fr\/wp-json\/wp\/v2\/types\/page"}],"author":[{"embeddable":true,"href":"https:\/\/luigipomata.com\/fr\/wp-json\/wp\/v2\/users\/4"}],"replies":[{"embeddable":true,"href":"https:\/\/luigipomata.com\/fr\/wp-json\/wp\/v2\/comments?post=6432"}],"version-history":[{"count":7,"href":"https:\/\/luigipomata.com\/fr\/wp-json\/wp\/v2\/pages\/6432\/revisions"}],"predecessor-version":[{"id":7260,"href":"https:\/\/luigipomata.com\/fr\/wp-json\/wp\/v2\/pages\/6432\/revisions\/7260"}],"up":[{"embeddable":true,"href":"https:\/\/luigipomata.com\/fr\/wp-json\/wp\/v2\/pages\/6368"}],"wp:attachment":[{"href":"https:\/\/luigipomata.com\/fr\/wp-json\/wp\/v2\/media?parent=6432"}],"curies":[{"name":"wp","href":"https:\/\/api.w.org\/{rel}","templated":true}]}}