{"id":6499,"date":"2021-09-22T11:18:40","date_gmt":"2021-09-22T09:18:40","guid":{"rendered":"https:\/\/luigipomata.com\/?page_id=6499"},"modified":"2026-02-24T12:39:09","modified_gmt":"2026-02-24T11:39:09","slug":"tartare-de-thon-rouge-sur-creme-de-mozzarella-de-bufflonne-et-capres","status":"publish","type":"page","link":"https:\/\/luigipomata.com\/fr\/monde-pomata\/les-recettes\/tartare-de-thon-rouge-sur-creme-de-mozzarella-de-bufflonne-et-capres\/","title":{"rendered":"TARTARE DE THON ROUGE SUR CREME DE MOZZARELLA DE BUFFLONNE ET CAPRES"},"content":{"rendered":"<p>[vc_row row_content_width=\u00a0\u00bbgrid\u00a0\u00bb css=\u00a0\u00bb.vc_custom_1632304095300{margin-top: 35px !important;margin-bottom: 35px !important;}\u00a0\u00bb][vc_column width=\u00a0\u00bb1\/2&Prime;][vc_single_image image=\u00a0\u00bb6498&Prime; img_size=\u00a0\u00bbfull\u00a0\u00bb][\/vc_column][vc_column width=\u00a0\u00bb1\/2&Prime;]<div class=\"eltdf-section-title-holder title-ricette-sez eltdf-st-standard eltdf-st-title-left eltdf-st-normal-space \" >\n\t<div class=\"eltdf-st-inner\">\n\t\t\t\t\t<h3 class=\"eltdf-st-title\" >\n\t\t\t\tUSTENSILES\t\t\t<\/h3>\n\t\t\t\t\t\t\t<div class=\"eltdf-separator-holder clearfix\">\n\t\t\t\t<div class=\"eltdf-separator\"><\/div>\n\t\t\t<\/div>\n\t\t\t\t\t<\/div>\n<\/div>[vc_column_text css=\u00a0\u00bb.vc_custom_1771581225655{margin-bottom: 25px !important;}\u00a0\u00bb]Mixeur[\/vc_column_text]<div class=\"eltdf-section-title-holder title-ricette-sez eltdf-st-standard eltdf-st-title-left eltdf-st-normal-space \" >\n\t<div class=\"eltdf-st-inner\">\n\t\t\t\t\t<h3 class=\"eltdf-st-title\" >\n\t\t\t\tINGREDIENTS\t\t\t<\/h3>\n\t\t\t\t\t\t\t<div class=\"eltdf-separator-holder clearfix\">\n\t\t\t\t<div class=\"eltdf-separator\"><\/div>\n\t\t\t<\/div>\n\t\t\t\t\t<\/div>\n<\/div>[vc_column_text]<strong>Pour 4 personnes::<\/strong><\/p>\n<ul>\n<li>400 g de filet de thon rouge,<\/li>\n<li>200 g de mozzarella de bufflonne,<\/li>\n<li>30 g de c\u00e2pres d\u00e9shydrat\u00e9e,<\/li>\n<li>1 citron,<\/li>\n<li>huile, sel, poivre,<\/li>\n<li>herbes pour la d\u00e9coration<\/li>\n<\/ul>\n<p>[\/vc_column_text][\/vc_column][\/vc_row][vc_row row_content_width=\u00a0\u00bbgrid\u00a0\u00bb css=\u00a0\u00bb.vc_custom_1632305722706{margin-top: 35px !important;margin-bottom: 100px !important;}\u00a0\u00bb][vc_column]<div class=\"eltdf-section-title-holder title-ricette-sez eltdf-st-standard eltdf-st-title-left eltdf-st-normal-space \" >\n\t<div class=\"eltdf-st-inner\">\n\t\t\t\t\t<h3 class=\"eltdf-st-title\" >\n\t\t\t\tPREPARATION\t\t\t<\/h3>\n\t\t\t\t\t\t\t<div class=\"eltdf-separator-holder clearfix\">\n\t\t\t\t<div class=\"eltdf-separator\"><\/div>\n\t\t\t<\/div>\n\t\t\t\t\t<\/div>\n<\/div>[vc_column_text]Couper le filet de thon en bandes puis en petits cubes. Hacher au couteau pour former le tartare, ajouter sel, poivre, zest de citron et le jus. Dans un mixeur, mettre la mozzarella de bufflonne et son eau et mixer jusqu&rsquo;\u00e0 obtenir une consistance lisse et homog\u00e8ne, ajouter sel, poivre et peu d&rsquo;huile. Dresser le tartare et ajouter la cr\u00e8me de mozzarella de bufflonne, les c\u00e2pres d\u00e9shydrat\u00e9es et d\u00e9corer d&rsquo;herbes. [\/vc_column_text][vc_row_inner content_text_aligment=\u00a0\u00bbcenter\u00a0\u00bb css=\u00a0\u00bb.vc_custom_1632306988388{margin-top: 50px !important;}\u00a0\u00bb][vc_column_inner width=\u00a0\u00bb1\/6&Prime;]<a itemprop=\"url\" href=\"https:\/\/luigipomata.com\/fr\/monde-pomata\/les-recettes\/#tab-antipasti\" target=\"_self\"  class=\"eltdf-btn eltdf-btn-medium eltdf-btn-solid\"  >\n\t<span class=\"eltdf-btn-pattern-holder\" ><\/span>\n    <span class=\"eltdf-btn-text\">HORS-D&#039;OEUVRE<\/span>\n    <\/a>[\/vc_column_inner][vc_column_inner width=\u00a0\u00bb1\/6&Prime;]<a itemprop=\"url\" href=\"https:\/\/luigipomata.com\/fr\/monde-pomata\/les-recettes\/#tab-primi\" target=\"_self\"  class=\"eltdf-btn eltdf-btn-medium eltdf-btn-pattern\"  >\n\t<span class=\"eltdf-btn-pattern-holder\" ><\/span>\n    <span class=\"eltdf-btn-text\">PREMIERS PLATS<\/span>\n    <\/a>[\/vc_column_inner][vc_column_inner width=\u00a0\u00bb1\/6&Prime;]<a itemprop=\"url\" href=\"\" target=\"_self\"  class=\"eltdf-btn eltdf-btn-medium eltdf-btn-pattern\"  >\n\t<span class=\"eltdf-btn-pattern-holder\" ><\/span>\n    <span class=\"eltdf-btn-text\">SECONDS PLATS<\/span>\n    <\/a>[\/vc_column_inner][vc_column_inner width=\u00a0\u00bb1\/6&Prime;]<a itemprop=\"url\" href=\"https:\/\/luigipomata.com\/fr\/monde-pomata\/les-recettes\/#tab-dessert\" target=\"_self\"  class=\"eltdf-btn eltdf-btn-medium eltdf-btn-pattern\"  >\n\t<span class=\"eltdf-btn-pattern-holder\" ><\/span>\n    <span class=\"eltdf-btn-text\">DESSERTS<\/span>\n    <\/a>[\/vc_column_inner][vc_column_inner width=\u00a0\u00bb1\/6&Prime;][\/vc_column_inner][vc_column_inner width=\u00a0\u00bb1\/6&Prime;][\/vc_column_inner][\/vc_row_inner][\/vc_column][\/vc_row]<\/p>\n","protected":false},"excerpt":{"rendered":"<p>[vc_row row_content_width=\u00a0\u00bbgrid\u00a0\u00bb css=\u00a0\u00bb.vc_custom_1632304095300{margin-top: 35px !important;margin-bottom: 35px !important;}\u00a0\u00bb][vc_column width=\u00a0\u00bb1\/2&Prime;][vc_single_image image=\u00a0\u00bb6498&Prime; img_size=\u00a0\u00bbfull\u00a0\u00bb][\/vc_column][vc_column width=\u00a0\u00bb1\/2&Prime;][vc_column_text css=\u00a0\u00bb.vc_custom_1771581225655{margin-bottom: 25px !important;}\u00a0\u00bb]Mixeur[\/vc_column_text][vc_column_text]Pour 4 personnes:: 400 g de filet de thon rouge, 200 g de mozzarella de bufflonne, 30 g de c\u00e2pres d\u00e9shydrat\u00e9e, 1 citron, huile, sel, poivre, herbes [&hellip;]<\/p>\n","protected":false},"author":4,"featured_media":0,"parent":6432,"menu_order":1,"comment_status":"closed","ping_status":"closed","template":"full-width.php","meta":{"footnotes":""},"class_list":["post-6499","page","type-page","status-publish","hentry"],"yoast_head":"<!-- This site is optimized with the Yoast SEO plugin v27.3 - https:\/\/yoast.com\/product\/yoast-seo-wordpress\/ -->\n<title>TARTARE DE THON ROUGE SUR CREME DE MOZZARELLA DE BUFFLONNE ET CAPRES - Luigi Pomata<\/title>\n<meta name=\"robots\" content=\"index, follow, max-snippet:-1, max-image-preview:large, max-video-preview:-1\" \/>\n<link rel=\"canonical\" href=\"https:\/\/luigipomata.com\/fr\/monde-pomata\/les-recettes\/tartare-de-thon-rouge-sur-creme-de-mozzarella-de-bufflonne-et-capres\/\" \/>\n<meta property=\"og:locale\" content=\"fr_FR\" \/>\n<meta property=\"og:type\" content=\"article\" \/>\n<meta property=\"og:title\" content=\"TARTARE DE THON ROUGE SUR CREME DE MOZZARELLA DE BUFFLONNE ET CAPRES - Luigi Pomata\" \/>\n<meta property=\"og:description\" content=\"[vc_row row_content_width=\u00a0\u00bbgrid\u00a0\u00bb css=\u00a0\u00bb.vc_custom_1632304095300{margin-top: 35px !important;margin-bottom: 35px !important;}\u00a0\u00bb][vc_column width=\u00a0\u00bb1\/2&Prime;][vc_single_image image=\u00a0\u00bb6498&Prime; img_size=\u00a0\u00bbfull\u00a0\u00bb][\/vc_column][vc_column width=\u00a0\u00bb1\/2&Prime;][vc_column_text css=\u00a0\u00bb.vc_custom_1771581225655{margin-bottom: 25px !important;}\u00a0\u00bb]Mixeur[\/vc_column_text][vc_column_text]Pour 4 personnes:: 400 g de filet de thon rouge, 200 g de mozzarella de bufflonne, 30 g de c\u00e2pres d\u00e9shydrat\u00e9e, 1 citron, huile, sel, poivre, herbes [&hellip;]\" \/>\n<meta property=\"og:url\" content=\"https:\/\/luigipomata.com\/fr\/monde-pomata\/les-recettes\/tartare-de-thon-rouge-sur-creme-de-mozzarella-de-bufflonne-et-capres\/\" \/>\n<meta property=\"og:site_name\" content=\"Luigi Pomata\" \/>\n<meta property=\"article:modified_time\" content=\"2026-02-24T11:39:09+00:00\" \/>\n<meta name=\"twitter:card\" content=\"summary_large_image\" \/>\n<meta name=\"twitter:label1\" content=\"Dur\u00e9e de lecture estim\u00e9e\" \/>\n\t<meta name=\"twitter:data1\" content=\"1 minute\" \/>\n<script type=\"application\/ld+json\" class=\"yoast-schema-graph\">{\"@context\":\"https:\\\/\\\/schema.org\",\"@graph\":[{\"@type\":\"WebPage\",\"@id\":\"https:\\\/\\\/luigipomata.com\\\/fr\\\/monde-pomata\\\/les-recettes\\\/tartare-de-thon-rouge-sur-creme-de-mozzarella-de-bufflonne-et-capres\\\/\",\"url\":\"https:\\\/\\\/luigipomata.com\\\/fr\\\/monde-pomata\\\/les-recettes\\\/tartare-de-thon-rouge-sur-creme-de-mozzarella-de-bufflonne-et-capres\\\/\",\"name\":\"TARTARE DE THON ROUGE SUR CREME DE MOZZARELLA DE BUFFLONNE ET CAPRES - Luigi Pomata\",\"isPartOf\":{\"@id\":\"https:\\\/\\\/luigipomata.com\\\/fr\\\/#website\"},\"datePublished\":\"2021-09-22T09:18:40+00:00\",\"dateModified\":\"2026-02-24T11:39:09+00:00\",\"breadcrumb\":{\"@id\":\"https:\\\/\\\/luigipomata.com\\\/fr\\\/monde-pomata\\\/les-recettes\\\/tartare-de-thon-rouge-sur-creme-de-mozzarella-de-bufflonne-et-capres\\\/#breadcrumb\"},\"inLanguage\":\"fr-FR\",\"potentialAction\":[{\"@type\":\"ReadAction\",\"target\":[\"https:\\\/\\\/luigipomata.com\\\/fr\\\/monde-pomata\\\/les-recettes\\\/tartare-de-thon-rouge-sur-creme-de-mozzarella-de-bufflonne-et-capres\\\/\"]}]},{\"@type\":\"BreadcrumbList\",\"@id\":\"https:\\\/\\\/luigipomata.com\\\/fr\\\/monde-pomata\\\/les-recettes\\\/tartare-de-thon-rouge-sur-creme-de-mozzarella-de-bufflonne-et-capres\\\/#breadcrumb\",\"itemListElement\":[{\"@type\":\"ListItem\",\"position\":1,\"name\":\"Home\",\"item\":\"https:\\\/\\\/luigipomata.com\\\/fr\\\/\"},{\"@type\":\"ListItem\",\"position\":2,\"name\":\"Monde Pomata\",\"item\":\"https:\\\/\\\/luigipomata.com\\\/fr\\\/monde-pomata\\\/\"},{\"@type\":\"ListItem\",\"position\":3,\"name\":\"Les Recettes\",\"item\":\"https:\\\/\\\/luigipomata.com\\\/fr\\\/monde-pomata\\\/les-recettes\\\/\"},{\"@type\":\"ListItem\",\"position\":4,\"name\":\"TARTARE DE THON ROUGE SUR CREME DE MOZZARELLA DE BUFFLONNE ET CAPRES\"}]},{\"@type\":\"WebSite\",\"@id\":\"https:\\\/\\\/luigipomata.com\\\/fr\\\/#website\",\"url\":\"https:\\\/\\\/luigipomata.com\\\/fr\\\/\",\"name\":\"Luigi Pomata\",\"description\":\"\",\"publisher\":{\"@id\":\"https:\\\/\\\/luigipomata.com\\\/fr\\\/#organization\"},\"potentialAction\":[{\"@type\":\"SearchAction\",\"target\":{\"@type\":\"EntryPoint\",\"urlTemplate\":\"https:\\\/\\\/luigipomata.com\\\/fr\\\/?s={search_term_string}\"},\"query-input\":{\"@type\":\"PropertyValueSpecification\",\"valueRequired\":true,\"valueName\":\"search_term_string\"}}],\"inLanguage\":\"fr-FR\"},{\"@type\":\"Organization\",\"@id\":\"https:\\\/\\\/luigipomata.com\\\/fr\\\/#organization\",\"name\":\"Luigi Pomata\",\"url\":\"https:\\\/\\\/luigipomata.com\\\/fr\\\/\",\"logo\":{\"@type\":\"ImageObject\",\"inLanguage\":\"fr-FR\",\"@id\":\"https:\\\/\\\/luigipomata.com\\\/fr\\\/#\\\/schema\\\/logo\\\/image\\\/\",\"url\":\"https:\\\/\\\/luigipomata.com\\\/wp-content\\\/uploads\\\/2021\\\/06\\\/luigi-pomata-ristorante.jpg\",\"contentUrl\":\"https:\\\/\\\/luigipomata.com\\\/wp-content\\\/uploads\\\/2021\\\/06\\\/luigi-pomata-ristorante.jpg\",\"width\":415,\"height\":230,\"caption\":\"Luigi Pomata\"},\"image\":{\"@id\":\"https:\\\/\\\/luigipomata.com\\\/fr\\\/#\\\/schema\\\/logo\\\/image\\\/\"}}]}<\/script>\n<!-- \/ Yoast SEO plugin. -->","yoast_head_json":{"title":"TARTARE DE THON ROUGE SUR CREME DE MOZZARELLA DE BUFFLONNE ET CAPRES - Luigi Pomata","robots":{"index":"index","follow":"follow","max-snippet":"max-snippet:-1","max-image-preview":"max-image-preview:large","max-video-preview":"max-video-preview:-1"},"canonical":"https:\/\/luigipomata.com\/fr\/monde-pomata\/les-recettes\/tartare-de-thon-rouge-sur-creme-de-mozzarella-de-bufflonne-et-capres\/","og_locale":"fr_FR","og_type":"article","og_title":"TARTARE DE THON ROUGE SUR CREME DE MOZZARELLA DE BUFFLONNE ET CAPRES - Luigi Pomata","og_description":"[vc_row row_content_width=\u00a0\u00bbgrid\u00a0\u00bb css=\u00a0\u00bb.vc_custom_1632304095300{margin-top: 35px !important;margin-bottom: 35px !important;}\u00a0\u00bb][vc_column width=\u00a0\u00bb1\/2&Prime;][vc_single_image image=\u00a0\u00bb6498&Prime; img_size=\u00a0\u00bbfull\u00a0\u00bb][\/vc_column][vc_column width=\u00a0\u00bb1\/2&Prime;][vc_column_text css=\u00a0\u00bb.vc_custom_1771581225655{margin-bottom: 25px !important;}\u00a0\u00bb]Mixeur[\/vc_column_text][vc_column_text]Pour 4 personnes:: 400 g de filet de thon rouge, 200 g de mozzarella de bufflonne, 30 g de c\u00e2pres d\u00e9shydrat\u00e9e, 1 citron, huile, sel, poivre, herbes [&hellip;]","og_url":"https:\/\/luigipomata.com\/fr\/monde-pomata\/les-recettes\/tartare-de-thon-rouge-sur-creme-de-mozzarella-de-bufflonne-et-capres\/","og_site_name":"Luigi Pomata","article_modified_time":"2026-02-24T11:39:09+00:00","twitter_card":"summary_large_image","twitter_misc":{"Dur\u00e9e de lecture estim\u00e9e":"1 minute"},"schema":{"@context":"https:\/\/schema.org","@graph":[{"@type":"WebPage","@id":"https:\/\/luigipomata.com\/fr\/monde-pomata\/les-recettes\/tartare-de-thon-rouge-sur-creme-de-mozzarella-de-bufflonne-et-capres\/","url":"https:\/\/luigipomata.com\/fr\/monde-pomata\/les-recettes\/tartare-de-thon-rouge-sur-creme-de-mozzarella-de-bufflonne-et-capres\/","name":"TARTARE DE THON ROUGE SUR CREME DE MOZZARELLA DE BUFFLONNE ET CAPRES - Luigi Pomata","isPartOf":{"@id":"https:\/\/luigipomata.com\/fr\/#website"},"datePublished":"2021-09-22T09:18:40+00:00","dateModified":"2026-02-24T11:39:09+00:00","breadcrumb":{"@id":"https:\/\/luigipomata.com\/fr\/monde-pomata\/les-recettes\/tartare-de-thon-rouge-sur-creme-de-mozzarella-de-bufflonne-et-capres\/#breadcrumb"},"inLanguage":"fr-FR","potentialAction":[{"@type":"ReadAction","target":["https:\/\/luigipomata.com\/fr\/monde-pomata\/les-recettes\/tartare-de-thon-rouge-sur-creme-de-mozzarella-de-bufflonne-et-capres\/"]}]},{"@type":"BreadcrumbList","@id":"https:\/\/luigipomata.com\/fr\/monde-pomata\/les-recettes\/tartare-de-thon-rouge-sur-creme-de-mozzarella-de-bufflonne-et-capres\/#breadcrumb","itemListElement":[{"@type":"ListItem","position":1,"name":"Home","item":"https:\/\/luigipomata.com\/fr\/"},{"@type":"ListItem","position":2,"name":"Monde Pomata","item":"https:\/\/luigipomata.com\/fr\/monde-pomata\/"},{"@type":"ListItem","position":3,"name":"Les Recettes","item":"https:\/\/luigipomata.com\/fr\/monde-pomata\/les-recettes\/"},{"@type":"ListItem","position":4,"name":"TARTARE DE THON ROUGE SUR CREME DE MOZZARELLA DE BUFFLONNE ET CAPRES"}]},{"@type":"WebSite","@id":"https:\/\/luigipomata.com\/fr\/#website","url":"https:\/\/luigipomata.com\/fr\/","name":"Luigi Pomata","description":"","publisher":{"@id":"https:\/\/luigipomata.com\/fr\/#organization"},"potentialAction":[{"@type":"SearchAction","target":{"@type":"EntryPoint","urlTemplate":"https:\/\/luigipomata.com\/fr\/?s={search_term_string}"},"query-input":{"@type":"PropertyValueSpecification","valueRequired":true,"valueName":"search_term_string"}}],"inLanguage":"fr-FR"},{"@type":"Organization","@id":"https:\/\/luigipomata.com\/fr\/#organization","name":"Luigi Pomata","url":"https:\/\/luigipomata.com\/fr\/","logo":{"@type":"ImageObject","inLanguage":"fr-FR","@id":"https:\/\/luigipomata.com\/fr\/#\/schema\/logo\/image\/","url":"https:\/\/luigipomata.com\/wp-content\/uploads\/2021\/06\/luigi-pomata-ristorante.jpg","contentUrl":"https:\/\/luigipomata.com\/wp-content\/uploads\/2021\/06\/luigi-pomata-ristorante.jpg","width":415,"height":230,"caption":"Luigi Pomata"},"image":{"@id":"https:\/\/luigipomata.com\/fr\/#\/schema\/logo\/image\/"}}]}},"_links":{"self":[{"href":"https:\/\/luigipomata.com\/fr\/wp-json\/wp\/v2\/pages\/6499","targetHints":{"allow":["GET"]}}],"collection":[{"href":"https:\/\/luigipomata.com\/fr\/wp-json\/wp\/v2\/pages"}],"about":[{"href":"https:\/\/luigipomata.com\/fr\/wp-json\/wp\/v2\/types\/page"}],"author":[{"embeddable":true,"href":"https:\/\/luigipomata.com\/fr\/wp-json\/wp\/v2\/users\/4"}],"replies":[{"embeddable":true,"href":"https:\/\/luigipomata.com\/fr\/wp-json\/wp\/v2\/comments?post=6499"}],"version-history":[{"count":5,"href":"https:\/\/luigipomata.com\/fr\/wp-json\/wp\/v2\/pages\/6499\/revisions"}],"predecessor-version":[{"id":7268,"href":"https:\/\/luigipomata.com\/fr\/wp-json\/wp\/v2\/pages\/6499\/revisions\/7268"}],"up":[{"embeddable":true,"href":"https:\/\/luigipomata.com\/fr\/wp-json\/wp\/v2\/pages\/6432"}],"wp:attachment":[{"href":"https:\/\/luigipomata.com\/fr\/wp-json\/wp\/v2\/media?parent=6499"}],"curies":[{"name":"wp","href":"https:\/\/api.w.org\/{rel}","templated":true}]}}