{"id":7054,"date":"2018-01-15T09:21:09","date_gmt":"2018-01-15T08:21:09","guid":{"rendered":"https:\/\/luigipomata.com\/?page_id=7054"},"modified":"2026-03-19T10:43:24","modified_gmt":"2026-03-19T09:43:24","slug":"home","status":"publish","type":"page","link":"https:\/\/luigipomata.com\/fr\/","title":{"rendered":"HOME"},"content":{"rendered":"<p>[vc_row row_content_width=\u00a0\u00bbgrid\u00a0\u00bb css=\u00a0\u00bb.vc_custom_1770298685122{margin-bottom: 120px !important;padding-top: 40px !important;}\u00a0\u00bb][vc_column][vc_column_text]<\/p>\n<div class=\"block-title-corsi\">\n<p><a class=\"title-home-corsi-cucina\" href=\"https:\/\/luigipomata.com\/fr\/etablissements\/restaurant\/\">RESTAURANT<\/a><\/p>\n<div class=\"eltdf-separator custom\"><\/div>\n<\/div>\n<p>[\/vc_column_text][vc_row_inner equal_height=\u00a0\u00bbyes\u00a0\u00bb content_placement=\u00a0\u00bbmiddle\u00a0\u00bb][vc_column_inner width=\u00a0\u00bb1\/4&Prime;][vc_single_image image=\u00a0\u00bb6330&Prime; img_size=\u00a0\u00bbfull\u00a0\u00bb][\/vc_column_inner][vc_column_inner width=\u00a0\u00bb3\/4&Prime;][vc_column_text]Le restaurant se trouve au centre ville (Viale Regina Margherita) de Cagliari. Il est dot\u00e9 de trois grandes salles, une terrasse (avec une belle vue sur le port) et d&rsquo;un Bistrot, pour un total de 80 couverts \u00e0 l&rsquo;int\u00e9rieur et 80 \u00e0 l&rsquo;ext\u00e9rieur. Les salles sont silencieuses.[\/vc_column_text][\/vc_column_inner][\/vc_row_inner][\/vc_column][\/vc_row][vc_row css_animation=\u00a0\u00bbappear\u00a0\u00bb disable_background_image=\u00a0\u00bb\u00a0\u00bb el_class=\u00a0\u00bbshop-banner\u00a0\u00bb simple_background_color=\u00a0\u00bb#000000&Prime; simple_background_image=\u00a0\u00bb4584&Prime;][vc_column][vc_column_text]<\/p>\n<div class=\"content-banner-shop-home\">\n<div class=\"title-shop\">Boutique<\/div>\n<div class=\"text-shop\">L&rsquo;amour est comme la bonne cuisine, les choses sp\u00e9ciales naissent toujours de simples ingr\u00e9dients, mais elles deviennent magiques gr\u00e2ce \u00e0 la fantaisie.<\/div>\n<div class=\"group-buttons-home\"><a class=\"primary-button\" href=\"https:\/\/luigipomata.com\/fr\/boutique\/\">VISITEZ NOTRE MAGASIN<\/a><a class=\"alternate-button\" href=\"https:\/\/luigipomata.com\/fr\/gift\/\">FAITES UN CADEAU<\/a><\/div>\n<\/div>\n<p>[\/vc_column_text][\/vc_column][\/vc_row][vc_row css_animation=\u00a0\u00bbnone\u00a0\u00bb row_content_width=\u00a0\u00bbgrid\u00a0\u00bb css=\u00a0\u00bb.vc_custom_1624343832272{margin-top: 50px !important;}\u00a0\u00bb][vc_column][vc_column_text]<\/p>\n<div class=\"block-title-corsi\">\n<p><a class=\"title-home-corsi-cucina\" href=\"https:\/\/luigipomata.com\/fr\/news\/\">NEWS<\/a><\/p>\n<div class=\"eltdf-separator custom\"><\/div>\n<\/div>\n<p>[\/vc_column_text][na_posts_carousel excerpt=\u00a0\u00bb200&Prime; comment=\u00a0\u00bbnone\u00a0\u00bb catg=\u00a0\u00bbnone\u00a0\u00bb autoplay=\u00a0\u00bbfalse\u00a0\u00bb txtclr=\u00a0\u00bb#000000&Prime; dateclr=\u00a0\u00bb#000000&Prime; descclr=\u00a0\u00bb#888888&Prime; settings=\u00a0\u00bbsize:10|order_by:date|order:DESC|post_type:post|categories:1&Prime;][vc_column_text css=\u00a0\u00bb.vc_custom_1771429571965{margin-top: 35px !important;}\u00a0\u00bb]<a class=\"alternate-button news\" href=\"https:\/\/luigipomata.com\/fr\/news\/\">TOUTES LES ACTUALIT\u00c9S<\/a>[\/vc_column_text][\/vc_column][\/vc_row][vc_row css=\u00a0\u00bb.vc_custom_1624006506257{margin-top: 50px !important;}\u00a0\u00bb][vc_column][vc_column_text]<\/p>\n<div class=\"block-title-corsi\">\n<p><a class=\"title-home-corsi-cucina\" href=\"https:\/\/luigipomata.com\/fr\/monde-pomata\/le-chef\/\">MONDE POMATA<\/a><\/p>\n<div class=\"eltdf-separator custom\"><\/div>\n<\/div>\n<p>[\/vc_column_text][vc_column_text]<\/p>\n<div class=\"quotehome\">\n<blockquote><p>A travers mes plats, on y trouve ma vie, les sensations, les parfums que quelqu&rsquo;un qui a eu la chance de na\u00eetre dans une \u00eele comme Carloforte a le devoir de transmettre.<\/p><\/blockquote>\n<\/div>\n<p>[\/vc_column_text][vc_row_inner equal_height=\u00a0\u00bbyes\u00a0\u00bb row_content_width=\u00a0\u00bbgrid\u00a0\u00bb][vc_column_inner width=\u00a0\u00bb1\/4&Prime;][vc_single_image image=\u00a0\u00bb6256&Prime; img_size=\u00a0\u00bbfull\u00a0\u00bb alignment=\u00a0\u00bbcenter\u00a0\u00bb onclick=\u00a0\u00bbcustom_link\u00a0\u00bb el_class=\u00a0\u00bbmp-img\u00a0\u00bb link=\u00a0\u00bbhttps:\/\/luigipomata.com\/fr\/monde-pomata\/le-chef\/\u00a0\u00bb][vc_column_text el_class=\u00a0\u00bbmp-block-black\u00a0\u00bb]<\/p>\n<div class=\"mp-text\"><span class=\"mp-title\">LE CHEF<\/span><span class=\"mp-sep\">\u00a0<\/span><br \/>\n<span class=\"mp-desc\">L&rsquo;histoire de Luigi Pomata part de lieux et de temps lointains, d&rsquo;une petite \u00eele riche d&rsquo;histoire, Carloforte, un avant-poste ligure situ\u00e9 sur la c\u00f4te sud occidentale de la Sardaigne. <\/span><\/div>\n<p>[\/vc_column_text][\/vc_column_inner][vc_column_inner width=\u00a0\u00bb1\/4&Prime;][vc_single_image image=\u00a0\u00bb6257&Prime; img_size=\u00a0\u00bbfull\u00a0\u00bb alignment=\u00a0\u00bbcenter\u00a0\u00bb onclick=\u00a0\u00bbcustom_link\u00a0\u00bb el_class=\u00a0\u00bbmp-img\u00a0\u00bb link=\u00a0\u00bbhttps:\/\/luigipomata.com\/fr\/monde-pomata\/les-recettes\/\/\u00a0\u00bb][vc_column_text el_class=\u00a0\u00bbmp-block-black\u00a0\u00bb]<\/p>\n<div class=\"mp-text\"><span class=\"mp-title\">LES RECETTES<\/span><span class=\"mp-sep\">\u00a0<\/span><br \/>\n<span class=\"mp-desc\">Un pr\u00e9cieux recueil de recettes du Chef con\u00e7ues et s\u00e9lectionn\u00e9es pour ceux qui aiment la cuisine gourmet, divis\u00e9es par cat\u00e9gories: hors-d&rsquo;oeuvre, premiers plats, seconds plats, desserts.<\/span><\/div>\n<p>[\/vc_column_text][\/vc_column_inner][vc_column_inner width=\u00a0\u00bb1\/4&Prime;][vc_single_image image=\u00a0\u00bb6258&Prime; img_size=\u00a0\u00bbfull\u00a0\u00bb alignment=\u00a0\u00bbcenter\u00a0\u00bb onclick=\u00a0\u00bbcustom_link\u00a0\u00bb el_class=\u00a0\u00bbmp-img\u00a0\u00bb link=\u00a0\u00bbhttps:\/\/luigipomata.com\/fr\/monde-pomata\/les-publications\/\u00a0\u00bb][vc_column_text el_class=\u00a0\u00bbmp-block-black\u00a0\u00bb]<\/p>\n<div class=\"mp-text\"><span class=\"mp-title\">PUBLICATIONS<\/span><br \/>\n<span class=\"mp-desc\">Les publications de Luigi Pomata avec ses pr\u00e9cieux conseils et secrets de la cuisine gourmet avec une attention particuli\u00e8re pour le thon. <\/span><\/div>\n<p>[\/vc_column_text][\/vc_column_inner][vc_column_inner width=\u00a0\u00bb1\/4&Prime;][vc_single_image image=\u00a0\u00bb6259&Prime; img_size=\u00a0\u00bbfull\u00a0\u00bb alignment=\u00a0\u00bbcenter\u00a0\u00bb onclick=\u00a0\u00bbcustom_link\u00a0\u00bb el_class=\u00a0\u00bbmp-img\u00a0\u00bb link=\u00a0\u00bbhttps:\/\/luigipomata.com\/fr\/eventi\/\u00a0\u00bb][vc_column_text el_class=\u00a0\u00bbmp-block-black\u00a0\u00bb]<\/p>\n<div class=\"mp-text\"><span class=\"mp-title\">LES EVENEMENTS<\/span><br \/>\n<span class=\"mp-desc\">D\u00e9couvrez les meilleurs \u00e9v\u00e9nements et les participations de Luigi Pomata dans les meilleurs endroits et \u00e0 la t\u00e9l\u00e9vision. Restez inform\u00e9 pour ne rater aucun rendez-vous.<\/span><\/div>\n<p>[\/vc_column_text][\/vc_column_inner][\/vc_row_inner][\/vc_column][\/vc_row][vc_row css=\u00a0\u00bb.vc_custom_1624006506257{margin-top: 50px !important;}\u00a0\u00bb][vc_column][vc_column_text]\n\t\t\t<!-- START slidebottomhome REVOLUTION SLIDER 6.7.14 --><p class=\"rs-p-wp-fix\"><\/p>\n\t\t\t<rs-module-wrap id=\"rev_slider_3_1_wrapper\" data-source=\"gallery\" style=\"visibility:hidden;background:transparent;padding:0;margin:0px auto;margin-top:0;margin-bottom:0;\">\n\t\t\t\t<rs-module id=\"rev_slider_3_1\" style=\"\" data-version=\"6.7.14\">\n\t\t\t\t\t<rs-slides style=\"overflow: hidden; position: absolute;\">\n\t\t\t\t\t\t<rs-slide style=\"position: absolute;\" data-key=\"rs-4\" data-title=\"Slide\" data-anim=\"ms:1000;r:0;\" data-in=\"o:0;\" data-out=\"a:false;\">\n\t\t\t\t\t\t\t<img decoding=\"async\" src=\"\/\/luigipomata.com\/wp-content\/plugins\/revslider\/sr6\/assets\/assets\/dummy.png\" alt=\"\" title=\"slide-bottom-home-n\" width=\"1920\" height=\"709\" class=\"rev-slidebg tp-rs-img rs-lazyload\" data-lazyload=\"\/\/luigipomata.com\/wp-content\/uploads\/2021\/11\/slide-bottom-home-n.jpg\" data-bg=\"p:25% 0%;\" data-no-retina>\n<!---->\t\t\t\t\t<\/rs-slide>\n\t\t\t\t\t<\/rs-slides>\n\t\t\t\t<\/rs-module>\n\t\t\t\t<script>\n\t\t\t\t\tsetREVStartSize({c: 'rev_slider_3_1',rl:[1240,1024,778,480],el:[709,768,960,720],gw:[1920,1024,778,480],gh:[709,768,960,720],type:'standard',justify:'',layout:'fullwidth',mh:\"0\"});if (window.RS_MODULES!==undefined && window.RS_MODULES.modules!==undefined && window.RS_MODULES.modules[\"revslider31\"]!==undefined) {window.RS_MODULES.modules[\"revslider31\"].once = false;window.revapi3 = undefined;if (window.RS_MODULES.checkMinimal!==undefined) window.RS_MODULES.checkMinimal()}\n\t\t\t\t<\/script>\n\t\t\t<\/rs-module-wrap>\n\t\t\t<!-- END REVOLUTION SLIDER -->\n[\/vc_column_text][\/vc_column][\/vc_row][vc_row css=\u00a0\u00bb.vc_custom_1638271158256{padding-top: 30px !important;padding-bottom: 10px !important;}\u00a0\u00bb][vc_column][vc_column_text]<\/p>\n<div class=\"block-title-corsi\">\n<p><a class=\"title-home-corsi-cucina\" href=\"https:\/\/luigipomata.com\/fr\/categoria-prodotto\/cours-de-cuisine\/\">COURS DE CUISINE<\/a><\/p>\n<div class=\"eltdf-separator custom\"><\/div>\n<\/div>\n<p>[\/vc_column_text][\/vc_column][\/vc_row][vc_row row_content_width=\u00a0\u00bbgrid\u00a0\u00bb css=\u00a0\u00bb.vc_custom_1638271171932{margin-top: 15px !important;margin-bottom: 120px !important;}\u00a0\u00bb][vc_column width=\u00a0\u00bb1\/3&Prime;][vc_single_image image=\u00a0\u00bb6260&Prime; img_size=\u00a0\u00bbfull\u00a0\u00bb alignment=\u00a0\u00bbcenter\u00a0\u00bb onclick=\u00a0\u00bbcustom_link\u00a0\u00bb link=\u00a0\u00bbhttps:\/\/luigipomata.com\/fr\/shop\/forfait-les-entrees-primi-piatti\/\u00a0\u00bb][vc_column_text]<\/p>\n<h5 class=\"entry-title eltdf-pli-title custom\"><a href=\"https:\/\/luigipomata.com\/fr\/shop\/forfait-les-entrees-primi-piatti\/\">PREMIERS PLATS<\/a><\/h5>\n<p>[\/vc_column_text][\/vc_column][vc_column width=\u00a0\u00bb1\/3&Prime;][vc_single_image image=\u00a0\u00bb6261&Prime; img_size=\u00a0\u00bbfull\u00a0\u00bb alignment=\u00a0\u00bbcenter\u00a0\u00bb onclick=\u00a0\u00bbcustom_link\u00a0\u00bb link=\u00a0\u00bbhttps:\/\/luigipomata.com\/fr\/shop\/forfait-les-plats-de-resistance\/\u00a0\u00bb][vc_column_text]<\/p>\n<h5 class=\"entry-title eltdf-pli-title custom\"><a href=\"https:\/\/luigipomata.com\/fr\/shop\/forfait-les-plats-de-resistance\/\">SECONDS PLATS<\/a><\/h5>\n<p>[\/vc_column_text][\/vc_column][vc_column width=\u00a0\u00bb1\/3&Prime;][vc_single_image image=\u00a0\u00bb6262&Prime; img_size=\u00a0\u00bbfull\u00a0\u00bb alignment=\u00a0\u00bbcenter\u00a0\u00bb onclick=\u00a0\u00bbcustom_link\u00a0\u00bb link=\u00a0\u00bbhttps:\/\/luigipomata.com\/fr\/categoria-prodotto\/cours-individuels\/\u00a0\u00bb][vc_column_text]<\/p>\n<h5 class=\"entry-title eltdf-pli-title custom\"><a href=\"https:\/\/luigipomata.com\/fr\/categoria-prodotto\/cours-individuels\/\">Cours Particuliers<\/a><\/h5>\n<p>[\/vc_column_text][\/vc_column][\/vc_row][vc_row row_content_width=\u00a0\u00bbgrid\u00a0\u00bb disable_background_image=\u00a0\u00bb\u00a0\u00bb css=\u00a0\u00bb.vc_custom_1624348637057{padding-top: 50px !important;padding-bottom: 50px !important;}\u00a0\u00bb simple_background_image=\u00a0\u00bb1852&Prime;][vc_column width=\u00a0\u00bb1\/2&Prime;][vc_column_text]<\/p>\n<div class=\"container-newsletter\">\n<p><span class=\"title-newsletter\">INSCRIVEZ-VOUS \u00c0 LA NEWSLETTER<\/span><\/p>\n<p class=\"text-newsletter\">Recevez nos offres sp\u00e9ciales et restez inform\u00e9<br \/>\nsur l&rsquo;Univers de Pomata, directement dans votre bo\u00eete de r\u00e9ception.<\/p>\n<\/div>\n<p>[\/vc_column_text][\/vc_column][vc_column width=\u00a0\u00bb1\/2&Prime;][vc_column_text]  \n  \n  <div class=\"\n    mailpoet_form_popup_overlay\n      \"><\/div>\n  <div\n    id=\"mailpoet_form_1\"\n    class=\"\n      mailpoet_form\n      mailpoet_form_shortcode\n      mailpoet_form_position_\n      mailpoet_form_animation_\n    \"\n      >\n\n    <style type=\"text\/css\">\n     #mailpoet_form_1 .mailpoet_form {  }\n#mailpoet_form_1 .mailpoet_column_with_background { padding: 10px; }\n#mailpoet_form_1 .mailpoet_form_column:not(:first-child) { margin-left: 20px; }\n#mailpoet_form_1 .mailpoet_paragraph { line-height: 20px; margin-bottom: 20px; }\n#mailpoet_form_1 .mailpoet_segment_label, #mailpoet_form_1 .mailpoet_text_label, #mailpoet_form_1 .mailpoet_textarea_label, #mailpoet_form_1 .mailpoet_select_label, #mailpoet_form_1 .mailpoet_radio_label, #mailpoet_form_1 .mailpoet_checkbox_label, #mailpoet_form_1 .mailpoet_list_label, #mailpoet_form_1 .mailpoet_date_label { display: block; font-weight: normal; }\n#mailpoet_form_1 .mailpoet_text, #mailpoet_form_1 .mailpoet_textarea, #mailpoet_form_1 .mailpoet_select, #mailpoet_form_1 .mailpoet_date_month, #mailpoet_form_1 .mailpoet_date_day, #mailpoet_form_1 .mailpoet_date_year, #mailpoet_form_1 .mailpoet_date { display: block; }\n#mailpoet_form_1 .mailpoet_text, #mailpoet_form_1 .mailpoet_textarea { width: 200px; }\n#mailpoet_form_1 .mailpoet_checkbox {  }\n#mailpoet_form_1 .mailpoet_submit {  }\n#mailpoet_form_1 .mailpoet_divider {  }\n#mailpoet_form_1 .mailpoet_message {  }\n#mailpoet_form_1 .mailpoet_form_loading { width: 30px; text-align: center; line-height: normal; }\n#mailpoet_form_1 .mailpoet_form_loading > span { width: 5px; height: 5px; background-color: #5b5b5b; }#mailpoet_form_1{border-radius: 0px;text-align: left;}#mailpoet_form_1 form.mailpoet_form {padding: 20px;}#mailpoet_form_1{width: 100%;}#mailpoet_form_1 .mailpoet_message {margin: 0; padding: 0 20px;}#mailpoet_form_1 .mailpoet_paragraph.last {margin-bottom: 0} @media (max-width: 500px) {#mailpoet_form_1 {background-image: none;}} @media (min-width: 500px) {#mailpoet_form_1 .last .mailpoet_paragraph:last-child {margin-bottom: 0}}  @media (max-width: 500px) {#mailpoet_form_1 .mailpoet_form_column:last-child .mailpoet_paragraph:last-child {margin-bottom: 0}} \n    <\/style>\n\n    <form\n      target=\"_self\"\n      method=\"post\"\n      action=\"https:\/\/luigipomata.com\/wp-admin\/admin-post.php?action=mailpoet_subscription_form\"\n      class=\"mailpoet_form mailpoet_form_form mailpoet_form_shortcode\"\n      novalidate\n      data-delay=\"\"\n      data-exit-intent-enabled=\"\"\n      data-font-family=\"\"\n      data-cookie-expiration-time=\"\"\n    >\n      <input type=\"hidden\" name=\"data[form_id]\" value=\"1\" \/>\n      <input type=\"hidden\" name=\"token\" value=\"65e7a60d3f\" \/>\n      <input type=\"hidden\" name=\"api_version\" value=\"v1\" \/>\n      <input type=\"hidden\" name=\"endpoint\" value=\"subscribers\" \/>\n      <input type=\"hidden\" name=\"mailpoet_method\" value=\"subscribe\" \/>\n\n      <label class=\"mailpoet_hp_email_label\" style=\"display: none !important;\">Veuillez laisser ce champ vide<input type=\"email\" name=\"data[email]\"\/><\/label><div class=\"mailpoet_paragraph \"><input type=\"email\" autocomplete=\"email\" class=\"mailpoet_text\" id=\"form_email_1\" name=\"data[form_field_NmVhYTdjZjAxYmRmX2VtYWls]\" title=\"Indirizzo email\" value=\"\" style=\"width:100%;box-sizing:border-box;padding:5px;margin: 0 auto 0 0;\" data-automation-id=\"form_email\"  placeholder=\"Indirizzo email *\" aria-label=\"Indirizzo email *\" data-parsley-errors-container=\".mailpoet_error_16heu\" data-parsley-required=\"true\" required aria-required=\"true\" data-parsley-minlength=\"6\" data-parsley-maxlength=\"150\" data-parsley-type-message=\"Cette valeur doit \u00eatre un e-mail valide.\" data-parsley-required-message=\"Ce champ est n\u00e9cessaire.\"\/><span class=\"mailpoet_error_16heu\"><\/span><\/div>\n<div class=\"mailpoet_paragraph \"><fieldset><input type=\"hidden\" value=\"1\"  name=\"data[cf_1]\" \/><label class=\"mailpoet_checkbox_label\" for=\"mailpoet_checkbox_1\" ><input type=\"checkbox\" class=\"mailpoet_checkbox\" id=\"mailpoet_checkbox_1\" name=\"data[cf_1]\" value=\"1\" data-parsley-errors-container=\".mailpoet_error_xtssh\" data-parsley-required=\"true\" required aria-required=\"true\" data-parsley-required-message=\"Ce champ est n\u00e9cessaire.\" data-parsley-group=\"custom_field_1\" \/> autorizzo al trattamento dei miei dati personali<\/label><\/fieldset><span class=\"mailpoet_error_xtssh\"><\/span><\/div>\n<p class=\"mailpoet_form_paragraph \" style=\"text-align: left\"><\/p>\n<div class=\"mailpoet_paragraph \"><input type=\"submit\" class=\"mailpoet_submit\" value=\"ISCRIVIMI\" data-automation-id=\"subscribe-submit-button\" style=\"width:100%;box-sizing:border-box;padding:5px;margin: 0 auto 0 0;border-color:transparent;\" \/><span class=\"mailpoet_form_loading\"><span class=\"mailpoet_bounce1\"><\/span><span class=\"mailpoet_bounce2\"><\/span><span class=\"mailpoet_bounce3\"><\/span><\/span><\/div>\n\n      <div class=\"mailpoet_message\">\n        <p class=\"mailpoet_validate_success\"\n                style=\"display:none;\"\n                >Controlla la tua casella di posta o la cartella spam per confermare la tua iscrizione\n        <\/p>\n        <p class=\"mailpoet_validate_error\"\n                style=\"display:none;\"\n                >        <\/p>\n      <\/div>\n    <\/form>\n\n      <\/div>\n\n  [\/vc_column_text][\/vc_column][\/vc_row][vc_row][vc_column][vc_column_text]<\/p>\n<p>[\/vc_column_text][\/vc_column][\/vc_row]<\/p>\n","protected":false},"excerpt":{"rendered":"<p>[vc_row row_content_width=\u00a0\u00bbgrid\u00a0\u00bb css=\u00a0\u00bb.vc_custom_1770298685122{margin-bottom: 120px !important;padding-top: 40px !important;}\u00a0\u00bb][vc_column][vc_column_text] RESTAURANT [\/vc_column_text][vc_row_inner equal_height=\u00a0\u00bbyes\u00a0\u00bb content_placement=\u00a0\u00bbmiddle\u00a0\u00bb][vc_column_inner width=\u00a0\u00bb1\/4&Prime;][vc_single_image image=\u00a0\u00bb6330&Prime; img_size=\u00a0\u00bbfull\u00a0\u00bb][\/vc_column_inner][vc_column_inner width=\u00a0\u00bb3\/4&Prime;][vc_column_text]Le restaurant se trouve au centre ville (Viale Regina Margherita) de Cagliari. Il est dot\u00e9 de trois grandes salles, une terrasse (avec une belle vue sur [&hellip;]<\/p>\n","protected":false},"author":4,"featured_media":0,"parent":0,"menu_order":0,"comment_status":"closed","ping_status":"closed","template":"full-width.php","meta":{"footnotes":""},"class_list":["post-7054","page","type-page","status-publish","hentry"],"yoast_head":"<!-- This site is optimized with the Yoast SEO plugin v27.3 - https:\/\/yoast.com\/product\/yoast-seo-wordpress\/ -->\n<title>HOME - Luigi Pomata<\/title>\n<meta name=\"robots\" content=\"index, follow, max-snippet:-1, max-image-preview:large, max-video-preview:-1\" \/>\n<link rel=\"canonical\" href=\"https:\/\/luigipomata.com\/fr\/\" \/>\n<meta property=\"og:locale\" content=\"fr_FR\" \/>\n<meta property=\"og:type\" content=\"article\" \/>\n<meta property=\"og:title\" content=\"HOME - Luigi Pomata\" \/>\n<meta property=\"og:description\" content=\"[vc_row row_content_width=\u00a0\u00bbgrid\u00a0\u00bb css=\u00a0\u00bb.vc_custom_1770298685122{margin-bottom: 120px !important;padding-top: 40px !important;}\u00a0\u00bb][vc_column][vc_column_text] RESTAURANT [\/vc_column_text][vc_row_inner equal_height=\u00a0\u00bbyes\u00a0\u00bb content_placement=\u00a0\u00bbmiddle\u00a0\u00bb][vc_column_inner width=\u00a0\u00bb1\/4&Prime;][vc_single_image image=\u00a0\u00bb6330&Prime; img_size=\u00a0\u00bbfull\u00a0\u00bb][\/vc_column_inner][vc_column_inner width=\u00a0\u00bb3\/4&Prime;][vc_column_text]Le restaurant se trouve au centre ville (Viale Regina Margherita) de Cagliari. Il est dot\u00e9 de trois grandes salles, une terrasse (avec une belle vue sur [&hellip;]\" \/>\n<meta property=\"og:url\" content=\"https:\/\/luigipomata.com\/fr\/\" \/>\n<meta property=\"og:site_name\" content=\"Luigi Pomata\" \/>\n<meta property=\"article:modified_time\" content=\"2026-03-19T09:43:24+00:00\" \/>\n<meta name=\"twitter:card\" content=\"summary_large_image\" \/>\n<meta name=\"twitter:label1\" content=\"Dur\u00e9e de lecture estim\u00e9e\" \/>\n\t<meta name=\"twitter:data1\" content=\"4 minutes\" \/>\n<script type=\"application\/ld+json\" class=\"yoast-schema-graph\">{\"@context\":\"https:\\\/\\\/schema.org\",\"@graph\":[{\"@type\":\"WebPage\",\"@id\":\"https:\\\/\\\/luigipomata.com\\\/fr\\\/\",\"url\":\"https:\\\/\\\/luigipomata.com\\\/fr\\\/\",\"name\":\"HOME - Luigi Pomata\",\"isPartOf\":{\"@id\":\"https:\\\/\\\/luigipomata.com\\\/fr\\\/#website\"},\"datePublished\":\"2018-01-15T08:21:09+00:00\",\"dateModified\":\"2026-03-19T09:43:24+00:00\",\"breadcrumb\":{\"@id\":\"https:\\\/\\\/luigipomata.com\\\/fr\\\/#breadcrumb\"},\"inLanguage\":\"fr-FR\",\"potentialAction\":[{\"@type\":\"ReadAction\",\"target\":[\"https:\\\/\\\/luigipomata.com\\\/fr\\\/\"]}]},{\"@type\":\"BreadcrumbList\",\"@id\":\"https:\\\/\\\/luigipomata.com\\\/fr\\\/#breadcrumb\",\"itemListElement\":[{\"@type\":\"ListItem\",\"position\":1,\"name\":\"Home\",\"item\":\"https:\\\/\\\/luigipomata.com\\\/fr\\\/\"},{\"@type\":\"ListItem\",\"position\":2,\"name\":\"HOME\"}]},{\"@type\":\"WebSite\",\"@id\":\"https:\\\/\\\/luigipomata.com\\\/fr\\\/#website\",\"url\":\"https:\\\/\\\/luigipomata.com\\\/fr\\\/\",\"name\":\"Luigi Pomata\",\"description\":\"\",\"publisher\":{\"@id\":\"https:\\\/\\\/luigipomata.com\\\/fr\\\/#organization\"},\"potentialAction\":[{\"@type\":\"SearchAction\",\"target\":{\"@type\":\"EntryPoint\",\"urlTemplate\":\"https:\\\/\\\/luigipomata.com\\\/fr\\\/?s={search_term_string}\"},\"query-input\":{\"@type\":\"PropertyValueSpecification\",\"valueRequired\":true,\"valueName\":\"search_term_string\"}}],\"inLanguage\":\"fr-FR\"},{\"@type\":\"Organization\",\"@id\":\"https:\\\/\\\/luigipomata.com\\\/fr\\\/#organization\",\"name\":\"Luigi Pomata\",\"url\":\"https:\\\/\\\/luigipomata.com\\\/fr\\\/\",\"logo\":{\"@type\":\"ImageObject\",\"inLanguage\":\"fr-FR\",\"@id\":\"https:\\\/\\\/luigipomata.com\\\/fr\\\/#\\\/schema\\\/logo\\\/image\\\/\",\"url\":\"https:\\\/\\\/luigipomata.com\\\/wp-content\\\/uploads\\\/2021\\\/06\\\/luigi-pomata-ristorante.jpg\",\"contentUrl\":\"https:\\\/\\\/luigipomata.com\\\/wp-content\\\/uploads\\\/2021\\\/06\\\/luigi-pomata-ristorante.jpg\",\"width\":415,\"height\":230,\"caption\":\"Luigi Pomata\"},\"image\":{\"@id\":\"https:\\\/\\\/luigipomata.com\\\/fr\\\/#\\\/schema\\\/logo\\\/image\\\/\"}}]}<\/script>\n<!-- \/ Yoast SEO plugin. -->","yoast_head_json":{"title":"HOME - Luigi Pomata","robots":{"index":"index","follow":"follow","max-snippet":"max-snippet:-1","max-image-preview":"max-image-preview:large","max-video-preview":"max-video-preview:-1"},"canonical":"https:\/\/luigipomata.com\/fr\/","og_locale":"fr_FR","og_type":"article","og_title":"HOME - Luigi Pomata","og_description":"[vc_row row_content_width=\u00a0\u00bbgrid\u00a0\u00bb css=\u00a0\u00bb.vc_custom_1770298685122{margin-bottom: 120px !important;padding-top: 40px !important;}\u00a0\u00bb][vc_column][vc_column_text] RESTAURANT [\/vc_column_text][vc_row_inner equal_height=\u00a0\u00bbyes\u00a0\u00bb content_placement=\u00a0\u00bbmiddle\u00a0\u00bb][vc_column_inner width=\u00a0\u00bb1\/4&Prime;][vc_single_image image=\u00a0\u00bb6330&Prime; img_size=\u00a0\u00bbfull\u00a0\u00bb][\/vc_column_inner][vc_column_inner width=\u00a0\u00bb3\/4&Prime;][vc_column_text]Le restaurant se trouve au centre ville (Viale Regina Margherita) de Cagliari. Il est dot\u00e9 de trois grandes salles, une terrasse (avec une belle vue sur [&hellip;]","og_url":"https:\/\/luigipomata.com\/fr\/","og_site_name":"Luigi Pomata","article_modified_time":"2026-03-19T09:43:24+00:00","twitter_card":"summary_large_image","twitter_misc":{"Dur\u00e9e de lecture estim\u00e9e":"4 minutes"},"schema":{"@context":"https:\/\/schema.org","@graph":[{"@type":"WebPage","@id":"https:\/\/luigipomata.com\/fr\/","url":"https:\/\/luigipomata.com\/fr\/","name":"HOME - Luigi Pomata","isPartOf":{"@id":"https:\/\/luigipomata.com\/fr\/#website"},"datePublished":"2018-01-15T08:21:09+00:00","dateModified":"2026-03-19T09:43:24+00:00","breadcrumb":{"@id":"https:\/\/luigipomata.com\/fr\/#breadcrumb"},"inLanguage":"fr-FR","potentialAction":[{"@type":"ReadAction","target":["https:\/\/luigipomata.com\/fr\/"]}]},{"@type":"BreadcrumbList","@id":"https:\/\/luigipomata.com\/fr\/#breadcrumb","itemListElement":[{"@type":"ListItem","position":1,"name":"Home","item":"https:\/\/luigipomata.com\/fr\/"},{"@type":"ListItem","position":2,"name":"HOME"}]},{"@type":"WebSite","@id":"https:\/\/luigipomata.com\/fr\/#website","url":"https:\/\/luigipomata.com\/fr\/","name":"Luigi Pomata","description":"","publisher":{"@id":"https:\/\/luigipomata.com\/fr\/#organization"},"potentialAction":[{"@type":"SearchAction","target":{"@type":"EntryPoint","urlTemplate":"https:\/\/luigipomata.com\/fr\/?s={search_term_string}"},"query-input":{"@type":"PropertyValueSpecification","valueRequired":true,"valueName":"search_term_string"}}],"inLanguage":"fr-FR"},{"@type":"Organization","@id":"https:\/\/luigipomata.com\/fr\/#organization","name":"Luigi Pomata","url":"https:\/\/luigipomata.com\/fr\/","logo":{"@type":"ImageObject","inLanguage":"fr-FR","@id":"https:\/\/luigipomata.com\/fr\/#\/schema\/logo\/image\/","url":"https:\/\/luigipomata.com\/wp-content\/uploads\/2021\/06\/luigi-pomata-ristorante.jpg","contentUrl":"https:\/\/luigipomata.com\/wp-content\/uploads\/2021\/06\/luigi-pomata-ristorante.jpg","width":415,"height":230,"caption":"Luigi Pomata"},"image":{"@id":"https:\/\/luigipomata.com\/fr\/#\/schema\/logo\/image\/"}}]}},"_links":{"self":[{"href":"https:\/\/luigipomata.com\/fr\/wp-json\/wp\/v2\/pages\/7054","targetHints":{"allow":["GET"]}}],"collection":[{"href":"https:\/\/luigipomata.com\/fr\/wp-json\/wp\/v2\/pages"}],"about":[{"href":"https:\/\/luigipomata.com\/fr\/wp-json\/wp\/v2\/types\/page"}],"author":[{"embeddable":true,"href":"https:\/\/luigipomata.com\/fr\/wp-json\/wp\/v2\/users\/4"}],"replies":[{"embeddable":true,"href":"https:\/\/luigipomata.com\/fr\/wp-json\/wp\/v2\/comments?post=7054"}],"version-history":[{"count":7,"href":"https:\/\/luigipomata.com\/fr\/wp-json\/wp\/v2\/pages\/7054\/revisions"}],"predecessor-version":[{"id":7328,"href":"https:\/\/luigipomata.com\/fr\/wp-json\/wp\/v2\/pages\/7054\/revisions\/7328"}],"wp:attachment":[{"href":"https:\/\/luigipomata.com\/fr\/wp-json\/wp\/v2\/media?parent=7054"}],"curies":[{"name":"wp","href":"https:\/\/api.w.org\/{rel}","templated":true}]}}