{"id":7134,"date":"2022-11-30T12:44:23","date_gmt":"2022-11-30T11:44:23","guid":{"rendered":"https:\/\/luigipomata.com\/?post_type=product&#038;p=7134"},"modified":"2026-02-21T11:46:29","modified_gmt":"2026-02-21T10:46:29","slug":"fregula-artisanale-sarde-grosse-500gr","status":"publish","type":"product","link":"https:\/\/luigipomata.com\/fr\/shop\/fregula-artisanale-sarde-grosse-500gr\/","title":{"rendered":"Fregula Artisanale Sarde Grosse 500gr"},"content":{"rendered":"","protected":false},"excerpt":{"rendered":"<p>Ses origines sont tr\u00e8s anciennes. Elle est r\u00e9alis\u00e9e \u00e0 la main en faisant rouler de la semoule \u00e0 l&rsquo;int\u00e9rieur de r\u00e9cipients pr\u00e9vus \u00e0 cet effet. Le mouvement circulaire fait en sorte que la semoule s&rsquo;agglom\u00e8re en grains de diff\u00e9rentes tailles. Excellente aussi bien pour les plats de viande que de poisson.<\/p>\n","protected":false},"featured_media":7133,"comment_status":"closed","ping_status":"closed","template":"","meta":[],"product_brand":[],"product_cat":[192,185],"product_tag":[],"class_list":{"0":"post-7134","1":"product","2":"type-product","3":"status-publish","4":"has-post-thumbnail","6":"product_cat-fregula-artisanale","7":"product_cat-les-produits-de-luigi-pomata","9":"first","10":"instock","11":"shipping-taxable","12":"purchasable","13":"product-type-simple"},"yoast_head":"<!-- This site is optimized with the Yoast SEO plugin v27.3 - https:\/\/yoast.com\/product\/yoast-seo-wordpress\/ -->\n<title>Fregula Artisanale Sarde Grosse 500gr - Luigi Pomata<\/title>\n<meta name=\"robots\" content=\"index, follow, max-snippet:-1, max-image-preview:large, max-video-preview:-1\" \/>\n<link rel=\"canonical\" href=\"https:\/\/luigipomata.com\/fr\/shop\/fregula-artisanale-sarde-grosse-500gr\/\" \/>\n<meta property=\"og:locale\" content=\"fr_FR\" \/>\n<meta property=\"og:type\" content=\"article\" \/>\n<meta property=\"og:title\" content=\"Fregula Artisanale Sarde Grosse 500gr - Luigi Pomata\" \/>\n<meta property=\"og:description\" content=\"Ses origines sont tr\u00e8s anciennes. Elle est r\u00e9alis\u00e9e \u00e0 la main en faisant rouler de la semoule \u00e0 l&#039;int\u00e9rieur de r\u00e9cipients pr\u00e9vus \u00e0 cet effet. Le mouvement circulaire fait en sorte que la semoule s&#039;agglom\u00e8re en grains de diff\u00e9rentes tailles. Excellente aussi bien pour les plats de viande que de poisson.\" \/>\n<meta property=\"og:url\" content=\"https:\/\/luigipomata.com\/fr\/shop\/fregula-artisanale-sarde-grosse-500gr\/\" \/>\n<meta property=\"og:site_name\" content=\"Luigi Pomata\" \/>\n<meta property=\"article:modified_time\" content=\"2026-02-21T10:46:29+00:00\" \/>\n<meta property=\"og:image\" content=\"https:\/\/luigipomata.com\/wp-content\/uploads\/2022\/11\/fregola-grossa.jpg\" \/>\n\t<meta property=\"og:image:width\" content=\"1000\" \/>\n\t<meta property=\"og:image:height\" content=\"1000\" \/>\n\t<meta property=\"og:image:type\" content=\"image\/jpeg\" \/>\n<meta name=\"twitter:card\" content=\"summary_large_image\" \/>\n<script type=\"application\/ld+json\" class=\"yoast-schema-graph\">{\"@context\":\"https:\\\/\\\/schema.org\",\"@graph\":[{\"@type\":\"WebPage\",\"@id\":\"https:\\\/\\\/luigipomata.com\\\/fr\\\/shop\\\/fregula-artisanale-sarde-grosse-500gr\\\/\",\"url\":\"https:\\\/\\\/luigipomata.com\\\/fr\\\/shop\\\/fregula-artisanale-sarde-grosse-500gr\\\/\",\"name\":\"Fregula Artisanale Sarde Grosse 500gr - Luigi Pomata\",\"isPartOf\":{\"@id\":\"https:\\\/\\\/luigipomata.com\\\/fr\\\/#website\"},\"primaryImageOfPage\":{\"@id\":\"https:\\\/\\\/luigipomata.com\\\/fr\\\/shop\\\/fregula-artisanale-sarde-grosse-500gr\\\/#primaryimage\"},\"image\":{\"@id\":\"https:\\\/\\\/luigipomata.com\\\/fr\\\/shop\\\/fregula-artisanale-sarde-grosse-500gr\\\/#primaryimage\"},\"thumbnailUrl\":\"https:\\\/\\\/luigipomata.com\\\/wp-content\\\/uploads\\\/2022\\\/11\\\/fregola-grossa.jpg\",\"datePublished\":\"2022-11-30T11:44:23+00:00\",\"dateModified\":\"2026-02-21T10:46:29+00:00\",\"breadcrumb\":{\"@id\":\"https:\\\/\\\/luigipomata.com\\\/fr\\\/shop\\\/fregula-artisanale-sarde-grosse-500gr\\\/#breadcrumb\"},\"inLanguage\":\"fr-FR\",\"potentialAction\":[{\"@type\":\"ReadAction\",\"target\":[\"https:\\\/\\\/luigipomata.com\\\/fr\\\/shop\\\/fregula-artisanale-sarde-grosse-500gr\\\/\"]}]},{\"@type\":\"ImageObject\",\"inLanguage\":\"fr-FR\",\"@id\":\"https:\\\/\\\/luigipomata.com\\\/fr\\\/shop\\\/fregula-artisanale-sarde-grosse-500gr\\\/#primaryimage\",\"url\":\"https:\\\/\\\/luigipomata.com\\\/wp-content\\\/uploads\\\/2022\\\/11\\\/fregola-grossa.jpg\",\"contentUrl\":\"https:\\\/\\\/luigipomata.com\\\/wp-content\\\/uploads\\\/2022\\\/11\\\/fregola-grossa.jpg\",\"width\":1000,\"height\":1000},{\"@type\":\"BreadcrumbList\",\"@id\":\"https:\\\/\\\/luigipomata.com\\\/fr\\\/shop\\\/fregula-artisanale-sarde-grosse-500gr\\\/#breadcrumb\",\"itemListElement\":[{\"@type\":\"ListItem\",\"position\":1,\"name\":\"Home\",\"item\":\"https:\\\/\\\/luigipomata.com\\\/fr\\\/\"},{\"@type\":\"ListItem\",\"position\":2,\"name\":\"Boutique\",\"item\":\"https:\\\/\\\/luigipomata.com\\\/fr\\\/boutique\\\/\"},{\"@type\":\"ListItem\",\"position\":3,\"name\":\"Fregula Artisanale Sarde Grosse 500gr\"}]},{\"@type\":\"WebSite\",\"@id\":\"https:\\\/\\\/luigipomata.com\\\/fr\\\/#website\",\"url\":\"https:\\\/\\\/luigipomata.com\\\/fr\\\/\",\"name\":\"Luigi Pomata\",\"description\":\"\",\"publisher\":{\"@id\":\"https:\\\/\\\/luigipomata.com\\\/fr\\\/#organization\"},\"potentialAction\":[{\"@type\":\"SearchAction\",\"target\":{\"@type\":\"EntryPoint\",\"urlTemplate\":\"https:\\\/\\\/luigipomata.com\\\/fr\\\/?s={search_term_string}\"},\"query-input\":{\"@type\":\"PropertyValueSpecification\",\"valueRequired\":true,\"valueName\":\"search_term_string\"}}],\"inLanguage\":\"fr-FR\"},{\"@type\":\"Organization\",\"@id\":\"https:\\\/\\\/luigipomata.com\\\/fr\\\/#organization\",\"name\":\"Luigi Pomata\",\"url\":\"https:\\\/\\\/luigipomata.com\\\/fr\\\/\",\"logo\":{\"@type\":\"ImageObject\",\"inLanguage\":\"fr-FR\",\"@id\":\"https:\\\/\\\/luigipomata.com\\\/fr\\\/#\\\/schema\\\/logo\\\/image\\\/\",\"url\":\"https:\\\/\\\/luigipomata.com\\\/wp-content\\\/uploads\\\/2021\\\/06\\\/luigi-pomata-ristorante.jpg\",\"contentUrl\":\"https:\\\/\\\/luigipomata.com\\\/wp-content\\\/uploads\\\/2021\\\/06\\\/luigi-pomata-ristorante.jpg\",\"width\":415,\"height\":230,\"caption\":\"Luigi Pomata\"},\"image\":{\"@id\":\"https:\\\/\\\/luigipomata.com\\\/fr\\\/#\\\/schema\\\/logo\\\/image\\\/\"}}]}<\/script>\n<!-- \/ Yoast SEO plugin. -->","yoast_head_json":{"title":"Fregula Artisanale Sarde Grosse 500gr - Luigi Pomata","robots":{"index":"index","follow":"follow","max-snippet":"max-snippet:-1","max-image-preview":"max-image-preview:large","max-video-preview":"max-video-preview:-1"},"canonical":"https:\/\/luigipomata.com\/fr\/shop\/fregula-artisanale-sarde-grosse-500gr\/","og_locale":"fr_FR","og_type":"article","og_title":"Fregula Artisanale Sarde Grosse 500gr - Luigi Pomata","og_description":"Ses origines sont tr\u00e8s anciennes. Elle est r\u00e9alis\u00e9e \u00e0 la main en faisant rouler de la semoule \u00e0 l'int\u00e9rieur de r\u00e9cipients pr\u00e9vus \u00e0 cet effet. Le mouvement circulaire fait en sorte que la semoule s'agglom\u00e8re en grains de diff\u00e9rentes tailles. Excellente aussi bien pour les plats de viande que de poisson.","og_url":"https:\/\/luigipomata.com\/fr\/shop\/fregula-artisanale-sarde-grosse-500gr\/","og_site_name":"Luigi Pomata","article_modified_time":"2026-02-21T10:46:29+00:00","og_image":[{"width":1000,"height":1000,"url":"https:\/\/luigipomata.com\/wp-content\/uploads\/2022\/11\/fregola-grossa.jpg","type":"image\/jpeg"}],"twitter_card":"summary_large_image","schema":{"@context":"https:\/\/schema.org","@graph":[{"@type":"WebPage","@id":"https:\/\/luigipomata.com\/fr\/shop\/fregula-artisanale-sarde-grosse-500gr\/","url":"https:\/\/luigipomata.com\/fr\/shop\/fregula-artisanale-sarde-grosse-500gr\/","name":"Fregula Artisanale Sarde Grosse 500gr - Luigi Pomata","isPartOf":{"@id":"https:\/\/luigipomata.com\/fr\/#website"},"primaryImageOfPage":{"@id":"https:\/\/luigipomata.com\/fr\/shop\/fregula-artisanale-sarde-grosse-500gr\/#primaryimage"},"image":{"@id":"https:\/\/luigipomata.com\/fr\/shop\/fregula-artisanale-sarde-grosse-500gr\/#primaryimage"},"thumbnailUrl":"https:\/\/luigipomata.com\/wp-content\/uploads\/2022\/11\/fregola-grossa.jpg","datePublished":"2022-11-30T11:44:23+00:00","dateModified":"2026-02-21T10:46:29+00:00","breadcrumb":{"@id":"https:\/\/luigipomata.com\/fr\/shop\/fregula-artisanale-sarde-grosse-500gr\/#breadcrumb"},"inLanguage":"fr-FR","potentialAction":[{"@type":"ReadAction","target":["https:\/\/luigipomata.com\/fr\/shop\/fregula-artisanale-sarde-grosse-500gr\/"]}]},{"@type":"ImageObject","inLanguage":"fr-FR","@id":"https:\/\/luigipomata.com\/fr\/shop\/fregula-artisanale-sarde-grosse-500gr\/#primaryimage","url":"https:\/\/luigipomata.com\/wp-content\/uploads\/2022\/11\/fregola-grossa.jpg","contentUrl":"https:\/\/luigipomata.com\/wp-content\/uploads\/2022\/11\/fregola-grossa.jpg","width":1000,"height":1000},{"@type":"BreadcrumbList","@id":"https:\/\/luigipomata.com\/fr\/shop\/fregula-artisanale-sarde-grosse-500gr\/#breadcrumb","itemListElement":[{"@type":"ListItem","position":1,"name":"Home","item":"https:\/\/luigipomata.com\/fr\/"},{"@type":"ListItem","position":2,"name":"Boutique","item":"https:\/\/luigipomata.com\/fr\/boutique\/"},{"@type":"ListItem","position":3,"name":"Fregula Artisanale Sarde Grosse 500gr"}]},{"@type":"WebSite","@id":"https:\/\/luigipomata.com\/fr\/#website","url":"https:\/\/luigipomata.com\/fr\/","name":"Luigi Pomata","description":"","publisher":{"@id":"https:\/\/luigipomata.com\/fr\/#organization"},"potentialAction":[{"@type":"SearchAction","target":{"@type":"EntryPoint","urlTemplate":"https:\/\/luigipomata.com\/fr\/?s={search_term_string}"},"query-input":{"@type":"PropertyValueSpecification","valueRequired":true,"valueName":"search_term_string"}}],"inLanguage":"fr-FR"},{"@type":"Organization","@id":"https:\/\/luigipomata.com\/fr\/#organization","name":"Luigi Pomata","url":"https:\/\/luigipomata.com\/fr\/","logo":{"@type":"ImageObject","inLanguage":"fr-FR","@id":"https:\/\/luigipomata.com\/fr\/#\/schema\/logo\/image\/","url":"https:\/\/luigipomata.com\/wp-content\/uploads\/2021\/06\/luigi-pomata-ristorante.jpg","contentUrl":"https:\/\/luigipomata.com\/wp-content\/uploads\/2021\/06\/luigi-pomata-ristorante.jpg","width":415,"height":230,"caption":"Luigi Pomata"},"image":{"@id":"https:\/\/luigipomata.com\/fr\/#\/schema\/logo\/image\/"}}]}},"_links":{"self":[{"href":"https:\/\/luigipomata.com\/fr\/wp-json\/wp\/v2\/product\/7134","targetHints":{"allow":["GET"]}}],"collection":[{"href":"https:\/\/luigipomata.com\/fr\/wp-json\/wp\/v2\/product"}],"about":[{"href":"https:\/\/luigipomata.com\/fr\/wp-json\/wp\/v2\/types\/product"}],"replies":[{"embeddable":true,"href":"https:\/\/luigipomata.com\/fr\/wp-json\/wp\/v2\/comments?post=7134"}],"wp:featuredmedia":[{"embeddable":true,"href":"https:\/\/luigipomata.com\/fr\/wp-json\/wp\/v2\/media\/7133"}],"wp:attachment":[{"href":"https:\/\/luigipomata.com\/fr\/wp-json\/wp\/v2\/media?parent=7134"}],"wp:term":[{"taxonomy":"product_brand","embeddable":true,"href":"https:\/\/luigipomata.com\/fr\/wp-json\/wp\/v2\/product_brand?post=7134"},{"taxonomy":"product_cat","embeddable":true,"href":"https:\/\/luigipomata.com\/fr\/wp-json\/wp\/v2\/product_cat?post=7134"},{"taxonomy":"product_tag","embeddable":true,"href":"https:\/\/luigipomata.com\/fr\/wp-json\/wp\/v2\/product_tag?post=7134"}],"curies":[{"name":"wp","href":"https:\/\/api.w.org\/{rel}","templated":true}]}}