{"id":7151,"date":"2022-11-30T12:02:16","date_gmt":"2022-11-30T11:02:16","guid":{"rendered":"https:\/\/luigipomata.com\/?post_type=product&#038;p=7151"},"modified":"2026-02-21T12:06:21","modified_gmt":"2026-02-21T11:06:21","slug":"sauce-de-tomate-sarde-coeur-de-boeuf-350gr","status":"publish","type":"product","link":"https:\/\/luigipomata.com\/fr\/shop\/sauce-de-tomate-sarde-coeur-de-boeuf-350gr\/","title":{"rendered":"Sauce de Tomate Sarde C\u0153ur de B\u0153uf 350gr"},"content":{"rendered":"","protected":false},"excerpt":{"rendered":"<p>Go\u00fbt cors\u00e9 et d\u00e9cid\u00e9. Ingr\u00e9dients : Tomate C\u0153ur de B\u0153uf 100 % et sel.<\/p>\n<hr \/>\n<p><span style=\"font-style: italic;\">Les sauces sont sans colorants ni conservateurs. Pour les d\u00e9guster, il suffit de les r\u00e9chauffer dans une po\u00eale pendant 02:00\/03:00 minutes en ajoutant de l&rsquo;huile d&rsquo;olive vierge extra, et si on le souhaite, avec un soffritto d&rsquo;oignon\/ail.<\/span><\/p>\n","protected":false},"featured_media":7150,"comment_status":"closed","ping_status":"closed","template":"","meta":[],"product_brand":[],"product_cat":[185,193],"product_tag":[],"class_list":{"0":"post-7151","1":"product","2":"type-product","3":"status-publish","4":"has-post-thumbnail","6":"product_cat-les-produits-de-luigi-pomata","7":"product_cat-sauces-tomate-de-sardaigne","9":"first","10":"instock","11":"shipping-taxable","12":"purchasable","13":"product-type-simple"},"yoast_head":"<!-- This site is optimized with the Yoast SEO plugin v27.3 - https:\/\/yoast.com\/product\/yoast-seo-wordpress\/ -->\n<title>Sauce de Tomate Sarde C\u0153ur de B\u0153uf 350gr - Luigi Pomata<\/title>\n<meta name=\"robots\" content=\"index, follow, max-snippet:-1, max-image-preview:large, max-video-preview:-1\" \/>\n<link rel=\"canonical\" href=\"https:\/\/luigipomata.com\/fr\/shop\/sauce-de-tomate-sarde-coeur-de-boeuf-350gr\/\" \/>\n<meta property=\"og:locale\" content=\"fr_FR\" \/>\n<meta property=\"og:type\" content=\"article\" \/>\n<meta property=\"og:title\" content=\"Sauce de Tomate Sarde C\u0153ur de B\u0153uf 350gr - Luigi Pomata\" \/>\n<meta property=\"og:description\" content=\"Go\u00fbt cors\u00e9 et d\u00e9cid\u00e9. Ingr\u00e9dients : Tomate C\u0153ur de B\u0153uf 100 % et sel.    Les sauces sont sans colorants ni conservateurs. Pour les d\u00e9guster, il suffit de les r\u00e9chauffer dans une po\u00eale pendant 02:00\/03:00 minutes en ajoutant de l&#039;huile d&#039;olive vierge extra, et si on le souhaite, avec un soffritto d&#039;oignon\/ail.\" \/>\n<meta property=\"og:url\" content=\"https:\/\/luigipomata.com\/fr\/shop\/sauce-de-tomate-sarde-coeur-de-boeuf-350gr\/\" \/>\n<meta property=\"og:site_name\" content=\"Luigi Pomata\" \/>\n<meta property=\"article:modified_time\" content=\"2026-02-21T11:06:21+00:00\" \/>\n<meta property=\"og:image\" content=\"https:\/\/luigipomata.com\/wp-content\/uploads\/2022\/11\/pomodoro-cuore-di-bue.jpg\" \/>\n\t<meta property=\"og:image:width\" content=\"1000\" \/>\n\t<meta property=\"og:image:height\" content=\"1000\" \/>\n\t<meta property=\"og:image:type\" content=\"image\/jpeg\" \/>\n<meta name=\"twitter:card\" content=\"summary_large_image\" \/>\n<script type=\"application\/ld+json\" class=\"yoast-schema-graph\">{\"@context\":\"https:\\\/\\\/schema.org\",\"@graph\":[{\"@type\":\"WebPage\",\"@id\":\"https:\\\/\\\/luigipomata.com\\\/fr\\\/shop\\\/sauce-de-tomate-sarde-coeur-de-boeuf-350gr\\\/\",\"url\":\"https:\\\/\\\/luigipomata.com\\\/fr\\\/shop\\\/sauce-de-tomate-sarde-coeur-de-boeuf-350gr\\\/\",\"name\":\"Sauce de Tomate Sarde C\u0153ur de B\u0153uf 350gr - Luigi Pomata\",\"isPartOf\":{\"@id\":\"https:\\\/\\\/luigipomata.com\\\/fr\\\/#website\"},\"primaryImageOfPage\":{\"@id\":\"https:\\\/\\\/luigipomata.com\\\/fr\\\/shop\\\/sauce-de-tomate-sarde-coeur-de-boeuf-350gr\\\/#primaryimage\"},\"image\":{\"@id\":\"https:\\\/\\\/luigipomata.com\\\/fr\\\/shop\\\/sauce-de-tomate-sarde-coeur-de-boeuf-350gr\\\/#primaryimage\"},\"thumbnailUrl\":\"https:\\\/\\\/luigipomata.com\\\/wp-content\\\/uploads\\\/2022\\\/11\\\/pomodoro-cuore-di-bue.jpg\",\"datePublished\":\"2022-11-30T11:02:16+00:00\",\"dateModified\":\"2026-02-21T11:06:21+00:00\",\"breadcrumb\":{\"@id\":\"https:\\\/\\\/luigipomata.com\\\/fr\\\/shop\\\/sauce-de-tomate-sarde-coeur-de-boeuf-350gr\\\/#breadcrumb\"},\"inLanguage\":\"fr-FR\",\"potentialAction\":[{\"@type\":\"ReadAction\",\"target\":[\"https:\\\/\\\/luigipomata.com\\\/fr\\\/shop\\\/sauce-de-tomate-sarde-coeur-de-boeuf-350gr\\\/\"]}]},{\"@type\":\"ImageObject\",\"inLanguage\":\"fr-FR\",\"@id\":\"https:\\\/\\\/luigipomata.com\\\/fr\\\/shop\\\/sauce-de-tomate-sarde-coeur-de-boeuf-350gr\\\/#primaryimage\",\"url\":\"https:\\\/\\\/luigipomata.com\\\/wp-content\\\/uploads\\\/2022\\\/11\\\/pomodoro-cuore-di-bue.jpg\",\"contentUrl\":\"https:\\\/\\\/luigipomata.com\\\/wp-content\\\/uploads\\\/2022\\\/11\\\/pomodoro-cuore-di-bue.jpg\",\"width\":1000,\"height\":1000},{\"@type\":\"BreadcrumbList\",\"@id\":\"https:\\\/\\\/luigipomata.com\\\/fr\\\/shop\\\/sauce-de-tomate-sarde-coeur-de-boeuf-350gr\\\/#breadcrumb\",\"itemListElement\":[{\"@type\":\"ListItem\",\"position\":1,\"name\":\"Home\",\"item\":\"https:\\\/\\\/luigipomata.com\\\/fr\\\/\"},{\"@type\":\"ListItem\",\"position\":2,\"name\":\"Boutique\",\"item\":\"https:\\\/\\\/luigipomata.com\\\/fr\\\/boutique\\\/\"},{\"@type\":\"ListItem\",\"position\":3,\"name\":\"Sauce de Tomate Sarde C\u0153ur de B\u0153uf 350gr\"}]},{\"@type\":\"WebSite\",\"@id\":\"https:\\\/\\\/luigipomata.com\\\/fr\\\/#website\",\"url\":\"https:\\\/\\\/luigipomata.com\\\/fr\\\/\",\"name\":\"Luigi Pomata\",\"description\":\"\",\"publisher\":{\"@id\":\"https:\\\/\\\/luigipomata.com\\\/fr\\\/#organization\"},\"potentialAction\":[{\"@type\":\"SearchAction\",\"target\":{\"@type\":\"EntryPoint\",\"urlTemplate\":\"https:\\\/\\\/luigipomata.com\\\/fr\\\/?s={search_term_string}\"},\"query-input\":{\"@type\":\"PropertyValueSpecification\",\"valueRequired\":true,\"valueName\":\"search_term_string\"}}],\"inLanguage\":\"fr-FR\"},{\"@type\":\"Organization\",\"@id\":\"https:\\\/\\\/luigipomata.com\\\/fr\\\/#organization\",\"name\":\"Luigi Pomata\",\"url\":\"https:\\\/\\\/luigipomata.com\\\/fr\\\/\",\"logo\":{\"@type\":\"ImageObject\",\"inLanguage\":\"fr-FR\",\"@id\":\"https:\\\/\\\/luigipomata.com\\\/fr\\\/#\\\/schema\\\/logo\\\/image\\\/\",\"url\":\"https:\\\/\\\/luigipomata.com\\\/wp-content\\\/uploads\\\/2021\\\/06\\\/luigi-pomata-ristorante.jpg\",\"contentUrl\":\"https:\\\/\\\/luigipomata.com\\\/wp-content\\\/uploads\\\/2021\\\/06\\\/luigi-pomata-ristorante.jpg\",\"width\":415,\"height\":230,\"caption\":\"Luigi Pomata\"},\"image\":{\"@id\":\"https:\\\/\\\/luigipomata.com\\\/fr\\\/#\\\/schema\\\/logo\\\/image\\\/\"}}]}<\/script>\n<!-- \/ Yoast SEO plugin. -->","yoast_head_json":{"title":"Sauce de Tomate Sarde C\u0153ur de B\u0153uf 350gr - Luigi Pomata","robots":{"index":"index","follow":"follow","max-snippet":"max-snippet:-1","max-image-preview":"max-image-preview:large","max-video-preview":"max-video-preview:-1"},"canonical":"https:\/\/luigipomata.com\/fr\/shop\/sauce-de-tomate-sarde-coeur-de-boeuf-350gr\/","og_locale":"fr_FR","og_type":"article","og_title":"Sauce de Tomate Sarde C\u0153ur de B\u0153uf 350gr - Luigi Pomata","og_description":"Go\u00fbt cors\u00e9 et d\u00e9cid\u00e9. Ingr\u00e9dients : Tomate C\u0153ur de B\u0153uf 100 % et sel.    Les sauces sont sans colorants ni conservateurs. Pour les d\u00e9guster, il suffit de les r\u00e9chauffer dans une po\u00eale pendant 02:00\/03:00 minutes en ajoutant de l'huile d'olive vierge extra, et si on le souhaite, avec un soffritto d'oignon\/ail.","og_url":"https:\/\/luigipomata.com\/fr\/shop\/sauce-de-tomate-sarde-coeur-de-boeuf-350gr\/","og_site_name":"Luigi Pomata","article_modified_time":"2026-02-21T11:06:21+00:00","og_image":[{"width":1000,"height":1000,"url":"https:\/\/luigipomata.com\/wp-content\/uploads\/2022\/11\/pomodoro-cuore-di-bue.jpg","type":"image\/jpeg"}],"twitter_card":"summary_large_image","schema":{"@context":"https:\/\/schema.org","@graph":[{"@type":"WebPage","@id":"https:\/\/luigipomata.com\/fr\/shop\/sauce-de-tomate-sarde-coeur-de-boeuf-350gr\/","url":"https:\/\/luigipomata.com\/fr\/shop\/sauce-de-tomate-sarde-coeur-de-boeuf-350gr\/","name":"Sauce de Tomate Sarde C\u0153ur de B\u0153uf 350gr - Luigi Pomata","isPartOf":{"@id":"https:\/\/luigipomata.com\/fr\/#website"},"primaryImageOfPage":{"@id":"https:\/\/luigipomata.com\/fr\/shop\/sauce-de-tomate-sarde-coeur-de-boeuf-350gr\/#primaryimage"},"image":{"@id":"https:\/\/luigipomata.com\/fr\/shop\/sauce-de-tomate-sarde-coeur-de-boeuf-350gr\/#primaryimage"},"thumbnailUrl":"https:\/\/luigipomata.com\/wp-content\/uploads\/2022\/11\/pomodoro-cuore-di-bue.jpg","datePublished":"2022-11-30T11:02:16+00:00","dateModified":"2026-02-21T11:06:21+00:00","breadcrumb":{"@id":"https:\/\/luigipomata.com\/fr\/shop\/sauce-de-tomate-sarde-coeur-de-boeuf-350gr\/#breadcrumb"},"inLanguage":"fr-FR","potentialAction":[{"@type":"ReadAction","target":["https:\/\/luigipomata.com\/fr\/shop\/sauce-de-tomate-sarde-coeur-de-boeuf-350gr\/"]}]},{"@type":"ImageObject","inLanguage":"fr-FR","@id":"https:\/\/luigipomata.com\/fr\/shop\/sauce-de-tomate-sarde-coeur-de-boeuf-350gr\/#primaryimage","url":"https:\/\/luigipomata.com\/wp-content\/uploads\/2022\/11\/pomodoro-cuore-di-bue.jpg","contentUrl":"https:\/\/luigipomata.com\/wp-content\/uploads\/2022\/11\/pomodoro-cuore-di-bue.jpg","width":1000,"height":1000},{"@type":"BreadcrumbList","@id":"https:\/\/luigipomata.com\/fr\/shop\/sauce-de-tomate-sarde-coeur-de-boeuf-350gr\/#breadcrumb","itemListElement":[{"@type":"ListItem","position":1,"name":"Home","item":"https:\/\/luigipomata.com\/fr\/"},{"@type":"ListItem","position":2,"name":"Boutique","item":"https:\/\/luigipomata.com\/fr\/boutique\/"},{"@type":"ListItem","position":3,"name":"Sauce de Tomate Sarde C\u0153ur de B\u0153uf 350gr"}]},{"@type":"WebSite","@id":"https:\/\/luigipomata.com\/fr\/#website","url":"https:\/\/luigipomata.com\/fr\/","name":"Luigi Pomata","description":"","publisher":{"@id":"https:\/\/luigipomata.com\/fr\/#organization"},"potentialAction":[{"@type":"SearchAction","target":{"@type":"EntryPoint","urlTemplate":"https:\/\/luigipomata.com\/fr\/?s={search_term_string}"},"query-input":{"@type":"PropertyValueSpecification","valueRequired":true,"valueName":"search_term_string"}}],"inLanguage":"fr-FR"},{"@type":"Organization","@id":"https:\/\/luigipomata.com\/fr\/#organization","name":"Luigi Pomata","url":"https:\/\/luigipomata.com\/fr\/","logo":{"@type":"ImageObject","inLanguage":"fr-FR","@id":"https:\/\/luigipomata.com\/fr\/#\/schema\/logo\/image\/","url":"https:\/\/luigipomata.com\/wp-content\/uploads\/2021\/06\/luigi-pomata-ristorante.jpg","contentUrl":"https:\/\/luigipomata.com\/wp-content\/uploads\/2021\/06\/luigi-pomata-ristorante.jpg","width":415,"height":230,"caption":"Luigi Pomata"},"image":{"@id":"https:\/\/luigipomata.com\/fr\/#\/schema\/logo\/image\/"}}]}},"_links":{"self":[{"href":"https:\/\/luigipomata.com\/fr\/wp-json\/wp\/v2\/product\/7151","targetHints":{"allow":["GET"]}}],"collection":[{"href":"https:\/\/luigipomata.com\/fr\/wp-json\/wp\/v2\/product"}],"about":[{"href":"https:\/\/luigipomata.com\/fr\/wp-json\/wp\/v2\/types\/product"}],"replies":[{"embeddable":true,"href":"https:\/\/luigipomata.com\/fr\/wp-json\/wp\/v2\/comments?post=7151"}],"wp:featuredmedia":[{"embeddable":true,"href":"https:\/\/luigipomata.com\/fr\/wp-json\/wp\/v2\/media\/7150"}],"wp:attachment":[{"href":"https:\/\/luigipomata.com\/fr\/wp-json\/wp\/v2\/media?parent=7151"}],"wp:term":[{"taxonomy":"product_brand","embeddable":true,"href":"https:\/\/luigipomata.com\/fr\/wp-json\/wp\/v2\/product_brand?post=7151"},{"taxonomy":"product_cat","embeddable":true,"href":"https:\/\/luigipomata.com\/fr\/wp-json\/wp\/v2\/product_cat?post=7151"},{"taxonomy":"product_tag","embeddable":true,"href":"https:\/\/luigipomata.com\/fr\/wp-json\/wp\/v2\/product_tag?post=7151"}],"curies":[{"name":"wp","href":"https:\/\/api.w.org\/{rel}","templated":true}]}}