{"id":7159,"date":"2022-11-30T11:54:42","date_gmt":"2022-11-30T10:54:42","guid":{"rendered":"https:\/\/luigipomata.com\/?post_type=product&#038;p=7159"},"modified":"2026-02-21T12:10:41","modified_gmt":"2026-02-21T11:10:41","slug":"miel-de-sardaigne-arbousier-250gr","status":"publish","type":"product","link":"https:\/\/luigipomata.com\/fr\/shop\/miel-de-sardaigne-arbousier-250gr\/","title":{"rendered":"Miel de Sardaigne Arbousier 250gr"},"content":{"rendered":"","protected":false},"excerpt":{"rendered":"<p>Couleur ambre fonc\u00e9 au go\u00fbt intense, persistant, avec une forte composante am\u00e8re et astringente. Il a un fort pouvoir d\u00e9sinfectant ; utile en cas d&rsquo;inflammations, surtout de l&rsquo;appareil urog\u00e9nital. En cuisine, il est parfait dans le caf\u00e9 et sur les v\u00e9g\u00e9taux amers. Il s&rsquo;accorde \u00e9galement bien avec les fromages, le melon frais ou sur les glaces et mousses au chocolat blanc, en raison du contraste de go\u00fbt surprenant.<\/p>\n","protected":false},"featured_media":7158,"comment_status":"closed","ping_status":"closed","template":"","meta":[],"product_brand":[],"product_cat":[185,189],"product_tag":[],"class_list":{"0":"post-7159","1":"product","2":"type-product","3":"status-publish","4":"has-post-thumbnail","6":"product_cat-les-produits-de-luigi-pomata","7":"product_cat-miel-de-sardaigne","9":"first","10":"instock","11":"shipping-taxable","12":"purchasable","13":"product-type-simple"},"yoast_head":"<!-- This site is optimized with the Yoast SEO plugin v27.3 - https:\/\/yoast.com\/product\/yoast-seo-wordpress\/ -->\n<title>Miel de Sardaigne Arbousier 250gr - Luigi Pomata<\/title>\n<meta name=\"robots\" content=\"index, follow, max-snippet:-1, max-image-preview:large, max-video-preview:-1\" \/>\n<link rel=\"canonical\" href=\"https:\/\/luigipomata.com\/fr\/shop\/miel-de-sardaigne-arbousier-250gr\/\" \/>\n<meta property=\"og:locale\" content=\"fr_FR\" \/>\n<meta property=\"og:type\" content=\"article\" \/>\n<meta property=\"og:title\" content=\"Miel de Sardaigne Arbousier 250gr - Luigi Pomata\" \/>\n<meta property=\"og:description\" content=\"Couleur ambre fonc\u00e9 au go\u00fbt intense, persistant, avec une forte composante am\u00e8re et astringente. Il a un fort pouvoir d\u00e9sinfectant ; utile en cas d&#039;inflammations, surtout de l&#039;appareil urog\u00e9nital. En cuisine, il est parfait dans le caf\u00e9 et sur les v\u00e9g\u00e9taux amers. Il s&#039;accorde \u00e9galement bien avec les fromages, le melon frais ou sur les glaces et mousses au chocolat blanc, en raison du contraste de go\u00fbt surprenant.\" \/>\n<meta property=\"og:url\" content=\"https:\/\/luigipomata.com\/fr\/shop\/miel-de-sardaigne-arbousier-250gr\/\" \/>\n<meta property=\"og:site_name\" content=\"Luigi Pomata\" \/>\n<meta property=\"article:modified_time\" content=\"2026-02-21T11:10:41+00:00\" \/>\n<meta property=\"og:image\" content=\"https:\/\/luigipomata.com\/wp-content\/uploads\/2022\/11\/miele-corbezzolo.jpg\" \/>\n\t<meta property=\"og:image:width\" content=\"1000\" \/>\n\t<meta property=\"og:image:height\" content=\"1000\" \/>\n\t<meta property=\"og:image:type\" content=\"image\/jpeg\" \/>\n<meta name=\"twitter:card\" content=\"summary_large_image\" \/>\n<script type=\"application\/ld+json\" class=\"yoast-schema-graph\">{\"@context\":\"https:\\\/\\\/schema.org\",\"@graph\":[{\"@type\":\"WebPage\",\"@id\":\"https:\\\/\\\/luigipomata.com\\\/fr\\\/shop\\\/miel-de-sardaigne-arbousier-250gr\\\/\",\"url\":\"https:\\\/\\\/luigipomata.com\\\/fr\\\/shop\\\/miel-de-sardaigne-arbousier-250gr\\\/\",\"name\":\"Miel de Sardaigne Arbousier 250gr - Luigi Pomata\",\"isPartOf\":{\"@id\":\"https:\\\/\\\/luigipomata.com\\\/fr\\\/#website\"},\"primaryImageOfPage\":{\"@id\":\"https:\\\/\\\/luigipomata.com\\\/fr\\\/shop\\\/miel-de-sardaigne-arbousier-250gr\\\/#primaryimage\"},\"image\":{\"@id\":\"https:\\\/\\\/luigipomata.com\\\/fr\\\/shop\\\/miel-de-sardaigne-arbousier-250gr\\\/#primaryimage\"},\"thumbnailUrl\":\"https:\\\/\\\/luigipomata.com\\\/wp-content\\\/uploads\\\/2022\\\/11\\\/miele-corbezzolo.jpg\",\"datePublished\":\"2022-11-30T10:54:42+00:00\",\"dateModified\":\"2026-02-21T11:10:41+00:00\",\"breadcrumb\":{\"@id\":\"https:\\\/\\\/luigipomata.com\\\/fr\\\/shop\\\/miel-de-sardaigne-arbousier-250gr\\\/#breadcrumb\"},\"inLanguage\":\"fr-FR\",\"potentialAction\":[{\"@type\":\"ReadAction\",\"target\":[\"https:\\\/\\\/luigipomata.com\\\/fr\\\/shop\\\/miel-de-sardaigne-arbousier-250gr\\\/\"]}]},{\"@type\":\"ImageObject\",\"inLanguage\":\"fr-FR\",\"@id\":\"https:\\\/\\\/luigipomata.com\\\/fr\\\/shop\\\/miel-de-sardaigne-arbousier-250gr\\\/#primaryimage\",\"url\":\"https:\\\/\\\/luigipomata.com\\\/wp-content\\\/uploads\\\/2022\\\/11\\\/miele-corbezzolo.jpg\",\"contentUrl\":\"https:\\\/\\\/luigipomata.com\\\/wp-content\\\/uploads\\\/2022\\\/11\\\/miele-corbezzolo.jpg\",\"width\":1000,\"height\":1000},{\"@type\":\"BreadcrumbList\",\"@id\":\"https:\\\/\\\/luigipomata.com\\\/fr\\\/shop\\\/miel-de-sardaigne-arbousier-250gr\\\/#breadcrumb\",\"itemListElement\":[{\"@type\":\"ListItem\",\"position\":1,\"name\":\"Home\",\"item\":\"https:\\\/\\\/luigipomata.com\\\/fr\\\/\"},{\"@type\":\"ListItem\",\"position\":2,\"name\":\"Boutique\",\"item\":\"https:\\\/\\\/luigipomata.com\\\/fr\\\/boutique\\\/\"},{\"@type\":\"ListItem\",\"position\":3,\"name\":\"Miel de Sardaigne Arbousier 250gr\"}]},{\"@type\":\"WebSite\",\"@id\":\"https:\\\/\\\/luigipomata.com\\\/fr\\\/#website\",\"url\":\"https:\\\/\\\/luigipomata.com\\\/fr\\\/\",\"name\":\"Luigi Pomata\",\"description\":\"\",\"publisher\":{\"@id\":\"https:\\\/\\\/luigipomata.com\\\/fr\\\/#organization\"},\"potentialAction\":[{\"@type\":\"SearchAction\",\"target\":{\"@type\":\"EntryPoint\",\"urlTemplate\":\"https:\\\/\\\/luigipomata.com\\\/fr\\\/?s={search_term_string}\"},\"query-input\":{\"@type\":\"PropertyValueSpecification\",\"valueRequired\":true,\"valueName\":\"search_term_string\"}}],\"inLanguage\":\"fr-FR\"},{\"@type\":\"Organization\",\"@id\":\"https:\\\/\\\/luigipomata.com\\\/fr\\\/#organization\",\"name\":\"Luigi Pomata\",\"url\":\"https:\\\/\\\/luigipomata.com\\\/fr\\\/\",\"logo\":{\"@type\":\"ImageObject\",\"inLanguage\":\"fr-FR\",\"@id\":\"https:\\\/\\\/luigipomata.com\\\/fr\\\/#\\\/schema\\\/logo\\\/image\\\/\",\"url\":\"https:\\\/\\\/luigipomata.com\\\/wp-content\\\/uploads\\\/2021\\\/06\\\/luigi-pomata-ristorante.jpg\",\"contentUrl\":\"https:\\\/\\\/luigipomata.com\\\/wp-content\\\/uploads\\\/2021\\\/06\\\/luigi-pomata-ristorante.jpg\",\"width\":415,\"height\":230,\"caption\":\"Luigi Pomata\"},\"image\":{\"@id\":\"https:\\\/\\\/luigipomata.com\\\/fr\\\/#\\\/schema\\\/logo\\\/image\\\/\"}}]}<\/script>\n<!-- \/ Yoast SEO plugin. -->","yoast_head_json":{"title":"Miel de Sardaigne Arbousier 250gr - Luigi Pomata","robots":{"index":"index","follow":"follow","max-snippet":"max-snippet:-1","max-image-preview":"max-image-preview:large","max-video-preview":"max-video-preview:-1"},"canonical":"https:\/\/luigipomata.com\/fr\/shop\/miel-de-sardaigne-arbousier-250gr\/","og_locale":"fr_FR","og_type":"article","og_title":"Miel de Sardaigne Arbousier 250gr - Luigi Pomata","og_description":"Couleur ambre fonc\u00e9 au go\u00fbt intense, persistant, avec une forte composante am\u00e8re et astringente. Il a un fort pouvoir d\u00e9sinfectant ; utile en cas d'inflammations, surtout de l'appareil urog\u00e9nital. En cuisine, il est parfait dans le caf\u00e9 et sur les v\u00e9g\u00e9taux amers. Il s'accorde \u00e9galement bien avec les fromages, le melon frais ou sur les glaces et mousses au chocolat blanc, en raison du contraste de go\u00fbt surprenant.","og_url":"https:\/\/luigipomata.com\/fr\/shop\/miel-de-sardaigne-arbousier-250gr\/","og_site_name":"Luigi Pomata","article_modified_time":"2026-02-21T11:10:41+00:00","og_image":[{"width":1000,"height":1000,"url":"https:\/\/luigipomata.com\/wp-content\/uploads\/2022\/11\/miele-corbezzolo.jpg","type":"image\/jpeg"}],"twitter_card":"summary_large_image","schema":{"@context":"https:\/\/schema.org","@graph":[{"@type":"WebPage","@id":"https:\/\/luigipomata.com\/fr\/shop\/miel-de-sardaigne-arbousier-250gr\/","url":"https:\/\/luigipomata.com\/fr\/shop\/miel-de-sardaigne-arbousier-250gr\/","name":"Miel de Sardaigne Arbousier 250gr - Luigi Pomata","isPartOf":{"@id":"https:\/\/luigipomata.com\/fr\/#website"},"primaryImageOfPage":{"@id":"https:\/\/luigipomata.com\/fr\/shop\/miel-de-sardaigne-arbousier-250gr\/#primaryimage"},"image":{"@id":"https:\/\/luigipomata.com\/fr\/shop\/miel-de-sardaigne-arbousier-250gr\/#primaryimage"},"thumbnailUrl":"https:\/\/luigipomata.com\/wp-content\/uploads\/2022\/11\/miele-corbezzolo.jpg","datePublished":"2022-11-30T10:54:42+00:00","dateModified":"2026-02-21T11:10:41+00:00","breadcrumb":{"@id":"https:\/\/luigipomata.com\/fr\/shop\/miel-de-sardaigne-arbousier-250gr\/#breadcrumb"},"inLanguage":"fr-FR","potentialAction":[{"@type":"ReadAction","target":["https:\/\/luigipomata.com\/fr\/shop\/miel-de-sardaigne-arbousier-250gr\/"]}]},{"@type":"ImageObject","inLanguage":"fr-FR","@id":"https:\/\/luigipomata.com\/fr\/shop\/miel-de-sardaigne-arbousier-250gr\/#primaryimage","url":"https:\/\/luigipomata.com\/wp-content\/uploads\/2022\/11\/miele-corbezzolo.jpg","contentUrl":"https:\/\/luigipomata.com\/wp-content\/uploads\/2022\/11\/miele-corbezzolo.jpg","width":1000,"height":1000},{"@type":"BreadcrumbList","@id":"https:\/\/luigipomata.com\/fr\/shop\/miel-de-sardaigne-arbousier-250gr\/#breadcrumb","itemListElement":[{"@type":"ListItem","position":1,"name":"Home","item":"https:\/\/luigipomata.com\/fr\/"},{"@type":"ListItem","position":2,"name":"Boutique","item":"https:\/\/luigipomata.com\/fr\/boutique\/"},{"@type":"ListItem","position":3,"name":"Miel de Sardaigne Arbousier 250gr"}]},{"@type":"WebSite","@id":"https:\/\/luigipomata.com\/fr\/#website","url":"https:\/\/luigipomata.com\/fr\/","name":"Luigi Pomata","description":"","publisher":{"@id":"https:\/\/luigipomata.com\/fr\/#organization"},"potentialAction":[{"@type":"SearchAction","target":{"@type":"EntryPoint","urlTemplate":"https:\/\/luigipomata.com\/fr\/?s={search_term_string}"},"query-input":{"@type":"PropertyValueSpecification","valueRequired":true,"valueName":"search_term_string"}}],"inLanguage":"fr-FR"},{"@type":"Organization","@id":"https:\/\/luigipomata.com\/fr\/#organization","name":"Luigi Pomata","url":"https:\/\/luigipomata.com\/fr\/","logo":{"@type":"ImageObject","inLanguage":"fr-FR","@id":"https:\/\/luigipomata.com\/fr\/#\/schema\/logo\/image\/","url":"https:\/\/luigipomata.com\/wp-content\/uploads\/2021\/06\/luigi-pomata-ristorante.jpg","contentUrl":"https:\/\/luigipomata.com\/wp-content\/uploads\/2021\/06\/luigi-pomata-ristorante.jpg","width":415,"height":230,"caption":"Luigi Pomata"},"image":{"@id":"https:\/\/luigipomata.com\/fr\/#\/schema\/logo\/image\/"}}]}},"_links":{"self":[{"href":"https:\/\/luigipomata.com\/fr\/wp-json\/wp\/v2\/product\/7159","targetHints":{"allow":["GET"]}}],"collection":[{"href":"https:\/\/luigipomata.com\/fr\/wp-json\/wp\/v2\/product"}],"about":[{"href":"https:\/\/luigipomata.com\/fr\/wp-json\/wp\/v2\/types\/product"}],"replies":[{"embeddable":true,"href":"https:\/\/luigipomata.com\/fr\/wp-json\/wp\/v2\/comments?post=7159"}],"wp:featuredmedia":[{"embeddable":true,"href":"https:\/\/luigipomata.com\/fr\/wp-json\/wp\/v2\/media\/7158"}],"wp:attachment":[{"href":"https:\/\/luigipomata.com\/fr\/wp-json\/wp\/v2\/media?parent=7159"}],"wp:term":[{"taxonomy":"product_brand","embeddable":true,"href":"https:\/\/luigipomata.com\/fr\/wp-json\/wp\/v2\/product_brand?post=7159"},{"taxonomy":"product_cat","embeddable":true,"href":"https:\/\/luigipomata.com\/fr\/wp-json\/wp\/v2\/product_cat?post=7159"},{"taxonomy":"product_tag","embeddable":true,"href":"https:\/\/luigipomata.com\/fr\/wp-json\/wp\/v2\/product_tag?post=7159"}],"curies":[{"name":"wp","href":"https:\/\/api.w.org\/{rel}","templated":true}]}}