{"id":7162,"date":"2022-11-30T10:33:09","date_gmt":"2022-11-30T09:33:09","guid":{"rendered":"https:\/\/luigipomata.com\/?post_type=product&#038;p=7162"},"modified":"2026-02-21T12:12:57","modified_gmt":"2026-02-21T11:12:57","slug":"miel-de-sardaigne-millefleurs-250gr","status":"publish","type":"product","link":"https:\/\/luigipomata.com\/fr\/shop\/miel-de-sardaigne-millefleurs-250gr\/","title":{"rendered":"Miel de Sardaigne Millefleurs 250gr"},"content":{"rendered":"","protected":false},"excerpt":{"rendered":"<p>Le millefleurs est un miel qui se compose du nectar de diff\u00e9rentes vari\u00e9t\u00e9s de fleurs, c&rsquo;est pourquoi il contient davantage de propri\u00e9t\u00e9s b\u00e9n\u00e9fiques pour notre organisme, exer\u00e7ant surtout des fonctions antigrippales et d\u00e9puratives. Particuli\u00e8rement polyvalent, il remplace int\u00e9gralement le sucre dans les boissons chaudes\/froides, les yaourts nature, les salades de fruits, mais il est aussi \u00e0 tartiner directement sur du pain ou des biscottes.<\/p>\n","protected":false},"featured_media":7158,"comment_status":"closed","ping_status":"closed","template":"","meta":[],"product_brand":[],"product_cat":[185,189],"product_tag":[],"class_list":{"0":"post-7162","1":"product","2":"type-product","3":"status-publish","4":"has-post-thumbnail","6":"product_cat-les-produits-de-luigi-pomata","7":"product_cat-miel-de-sardaigne","9":"first","10":"instock","11":"shipping-taxable","12":"purchasable","13":"product-type-simple"},"yoast_head":"<!-- This site is optimized with the Yoast SEO plugin v27.3 - https:\/\/yoast.com\/product\/yoast-seo-wordpress\/ -->\n<title>Miel de Sardaigne Millefleurs 250gr - Luigi Pomata<\/title>\n<meta name=\"robots\" content=\"index, follow, max-snippet:-1, max-image-preview:large, max-video-preview:-1\" \/>\n<link rel=\"canonical\" href=\"https:\/\/luigipomata.com\/fr\/shop\/miel-de-sardaigne-millefleurs-250gr\/\" \/>\n<meta property=\"og:locale\" content=\"fr_FR\" \/>\n<meta property=\"og:type\" content=\"article\" \/>\n<meta property=\"og:title\" content=\"Miel de Sardaigne Millefleurs 250gr - Luigi Pomata\" \/>\n<meta property=\"og:description\" content=\"Le millefleurs est un miel qui se compose du nectar de diff\u00e9rentes vari\u00e9t\u00e9s de fleurs, c&#039;est pourquoi il contient davantage de propri\u00e9t\u00e9s b\u00e9n\u00e9fiques pour notre organisme, exer\u00e7ant surtout des fonctions antigrippales et d\u00e9puratives. Particuli\u00e8rement polyvalent, il remplace int\u00e9gralement le sucre dans les boissons chaudes\/froides, les yaourts nature, les salades de fruits, mais il est aussi \u00e0 tartiner directement sur du pain ou des biscottes.\" \/>\n<meta property=\"og:url\" content=\"https:\/\/luigipomata.com\/fr\/shop\/miel-de-sardaigne-millefleurs-250gr\/\" \/>\n<meta property=\"og:site_name\" content=\"Luigi Pomata\" \/>\n<meta property=\"article:modified_time\" content=\"2026-02-21T11:12:57+00:00\" \/>\n<meta property=\"og:image\" content=\"https:\/\/luigipomata.com\/wp-content\/uploads\/2022\/11\/miele-corbezzolo.jpg\" \/>\n\t<meta property=\"og:image:width\" content=\"1000\" \/>\n\t<meta property=\"og:image:height\" content=\"1000\" \/>\n\t<meta property=\"og:image:type\" content=\"image\/jpeg\" \/>\n<meta name=\"twitter:card\" content=\"summary_large_image\" \/>\n<script type=\"application\/ld+json\" class=\"yoast-schema-graph\">{\"@context\":\"https:\\\/\\\/schema.org\",\"@graph\":[{\"@type\":\"WebPage\",\"@id\":\"https:\\\/\\\/luigipomata.com\\\/fr\\\/shop\\\/miel-de-sardaigne-millefleurs-250gr\\\/\",\"url\":\"https:\\\/\\\/luigipomata.com\\\/fr\\\/shop\\\/miel-de-sardaigne-millefleurs-250gr\\\/\",\"name\":\"Miel de Sardaigne Millefleurs 250gr - Luigi Pomata\",\"isPartOf\":{\"@id\":\"https:\\\/\\\/luigipomata.com\\\/fr\\\/#website\"},\"primaryImageOfPage\":{\"@id\":\"https:\\\/\\\/luigipomata.com\\\/fr\\\/shop\\\/miel-de-sardaigne-millefleurs-250gr\\\/#primaryimage\"},\"image\":{\"@id\":\"https:\\\/\\\/luigipomata.com\\\/fr\\\/shop\\\/miel-de-sardaigne-millefleurs-250gr\\\/#primaryimage\"},\"thumbnailUrl\":\"https:\\\/\\\/luigipomata.com\\\/wp-content\\\/uploads\\\/2022\\\/11\\\/miele-corbezzolo.jpg\",\"datePublished\":\"2022-11-30T09:33:09+00:00\",\"dateModified\":\"2026-02-21T11:12:57+00:00\",\"breadcrumb\":{\"@id\":\"https:\\\/\\\/luigipomata.com\\\/fr\\\/shop\\\/miel-de-sardaigne-millefleurs-250gr\\\/#breadcrumb\"},\"inLanguage\":\"fr-FR\",\"potentialAction\":[{\"@type\":\"ReadAction\",\"target\":[\"https:\\\/\\\/luigipomata.com\\\/fr\\\/shop\\\/miel-de-sardaigne-millefleurs-250gr\\\/\"]}]},{\"@type\":\"ImageObject\",\"inLanguage\":\"fr-FR\",\"@id\":\"https:\\\/\\\/luigipomata.com\\\/fr\\\/shop\\\/miel-de-sardaigne-millefleurs-250gr\\\/#primaryimage\",\"url\":\"https:\\\/\\\/luigipomata.com\\\/wp-content\\\/uploads\\\/2022\\\/11\\\/miele-corbezzolo.jpg\",\"contentUrl\":\"https:\\\/\\\/luigipomata.com\\\/wp-content\\\/uploads\\\/2022\\\/11\\\/miele-corbezzolo.jpg\",\"width\":1000,\"height\":1000},{\"@type\":\"BreadcrumbList\",\"@id\":\"https:\\\/\\\/luigipomata.com\\\/fr\\\/shop\\\/miel-de-sardaigne-millefleurs-250gr\\\/#breadcrumb\",\"itemListElement\":[{\"@type\":\"ListItem\",\"position\":1,\"name\":\"Home\",\"item\":\"https:\\\/\\\/luigipomata.com\\\/fr\\\/\"},{\"@type\":\"ListItem\",\"position\":2,\"name\":\"Boutique\",\"item\":\"https:\\\/\\\/luigipomata.com\\\/fr\\\/boutique\\\/\"},{\"@type\":\"ListItem\",\"position\":3,\"name\":\"Miel de Sardaigne Millefleurs 250gr\"}]},{\"@type\":\"WebSite\",\"@id\":\"https:\\\/\\\/luigipomata.com\\\/fr\\\/#website\",\"url\":\"https:\\\/\\\/luigipomata.com\\\/fr\\\/\",\"name\":\"Luigi Pomata\",\"description\":\"\",\"publisher\":{\"@id\":\"https:\\\/\\\/luigipomata.com\\\/fr\\\/#organization\"},\"potentialAction\":[{\"@type\":\"SearchAction\",\"target\":{\"@type\":\"EntryPoint\",\"urlTemplate\":\"https:\\\/\\\/luigipomata.com\\\/fr\\\/?s={search_term_string}\"},\"query-input\":{\"@type\":\"PropertyValueSpecification\",\"valueRequired\":true,\"valueName\":\"search_term_string\"}}],\"inLanguage\":\"fr-FR\"},{\"@type\":\"Organization\",\"@id\":\"https:\\\/\\\/luigipomata.com\\\/fr\\\/#organization\",\"name\":\"Luigi Pomata\",\"url\":\"https:\\\/\\\/luigipomata.com\\\/fr\\\/\",\"logo\":{\"@type\":\"ImageObject\",\"inLanguage\":\"fr-FR\",\"@id\":\"https:\\\/\\\/luigipomata.com\\\/fr\\\/#\\\/schema\\\/logo\\\/image\\\/\",\"url\":\"https:\\\/\\\/luigipomata.com\\\/wp-content\\\/uploads\\\/2021\\\/06\\\/luigi-pomata-ristorante.jpg\",\"contentUrl\":\"https:\\\/\\\/luigipomata.com\\\/wp-content\\\/uploads\\\/2021\\\/06\\\/luigi-pomata-ristorante.jpg\",\"width\":415,\"height\":230,\"caption\":\"Luigi Pomata\"},\"image\":{\"@id\":\"https:\\\/\\\/luigipomata.com\\\/fr\\\/#\\\/schema\\\/logo\\\/image\\\/\"}}]}<\/script>\n<!-- \/ Yoast SEO plugin. -->","yoast_head_json":{"title":"Miel de Sardaigne Millefleurs 250gr - Luigi Pomata","robots":{"index":"index","follow":"follow","max-snippet":"max-snippet:-1","max-image-preview":"max-image-preview:large","max-video-preview":"max-video-preview:-1"},"canonical":"https:\/\/luigipomata.com\/fr\/shop\/miel-de-sardaigne-millefleurs-250gr\/","og_locale":"fr_FR","og_type":"article","og_title":"Miel de Sardaigne Millefleurs 250gr - Luigi Pomata","og_description":"Le millefleurs est un miel qui se compose du nectar de diff\u00e9rentes vari\u00e9t\u00e9s de fleurs, c'est pourquoi il contient davantage de propri\u00e9t\u00e9s b\u00e9n\u00e9fiques pour notre organisme, exer\u00e7ant surtout des fonctions antigrippales et d\u00e9puratives. Particuli\u00e8rement polyvalent, il remplace int\u00e9gralement le sucre dans les boissons chaudes\/froides, les yaourts nature, les salades de fruits, mais il est aussi \u00e0 tartiner directement sur du pain ou des biscottes.","og_url":"https:\/\/luigipomata.com\/fr\/shop\/miel-de-sardaigne-millefleurs-250gr\/","og_site_name":"Luigi Pomata","article_modified_time":"2026-02-21T11:12:57+00:00","og_image":[{"width":1000,"height":1000,"url":"https:\/\/luigipomata.com\/wp-content\/uploads\/2022\/11\/miele-corbezzolo.jpg","type":"image\/jpeg"}],"twitter_card":"summary_large_image","schema":{"@context":"https:\/\/schema.org","@graph":[{"@type":"WebPage","@id":"https:\/\/luigipomata.com\/fr\/shop\/miel-de-sardaigne-millefleurs-250gr\/","url":"https:\/\/luigipomata.com\/fr\/shop\/miel-de-sardaigne-millefleurs-250gr\/","name":"Miel de Sardaigne Millefleurs 250gr - Luigi Pomata","isPartOf":{"@id":"https:\/\/luigipomata.com\/fr\/#website"},"primaryImageOfPage":{"@id":"https:\/\/luigipomata.com\/fr\/shop\/miel-de-sardaigne-millefleurs-250gr\/#primaryimage"},"image":{"@id":"https:\/\/luigipomata.com\/fr\/shop\/miel-de-sardaigne-millefleurs-250gr\/#primaryimage"},"thumbnailUrl":"https:\/\/luigipomata.com\/wp-content\/uploads\/2022\/11\/miele-corbezzolo.jpg","datePublished":"2022-11-30T09:33:09+00:00","dateModified":"2026-02-21T11:12:57+00:00","breadcrumb":{"@id":"https:\/\/luigipomata.com\/fr\/shop\/miel-de-sardaigne-millefleurs-250gr\/#breadcrumb"},"inLanguage":"fr-FR","potentialAction":[{"@type":"ReadAction","target":["https:\/\/luigipomata.com\/fr\/shop\/miel-de-sardaigne-millefleurs-250gr\/"]}]},{"@type":"ImageObject","inLanguage":"fr-FR","@id":"https:\/\/luigipomata.com\/fr\/shop\/miel-de-sardaigne-millefleurs-250gr\/#primaryimage","url":"https:\/\/luigipomata.com\/wp-content\/uploads\/2022\/11\/miele-corbezzolo.jpg","contentUrl":"https:\/\/luigipomata.com\/wp-content\/uploads\/2022\/11\/miele-corbezzolo.jpg","width":1000,"height":1000},{"@type":"BreadcrumbList","@id":"https:\/\/luigipomata.com\/fr\/shop\/miel-de-sardaigne-millefleurs-250gr\/#breadcrumb","itemListElement":[{"@type":"ListItem","position":1,"name":"Home","item":"https:\/\/luigipomata.com\/fr\/"},{"@type":"ListItem","position":2,"name":"Boutique","item":"https:\/\/luigipomata.com\/fr\/boutique\/"},{"@type":"ListItem","position":3,"name":"Miel de Sardaigne Millefleurs 250gr"}]},{"@type":"WebSite","@id":"https:\/\/luigipomata.com\/fr\/#website","url":"https:\/\/luigipomata.com\/fr\/","name":"Luigi Pomata","description":"","publisher":{"@id":"https:\/\/luigipomata.com\/fr\/#organization"},"potentialAction":[{"@type":"SearchAction","target":{"@type":"EntryPoint","urlTemplate":"https:\/\/luigipomata.com\/fr\/?s={search_term_string}"},"query-input":{"@type":"PropertyValueSpecification","valueRequired":true,"valueName":"search_term_string"}}],"inLanguage":"fr-FR"},{"@type":"Organization","@id":"https:\/\/luigipomata.com\/fr\/#organization","name":"Luigi Pomata","url":"https:\/\/luigipomata.com\/fr\/","logo":{"@type":"ImageObject","inLanguage":"fr-FR","@id":"https:\/\/luigipomata.com\/fr\/#\/schema\/logo\/image\/","url":"https:\/\/luigipomata.com\/wp-content\/uploads\/2021\/06\/luigi-pomata-ristorante.jpg","contentUrl":"https:\/\/luigipomata.com\/wp-content\/uploads\/2021\/06\/luigi-pomata-ristorante.jpg","width":415,"height":230,"caption":"Luigi Pomata"},"image":{"@id":"https:\/\/luigipomata.com\/fr\/#\/schema\/logo\/image\/"}}]}},"_links":{"self":[{"href":"https:\/\/luigipomata.com\/fr\/wp-json\/wp\/v2\/product\/7162","targetHints":{"allow":["GET"]}}],"collection":[{"href":"https:\/\/luigipomata.com\/fr\/wp-json\/wp\/v2\/product"}],"about":[{"href":"https:\/\/luigipomata.com\/fr\/wp-json\/wp\/v2\/types\/product"}],"replies":[{"embeddable":true,"href":"https:\/\/luigipomata.com\/fr\/wp-json\/wp\/v2\/comments?post=7162"}],"wp:featuredmedia":[{"embeddable":true,"href":"https:\/\/luigipomata.com\/fr\/wp-json\/wp\/v2\/media\/7158"}],"wp:attachment":[{"href":"https:\/\/luigipomata.com\/fr\/wp-json\/wp\/v2\/media?parent=7162"}],"wp:term":[{"taxonomy":"product_brand","embeddable":true,"href":"https:\/\/luigipomata.com\/fr\/wp-json\/wp\/v2\/product_brand?post=7162"},{"taxonomy":"product_cat","embeddable":true,"href":"https:\/\/luigipomata.com\/fr\/wp-json\/wp\/v2\/product_cat?post=7162"},{"taxonomy":"product_tag","embeddable":true,"href":"https:\/\/luigipomata.com\/fr\/wp-json\/wp\/v2\/product_tag?post=7162"}],"curies":[{"name":"wp","href":"https:\/\/api.w.org\/{rel}","templated":true}]}}