{"id":7166,"date":"2021-12-07T11:36:36","date_gmt":"2021-12-07T10:36:36","guid":{"rendered":"https:\/\/luigipomata.com\/?post_type=product&#038;p=7166"},"modified":"2026-02-21T12:14:45","modified_gmt":"2026-02-21T11:14:45","slug":"fungolandia","status":"publish","type":"product","link":"https:\/\/luigipomata.com\/fr\/shop\/fungolandia\/","title":{"rendered":"Fungolandia"},"content":{"rendered":"<p>Le champignon est l&rsquo;un des rares organismes qui a r\u00e9ussi \u00e0 susciter chez l&rsquo;homme un sentiment de merveille et de curiosit\u00e9 pour son immobilit\u00e9, la dimension al\u00e9atoire et la pauvret\u00e9 de son milieu de croissance, ainsi que pour la rapidit\u00e9, la fragilit\u00e9 et la fugacit\u00e9 de son essence.<\/p>\n<p><strong>\u00c9diteur<\/strong><br \/>\nCarlo Delfino Editore<br \/>\n<strong>Langue<\/strong><br \/>\nItalien<br \/>\n<strong>Broch\u00e9<\/strong> \u200f<br \/>\n136 pages<br \/>\n<strong>ISBN-13 \u200f <\/strong><br \/>\n978-8893611244<\/p>\n","protected":false},"excerpt":{"rendered":"<p>Carlo Delfino Editore<br \/>\ndi Mauro Ballero <strong>con le ricette di Luigi Pomata<\/strong><\/p>\n","protected":false},"featured_media":7165,"comment_status":"closed","ping_status":"closed","template":"","meta":[],"product_brand":[],"product_cat":[186],"product_tag":[],"class_list":{"0":"post-7166","1":"product","2":"type-product","3":"status-publish","4":"has-post-thumbnail","6":"product_cat-livres","8":"first","9":"instock","10":"sale","11":"shipping-taxable","12":"purchasable","13":"product-type-simple"},"yoast_head":"<!-- This site is optimized with the Yoast SEO plugin v27.3 - https:\/\/yoast.com\/product\/yoast-seo-wordpress\/ -->\n<title>Fungolandia - Luigi Pomata<\/title>\n<meta name=\"robots\" content=\"index, follow, max-snippet:-1, max-image-preview:large, max-video-preview:-1\" \/>\n<link rel=\"canonical\" href=\"https:\/\/luigipomata.com\/fr\/shop\/fungolandia\/\" \/>\n<meta property=\"og:locale\" content=\"fr_FR\" \/>\n<meta property=\"og:type\" content=\"article\" \/>\n<meta property=\"og:title\" content=\"Fungolandia - Luigi Pomata\" \/>\n<meta property=\"og:description\" content=\"Carlo Delfino Editore di Mauro Ballero con le ricette di Luigi Pomata\" \/>\n<meta property=\"og:url\" content=\"https:\/\/luigipomata.com\/fr\/shop\/fungolandia\/\" \/>\n<meta property=\"og:site_name\" content=\"Luigi Pomata\" \/>\n<meta property=\"article:modified_time\" content=\"2026-02-21T11:14:45+00:00\" \/>\n<meta property=\"og:image\" content=\"https:\/\/luigipomata.com\/wp-content\/uploads\/2021\/12\/libro-funghi.jpg\" \/>\n\t<meta property=\"og:image:width\" content=\"800\" \/>\n\t<meta property=\"og:image:height\" content=\"800\" \/>\n\t<meta property=\"og:image:type\" content=\"image\/jpeg\" \/>\n<meta name=\"twitter:card\" content=\"summary_large_image\" \/>\n<script type=\"application\/ld+json\" class=\"yoast-schema-graph\">{\"@context\":\"https:\\\/\\\/schema.org\",\"@graph\":[{\"@type\":\"WebPage\",\"@id\":\"https:\\\/\\\/luigipomata.com\\\/fr\\\/shop\\\/fungolandia\\\/\",\"url\":\"https:\\\/\\\/luigipomata.com\\\/fr\\\/shop\\\/fungolandia\\\/\",\"name\":\"Fungolandia - Luigi Pomata\",\"isPartOf\":{\"@id\":\"https:\\\/\\\/luigipomata.com\\\/fr\\\/#website\"},\"primaryImageOfPage\":{\"@id\":\"https:\\\/\\\/luigipomata.com\\\/fr\\\/shop\\\/fungolandia\\\/#primaryimage\"},\"image\":{\"@id\":\"https:\\\/\\\/luigipomata.com\\\/fr\\\/shop\\\/fungolandia\\\/#primaryimage\"},\"thumbnailUrl\":\"https:\\\/\\\/luigipomata.com\\\/wp-content\\\/uploads\\\/2021\\\/12\\\/libro-funghi.jpg\",\"datePublished\":\"2021-12-07T10:36:36+00:00\",\"dateModified\":\"2026-02-21T11:14:45+00:00\",\"breadcrumb\":{\"@id\":\"https:\\\/\\\/luigipomata.com\\\/fr\\\/shop\\\/fungolandia\\\/#breadcrumb\"},\"inLanguage\":\"fr-FR\",\"potentialAction\":[{\"@type\":\"ReadAction\",\"target\":[\"https:\\\/\\\/luigipomata.com\\\/fr\\\/shop\\\/fungolandia\\\/\"]}]},{\"@type\":\"ImageObject\",\"inLanguage\":\"fr-FR\",\"@id\":\"https:\\\/\\\/luigipomata.com\\\/fr\\\/shop\\\/fungolandia\\\/#primaryimage\",\"url\":\"https:\\\/\\\/luigipomata.com\\\/wp-content\\\/uploads\\\/2021\\\/12\\\/libro-funghi.jpg\",\"contentUrl\":\"https:\\\/\\\/luigipomata.com\\\/wp-content\\\/uploads\\\/2021\\\/12\\\/libro-funghi.jpg\",\"width\":800,\"height\":800},{\"@type\":\"BreadcrumbList\",\"@id\":\"https:\\\/\\\/luigipomata.com\\\/fr\\\/shop\\\/fungolandia\\\/#breadcrumb\",\"itemListElement\":[{\"@type\":\"ListItem\",\"position\":1,\"name\":\"Home\",\"item\":\"https:\\\/\\\/luigipomata.com\\\/fr\\\/\"},{\"@type\":\"ListItem\",\"position\":2,\"name\":\"Boutique\",\"item\":\"https:\\\/\\\/luigipomata.com\\\/fr\\\/boutique\\\/\"},{\"@type\":\"ListItem\",\"position\":3,\"name\":\"Fungolandia\"}]},{\"@type\":\"WebSite\",\"@id\":\"https:\\\/\\\/luigipomata.com\\\/fr\\\/#website\",\"url\":\"https:\\\/\\\/luigipomata.com\\\/fr\\\/\",\"name\":\"Luigi Pomata\",\"description\":\"\",\"publisher\":{\"@id\":\"https:\\\/\\\/luigipomata.com\\\/fr\\\/#organization\"},\"potentialAction\":[{\"@type\":\"SearchAction\",\"target\":{\"@type\":\"EntryPoint\",\"urlTemplate\":\"https:\\\/\\\/luigipomata.com\\\/fr\\\/?s={search_term_string}\"},\"query-input\":{\"@type\":\"PropertyValueSpecification\",\"valueRequired\":true,\"valueName\":\"search_term_string\"}}],\"inLanguage\":\"fr-FR\"},{\"@type\":\"Organization\",\"@id\":\"https:\\\/\\\/luigipomata.com\\\/fr\\\/#organization\",\"name\":\"Luigi Pomata\",\"url\":\"https:\\\/\\\/luigipomata.com\\\/fr\\\/\",\"logo\":{\"@type\":\"ImageObject\",\"inLanguage\":\"fr-FR\",\"@id\":\"https:\\\/\\\/luigipomata.com\\\/fr\\\/#\\\/schema\\\/logo\\\/image\\\/\",\"url\":\"https:\\\/\\\/luigipomata.com\\\/wp-content\\\/uploads\\\/2021\\\/06\\\/luigi-pomata-ristorante.jpg\",\"contentUrl\":\"https:\\\/\\\/luigipomata.com\\\/wp-content\\\/uploads\\\/2021\\\/06\\\/luigi-pomata-ristorante.jpg\",\"width\":415,\"height\":230,\"caption\":\"Luigi Pomata\"},\"image\":{\"@id\":\"https:\\\/\\\/luigipomata.com\\\/fr\\\/#\\\/schema\\\/logo\\\/image\\\/\"}}]}<\/script>\n<!-- \/ Yoast SEO plugin. -->","yoast_head_json":{"title":"Fungolandia - Luigi Pomata","robots":{"index":"index","follow":"follow","max-snippet":"max-snippet:-1","max-image-preview":"max-image-preview:large","max-video-preview":"max-video-preview:-1"},"canonical":"https:\/\/luigipomata.com\/fr\/shop\/fungolandia\/","og_locale":"fr_FR","og_type":"article","og_title":"Fungolandia - Luigi Pomata","og_description":"Carlo Delfino Editore di Mauro Ballero con le ricette di Luigi Pomata","og_url":"https:\/\/luigipomata.com\/fr\/shop\/fungolandia\/","og_site_name":"Luigi Pomata","article_modified_time":"2026-02-21T11:14:45+00:00","og_image":[{"width":800,"height":800,"url":"https:\/\/luigipomata.com\/wp-content\/uploads\/2021\/12\/libro-funghi.jpg","type":"image\/jpeg"}],"twitter_card":"summary_large_image","schema":{"@context":"https:\/\/schema.org","@graph":[{"@type":"WebPage","@id":"https:\/\/luigipomata.com\/fr\/shop\/fungolandia\/","url":"https:\/\/luigipomata.com\/fr\/shop\/fungolandia\/","name":"Fungolandia - Luigi Pomata","isPartOf":{"@id":"https:\/\/luigipomata.com\/fr\/#website"},"primaryImageOfPage":{"@id":"https:\/\/luigipomata.com\/fr\/shop\/fungolandia\/#primaryimage"},"image":{"@id":"https:\/\/luigipomata.com\/fr\/shop\/fungolandia\/#primaryimage"},"thumbnailUrl":"https:\/\/luigipomata.com\/wp-content\/uploads\/2021\/12\/libro-funghi.jpg","datePublished":"2021-12-07T10:36:36+00:00","dateModified":"2026-02-21T11:14:45+00:00","breadcrumb":{"@id":"https:\/\/luigipomata.com\/fr\/shop\/fungolandia\/#breadcrumb"},"inLanguage":"fr-FR","potentialAction":[{"@type":"ReadAction","target":["https:\/\/luigipomata.com\/fr\/shop\/fungolandia\/"]}]},{"@type":"ImageObject","inLanguage":"fr-FR","@id":"https:\/\/luigipomata.com\/fr\/shop\/fungolandia\/#primaryimage","url":"https:\/\/luigipomata.com\/wp-content\/uploads\/2021\/12\/libro-funghi.jpg","contentUrl":"https:\/\/luigipomata.com\/wp-content\/uploads\/2021\/12\/libro-funghi.jpg","width":800,"height":800},{"@type":"BreadcrumbList","@id":"https:\/\/luigipomata.com\/fr\/shop\/fungolandia\/#breadcrumb","itemListElement":[{"@type":"ListItem","position":1,"name":"Home","item":"https:\/\/luigipomata.com\/fr\/"},{"@type":"ListItem","position":2,"name":"Boutique","item":"https:\/\/luigipomata.com\/fr\/boutique\/"},{"@type":"ListItem","position":3,"name":"Fungolandia"}]},{"@type":"WebSite","@id":"https:\/\/luigipomata.com\/fr\/#website","url":"https:\/\/luigipomata.com\/fr\/","name":"Luigi Pomata","description":"","publisher":{"@id":"https:\/\/luigipomata.com\/fr\/#organization"},"potentialAction":[{"@type":"SearchAction","target":{"@type":"EntryPoint","urlTemplate":"https:\/\/luigipomata.com\/fr\/?s={search_term_string}"},"query-input":{"@type":"PropertyValueSpecification","valueRequired":true,"valueName":"search_term_string"}}],"inLanguage":"fr-FR"},{"@type":"Organization","@id":"https:\/\/luigipomata.com\/fr\/#organization","name":"Luigi Pomata","url":"https:\/\/luigipomata.com\/fr\/","logo":{"@type":"ImageObject","inLanguage":"fr-FR","@id":"https:\/\/luigipomata.com\/fr\/#\/schema\/logo\/image\/","url":"https:\/\/luigipomata.com\/wp-content\/uploads\/2021\/06\/luigi-pomata-ristorante.jpg","contentUrl":"https:\/\/luigipomata.com\/wp-content\/uploads\/2021\/06\/luigi-pomata-ristorante.jpg","width":415,"height":230,"caption":"Luigi Pomata"},"image":{"@id":"https:\/\/luigipomata.com\/fr\/#\/schema\/logo\/image\/"}}]}},"_links":{"self":[{"href":"https:\/\/luigipomata.com\/fr\/wp-json\/wp\/v2\/product\/7166","targetHints":{"allow":["GET"]}}],"collection":[{"href":"https:\/\/luigipomata.com\/fr\/wp-json\/wp\/v2\/product"}],"about":[{"href":"https:\/\/luigipomata.com\/fr\/wp-json\/wp\/v2\/types\/product"}],"replies":[{"embeddable":true,"href":"https:\/\/luigipomata.com\/fr\/wp-json\/wp\/v2\/comments?post=7166"}],"wp:featuredmedia":[{"embeddable":true,"href":"https:\/\/luigipomata.com\/fr\/wp-json\/wp\/v2\/media\/7165"}],"wp:attachment":[{"href":"https:\/\/luigipomata.com\/fr\/wp-json\/wp\/v2\/media?parent=7166"}],"wp:term":[{"taxonomy":"product_brand","embeddable":true,"href":"https:\/\/luigipomata.com\/fr\/wp-json\/wp\/v2\/product_brand?post=7166"},{"taxonomy":"product_cat","embeddable":true,"href":"https:\/\/luigipomata.com\/fr\/wp-json\/wp\/v2\/product_cat?post=7166"},{"taxonomy":"product_tag","embeddable":true,"href":"https:\/\/luigipomata.com\/fr\/wp-json\/wp\/v2\/product_tag?post=7166"}],"curies":[{"name":"wp","href":"https:\/\/api.w.org\/{rel}","templated":true}]}}