{"id":7172,"date":"2021-12-02T15:06:43","date_gmt":"2021-12-02T14:06:43","guid":{"rendered":"https:\/\/luigipomata.com\/?post_type=product&#038;p=7172"},"modified":"2026-02-21T12:19:34","modified_gmt":"2026-02-21T11:19:34","slug":"thon-et-poissons-de-la-mediterranee","status":"publish","type":"product","link":"https:\/\/luigipomata.com\/fr\/shop\/thon-et-poissons-de-la-mediterranee\/","title":{"rendered":"Thon et poissons de la M\u00e9diterran\u00e9e"},"content":{"rendered":"<p>Thon et poissons de la M\u00e9diterran\u00e9e est le premier livre r\u00e9alis\u00e9 par deux grands chefs de la gastronomie italienne : Luca Montersino et Luigi Pomata. 240 pages avec plus de 100 recettes enti\u00e8rement d\u00e9di\u00e9es aux poissons de la M\u00e9diterran\u00e9e, en particulier au thon. Des images magnifiques, des recettes innovantes.<\/p>\n<p><strong>\u00c9diteur<\/strong><br \/>\nBoscolo Etoile (1er d\u00e9cembre 2004)<br \/>\n<strong>Langue<\/strong><br \/>\nItalien<br \/>\n<strong>Broch\u00e9<\/strong> \u200f<br \/>\n240 pages<br \/>\n<strong>ISBN-10<\/strong> \u200f<br \/>\n8884711002<br \/>\n<strong>ISBN-13 \u200f <\/strong><br \/>\n978-8884711007<br \/>\n<strong>Poids de l&rsquo;article<\/strong> \u200f<br \/>\n788 g<\/p>\n","protected":false},"excerpt":{"rendered":"<p>2005 Boscolo Etoile<br \/>\nLuca Montersino et Luigi Pomata<\/p>\n","protected":false},"featured_media":7171,"comment_status":"closed","ping_status":"closed","template":"","meta":[],"product_brand":[],"product_cat":[186],"product_tag":[],"class_list":{"0":"post-7172","1":"product","2":"type-product","3":"status-publish","4":"has-post-thumbnail","6":"product_cat-livres","8":"first","9":"instock","10":"sale","11":"shipping-taxable","12":"purchasable","13":"product-type-simple"},"yoast_head":"<!-- This site is optimized with the Yoast SEO plugin v27.3 - https:\/\/yoast.com\/product\/yoast-seo-wordpress\/ -->\n<title>Thon et poissons de la M\u00e9diterran\u00e9e - Luigi Pomata<\/title>\n<meta name=\"robots\" content=\"index, follow, max-snippet:-1, max-image-preview:large, max-video-preview:-1\" \/>\n<link rel=\"canonical\" href=\"https:\/\/luigipomata.com\/fr\/shop\/thon-et-poissons-de-la-mediterranee\/\" \/>\n<meta property=\"og:locale\" content=\"fr_FR\" \/>\n<meta property=\"og:type\" content=\"article\" \/>\n<meta property=\"og:title\" content=\"Thon et poissons de la M\u00e9diterran\u00e9e - Luigi Pomata\" \/>\n<meta property=\"og:description\" content=\"2005 Boscolo Etoile Luca Montersino et Luigi Pomata\" \/>\n<meta property=\"og:url\" content=\"https:\/\/luigipomata.com\/fr\/shop\/thon-et-poissons-de-la-mediterranee\/\" \/>\n<meta property=\"og:site_name\" content=\"Luigi Pomata\" \/>\n<meta property=\"article:modified_time\" content=\"2026-02-21T11:19:34+00:00\" \/>\n<meta property=\"og:image\" content=\"https:\/\/luigipomata.com\/wp-content\/uploads\/2021\/12\/libro_tonno_e_pesci_del_mediterraneo.jpg\" \/>\n\t<meta property=\"og:image:width\" content=\"800\" \/>\n\t<meta property=\"og:image:height\" content=\"800\" \/>\n\t<meta property=\"og:image:type\" content=\"image\/jpeg\" \/>\n<meta name=\"twitter:card\" content=\"summary_large_image\" \/>\n<script type=\"application\/ld+json\" class=\"yoast-schema-graph\">{\"@context\":\"https:\\\/\\\/schema.org\",\"@graph\":[{\"@type\":\"WebPage\",\"@id\":\"https:\\\/\\\/luigipomata.com\\\/fr\\\/shop\\\/thon-et-poissons-de-la-mediterranee\\\/\",\"url\":\"https:\\\/\\\/luigipomata.com\\\/fr\\\/shop\\\/thon-et-poissons-de-la-mediterranee\\\/\",\"name\":\"Thon et poissons de la M\u00e9diterran\u00e9e - Luigi Pomata\",\"isPartOf\":{\"@id\":\"https:\\\/\\\/luigipomata.com\\\/fr\\\/#website\"},\"primaryImageOfPage\":{\"@id\":\"https:\\\/\\\/luigipomata.com\\\/fr\\\/shop\\\/thon-et-poissons-de-la-mediterranee\\\/#primaryimage\"},\"image\":{\"@id\":\"https:\\\/\\\/luigipomata.com\\\/fr\\\/shop\\\/thon-et-poissons-de-la-mediterranee\\\/#primaryimage\"},\"thumbnailUrl\":\"https:\\\/\\\/luigipomata.com\\\/wp-content\\\/uploads\\\/2021\\\/12\\\/libro_tonno_e_pesci_del_mediterraneo.jpg\",\"datePublished\":\"2021-12-02T14:06:43+00:00\",\"dateModified\":\"2026-02-21T11:19:34+00:00\",\"breadcrumb\":{\"@id\":\"https:\\\/\\\/luigipomata.com\\\/fr\\\/shop\\\/thon-et-poissons-de-la-mediterranee\\\/#breadcrumb\"},\"inLanguage\":\"fr-FR\",\"potentialAction\":[{\"@type\":\"ReadAction\",\"target\":[\"https:\\\/\\\/luigipomata.com\\\/fr\\\/shop\\\/thon-et-poissons-de-la-mediterranee\\\/\"]}]},{\"@type\":\"ImageObject\",\"inLanguage\":\"fr-FR\",\"@id\":\"https:\\\/\\\/luigipomata.com\\\/fr\\\/shop\\\/thon-et-poissons-de-la-mediterranee\\\/#primaryimage\",\"url\":\"https:\\\/\\\/luigipomata.com\\\/wp-content\\\/uploads\\\/2021\\\/12\\\/libro_tonno_e_pesci_del_mediterraneo.jpg\",\"contentUrl\":\"https:\\\/\\\/luigipomata.com\\\/wp-content\\\/uploads\\\/2021\\\/12\\\/libro_tonno_e_pesci_del_mediterraneo.jpg\",\"width\":800,\"height\":800},{\"@type\":\"BreadcrumbList\",\"@id\":\"https:\\\/\\\/luigipomata.com\\\/fr\\\/shop\\\/thon-et-poissons-de-la-mediterranee\\\/#breadcrumb\",\"itemListElement\":[{\"@type\":\"ListItem\",\"position\":1,\"name\":\"Home\",\"item\":\"https:\\\/\\\/luigipomata.com\\\/fr\\\/\"},{\"@type\":\"ListItem\",\"position\":2,\"name\":\"Boutique\",\"item\":\"https:\\\/\\\/luigipomata.com\\\/fr\\\/boutique\\\/\"},{\"@type\":\"ListItem\",\"position\":3,\"name\":\"Thon et poissons de la M\u00e9diterran\u00e9e\"}]},{\"@type\":\"WebSite\",\"@id\":\"https:\\\/\\\/luigipomata.com\\\/fr\\\/#website\",\"url\":\"https:\\\/\\\/luigipomata.com\\\/fr\\\/\",\"name\":\"Luigi Pomata\",\"description\":\"\",\"publisher\":{\"@id\":\"https:\\\/\\\/luigipomata.com\\\/fr\\\/#organization\"},\"potentialAction\":[{\"@type\":\"SearchAction\",\"target\":{\"@type\":\"EntryPoint\",\"urlTemplate\":\"https:\\\/\\\/luigipomata.com\\\/fr\\\/?s={search_term_string}\"},\"query-input\":{\"@type\":\"PropertyValueSpecification\",\"valueRequired\":true,\"valueName\":\"search_term_string\"}}],\"inLanguage\":\"fr-FR\"},{\"@type\":\"Organization\",\"@id\":\"https:\\\/\\\/luigipomata.com\\\/fr\\\/#organization\",\"name\":\"Luigi Pomata\",\"url\":\"https:\\\/\\\/luigipomata.com\\\/fr\\\/\",\"logo\":{\"@type\":\"ImageObject\",\"inLanguage\":\"fr-FR\",\"@id\":\"https:\\\/\\\/luigipomata.com\\\/fr\\\/#\\\/schema\\\/logo\\\/image\\\/\",\"url\":\"https:\\\/\\\/luigipomata.com\\\/wp-content\\\/uploads\\\/2021\\\/06\\\/luigi-pomata-ristorante.jpg\",\"contentUrl\":\"https:\\\/\\\/luigipomata.com\\\/wp-content\\\/uploads\\\/2021\\\/06\\\/luigi-pomata-ristorante.jpg\",\"width\":415,\"height\":230,\"caption\":\"Luigi Pomata\"},\"image\":{\"@id\":\"https:\\\/\\\/luigipomata.com\\\/fr\\\/#\\\/schema\\\/logo\\\/image\\\/\"}}]}<\/script>\n<!-- \/ Yoast SEO plugin. -->","yoast_head_json":{"title":"Thon et poissons de la M\u00e9diterran\u00e9e - Luigi Pomata","robots":{"index":"index","follow":"follow","max-snippet":"max-snippet:-1","max-image-preview":"max-image-preview:large","max-video-preview":"max-video-preview:-1"},"canonical":"https:\/\/luigipomata.com\/fr\/shop\/thon-et-poissons-de-la-mediterranee\/","og_locale":"fr_FR","og_type":"article","og_title":"Thon et poissons de la M\u00e9diterran\u00e9e - Luigi Pomata","og_description":"2005 Boscolo Etoile Luca Montersino et Luigi Pomata","og_url":"https:\/\/luigipomata.com\/fr\/shop\/thon-et-poissons-de-la-mediterranee\/","og_site_name":"Luigi Pomata","article_modified_time":"2026-02-21T11:19:34+00:00","og_image":[{"width":800,"height":800,"url":"https:\/\/luigipomata.com\/wp-content\/uploads\/2021\/12\/libro_tonno_e_pesci_del_mediterraneo.jpg","type":"image\/jpeg"}],"twitter_card":"summary_large_image","schema":{"@context":"https:\/\/schema.org","@graph":[{"@type":"WebPage","@id":"https:\/\/luigipomata.com\/fr\/shop\/thon-et-poissons-de-la-mediterranee\/","url":"https:\/\/luigipomata.com\/fr\/shop\/thon-et-poissons-de-la-mediterranee\/","name":"Thon et poissons de la M\u00e9diterran\u00e9e - Luigi Pomata","isPartOf":{"@id":"https:\/\/luigipomata.com\/fr\/#website"},"primaryImageOfPage":{"@id":"https:\/\/luigipomata.com\/fr\/shop\/thon-et-poissons-de-la-mediterranee\/#primaryimage"},"image":{"@id":"https:\/\/luigipomata.com\/fr\/shop\/thon-et-poissons-de-la-mediterranee\/#primaryimage"},"thumbnailUrl":"https:\/\/luigipomata.com\/wp-content\/uploads\/2021\/12\/libro_tonno_e_pesci_del_mediterraneo.jpg","datePublished":"2021-12-02T14:06:43+00:00","dateModified":"2026-02-21T11:19:34+00:00","breadcrumb":{"@id":"https:\/\/luigipomata.com\/fr\/shop\/thon-et-poissons-de-la-mediterranee\/#breadcrumb"},"inLanguage":"fr-FR","potentialAction":[{"@type":"ReadAction","target":["https:\/\/luigipomata.com\/fr\/shop\/thon-et-poissons-de-la-mediterranee\/"]}]},{"@type":"ImageObject","inLanguage":"fr-FR","@id":"https:\/\/luigipomata.com\/fr\/shop\/thon-et-poissons-de-la-mediterranee\/#primaryimage","url":"https:\/\/luigipomata.com\/wp-content\/uploads\/2021\/12\/libro_tonno_e_pesci_del_mediterraneo.jpg","contentUrl":"https:\/\/luigipomata.com\/wp-content\/uploads\/2021\/12\/libro_tonno_e_pesci_del_mediterraneo.jpg","width":800,"height":800},{"@type":"BreadcrumbList","@id":"https:\/\/luigipomata.com\/fr\/shop\/thon-et-poissons-de-la-mediterranee\/#breadcrumb","itemListElement":[{"@type":"ListItem","position":1,"name":"Home","item":"https:\/\/luigipomata.com\/fr\/"},{"@type":"ListItem","position":2,"name":"Boutique","item":"https:\/\/luigipomata.com\/fr\/boutique\/"},{"@type":"ListItem","position":3,"name":"Thon et poissons de la M\u00e9diterran\u00e9e"}]},{"@type":"WebSite","@id":"https:\/\/luigipomata.com\/fr\/#website","url":"https:\/\/luigipomata.com\/fr\/","name":"Luigi Pomata","description":"","publisher":{"@id":"https:\/\/luigipomata.com\/fr\/#organization"},"potentialAction":[{"@type":"SearchAction","target":{"@type":"EntryPoint","urlTemplate":"https:\/\/luigipomata.com\/fr\/?s={search_term_string}"},"query-input":{"@type":"PropertyValueSpecification","valueRequired":true,"valueName":"search_term_string"}}],"inLanguage":"fr-FR"},{"@type":"Organization","@id":"https:\/\/luigipomata.com\/fr\/#organization","name":"Luigi Pomata","url":"https:\/\/luigipomata.com\/fr\/","logo":{"@type":"ImageObject","inLanguage":"fr-FR","@id":"https:\/\/luigipomata.com\/fr\/#\/schema\/logo\/image\/","url":"https:\/\/luigipomata.com\/wp-content\/uploads\/2021\/06\/luigi-pomata-ristorante.jpg","contentUrl":"https:\/\/luigipomata.com\/wp-content\/uploads\/2021\/06\/luigi-pomata-ristorante.jpg","width":415,"height":230,"caption":"Luigi Pomata"},"image":{"@id":"https:\/\/luigipomata.com\/fr\/#\/schema\/logo\/image\/"}}]}},"_links":{"self":[{"href":"https:\/\/luigipomata.com\/fr\/wp-json\/wp\/v2\/product\/7172","targetHints":{"allow":["GET"]}}],"collection":[{"href":"https:\/\/luigipomata.com\/fr\/wp-json\/wp\/v2\/product"}],"about":[{"href":"https:\/\/luigipomata.com\/fr\/wp-json\/wp\/v2\/types\/product"}],"replies":[{"embeddable":true,"href":"https:\/\/luigipomata.com\/fr\/wp-json\/wp\/v2\/comments?post=7172"}],"wp:featuredmedia":[{"embeddable":true,"href":"https:\/\/luigipomata.com\/fr\/wp-json\/wp\/v2\/media\/7171"}],"wp:attachment":[{"href":"https:\/\/luigipomata.com\/fr\/wp-json\/wp\/v2\/media?parent=7172"}],"wp:term":[{"taxonomy":"product_brand","embeddable":true,"href":"https:\/\/luigipomata.com\/fr\/wp-json\/wp\/v2\/product_brand?post=7172"},{"taxonomy":"product_cat","embeddable":true,"href":"https:\/\/luigipomata.com\/fr\/wp-json\/wp\/v2\/product_cat?post=7172"},{"taxonomy":"product_tag","embeddable":true,"href":"https:\/\/luigipomata.com\/fr\/wp-json\/wp\/v2\/product_tag?post=7172"}],"curies":[{"name":"wp","href":"https:\/\/api.w.org\/{rel}","templated":true}]}}