{"id":7178,"date":"2021-09-23T19:09:20","date_gmt":"2021-09-23T17:09:20","guid":{"rendered":"https:\/\/luigipomata.com\/?post_type=product&#038;p=7178"},"modified":"2026-02-21T12:23:53","modified_gmt":"2026-02-21T11:23:53","slug":"offrez-un-diner-le-bon-sera-envoye-a-le-mail-de-lacheteur-dans-les-48h","status":"publish","type":"product","link":"https:\/\/luigipomata.com\/fr\/shop\/offrez-un-diner-le-bon-sera-envoye-a-le-mail-de-lacheteur-dans-les-48h\/","title":{"rendered":"Offrez un D\u00eener. LE BON SERA ENVOY\u00c9 \u00c0 L&rsquo;E-MAIL DE L&rsquo;ACHETEUR DANS LES 48H"},"content":{"rendered":"<div class=\"row\">\n<div class=\"col-7 ml-auto mr-auto\">\n<div class=\"title\">\n<div class=\"row\">\n<div class=\"col-7 ml-auto mr-auto\">\n<div class=\"title\">\n<div class=\"row\">\n<div class=\"col-7 ml-auto mr-auto\">\n<div class=\"title\">\n<div class=\"row\">\n<div class=\"col-7 ml-auto mr-auto\">\n<div class=\"title\">\n<div><\/div>\n<div><strong>LE BON SERA ENVOY\u00c9 \u00c0 L&rsquo;E-MAIL DE L&rsquo;ACHETEUR DANS LES 48H<\/strong><\/div>\n<div><strong>Pour les paiements par virement, nous vous prions d&rsquo;envoyer la copie \u00e0 : amministrazione@luigipomata.com<\/strong><\/div>\n<div><\/div>\n<div class=\"ev\"><strong>Bon cadeau Pomata<\/strong><\/div>\n<div class=\"description\">Faites plaisir \u00e0 ceux qui vous sont chers en offrant des sensations que seule une grande cuisine peut donner, avec un menu qui accompagnera l&rsquo;invit\u00e9 de l&rsquo;entr\u00e9e au dessert, caf\u00e9 et vins inclus.<br \/>\nEn achetant un Bon Cadeau de <strong>70,00 \u20ac<\/strong>, un parcours de d\u00e9gustation est pr\u00e9vu, de l&rsquo;ap\u00e9ritif de bienvenue au dessert, avec vins, caf\u00e9 et digestifs nationaux.<\/div>\n<\/div>\n<\/div>\n<\/div>\n<\/div>\n<\/div>\n<\/div>\n<\/div>\n<\/div>\n<\/div>\n<\/div>\n<\/div>\n<\/div>\n","protected":false},"excerpt":{"rendered":"<p><strong>LE BON SERA ENVOY\u00c9 \u00c0 L&rsquo;E-MAIL<br \/>\nDE L&rsquo;ACHETEUR DANS LES 48H<\/strong><br \/>\n<strong>Pour les paiements par virement, nous vous prions d&rsquo;envoyer la copie \u00e0 : amministrazione@luigipomata.com<\/strong><\/p>\n<p>Bon cadeau Pomata<br \/>\n<span style=\"color: #ff0000;\"><strong>INDIQUEZ CI-DESSOUS LE NOMBRE D&rsquo;INVIT\u00c9S DESTINATAIRES DU CADEAU (EX. 2 = UN BON POUR 2 PERSONNES).<\/strong><\/span><\/p>\n","protected":false},"featured_media":7177,"comment_status":"closed","ping_status":"closed","template":"","meta":[],"product_brand":[],"product_cat":[187],"product_tag":[],"class_list":{"0":"post-7178","1":"product","2":"type-product","3":"status-publish","4":"has-post-thumbnail","6":"product_cat-offrez-un-diner","7":"wcpa_has_options","9":"first","10":"instock","11":"shipping-taxable","12":"purchasable","13":"product-type-simple"},"yoast_head":"<!-- This site is optimized with the Yoast SEO plugin v27.3 - https:\/\/yoast.com\/product\/yoast-seo-wordpress\/ -->\n<title>Offrez un D\u00eener. LE BON SERA ENVOY\u00c9 \u00c0 L&#039;E-MAIL DE L&#039;ACHETEUR DANS LES 48H - Luigi Pomata<\/title>\n<meta name=\"robots\" content=\"index, follow, max-snippet:-1, max-image-preview:large, max-video-preview:-1\" \/>\n<link rel=\"canonical\" href=\"https:\/\/luigipomata.com\/fr\/shop\/offrez-un-diner-le-bon-sera-envoye-a-le-mail-de-lacheteur-dans-les-48h\/\" \/>\n<meta property=\"og:locale\" content=\"fr_FR\" \/>\n<meta property=\"og:type\" content=\"article\" \/>\n<meta property=\"og:title\" content=\"Offrez un D\u00eener. LE BON SERA ENVOY\u00c9 \u00c0 L&#039;E-MAIL DE L&#039;ACHETEUR DANS LES 48H - Luigi Pomata\" \/>\n<meta property=\"og:description\" content=\"LE BON SERA ENVOY\u00c9 \u00c0 L&#039;E-MAIL DE L&#039;ACHETEUR DANS LES 48H Pour les paiements par virement, nous vous prions d&#039;envoyer la copie \u00e0 : amministrazione@luigipomata.com  Bon cadeau Pomata INDIQUEZ CI-DESSOUS LE NOMBRE D&#039;INVIT\u00c9S DESTINATAIRES DU CADEAU (EX. 2 = UN BON POUR 2 PERSONNES).\" \/>\n<meta property=\"og:url\" content=\"https:\/\/luigipomata.com\/fr\/shop\/offrez-un-diner-le-bon-sera-envoye-a-le-mail-de-lacheteur-dans-les-48h\/\" \/>\n<meta property=\"og:site_name\" content=\"Luigi Pomata\" \/>\n<meta property=\"article:modified_time\" content=\"2026-02-21T11:23:53+00:00\" \/>\n<meta property=\"og:image\" content=\"https:\/\/luigipomata.com\/wp-content\/uploads\/2021\/11\/voucher-neutro.jpg\" \/>\n\t<meta property=\"og:image:width\" content=\"800\" \/>\n\t<meta property=\"og:image:height\" content=\"800\" \/>\n\t<meta property=\"og:image:type\" content=\"image\/jpeg\" \/>\n<meta name=\"twitter:card\" content=\"summary_large_image\" \/>\n<script type=\"application\/ld+json\" class=\"yoast-schema-graph\">{\"@context\":\"https:\\\/\\\/schema.org\",\"@graph\":[{\"@type\":\"WebPage\",\"@id\":\"https:\\\/\\\/luigipomata.com\\\/fr\\\/shop\\\/offrez-un-diner-le-bon-sera-envoye-a-le-mail-de-lacheteur-dans-les-48h\\\/\",\"url\":\"https:\\\/\\\/luigipomata.com\\\/fr\\\/shop\\\/offrez-un-diner-le-bon-sera-envoye-a-le-mail-de-lacheteur-dans-les-48h\\\/\",\"name\":\"Offrez un D\u00eener. LE BON SERA ENVOY\u00c9 \u00c0 L'E-MAIL DE L'ACHETEUR DANS LES 48H - Luigi Pomata\",\"isPartOf\":{\"@id\":\"https:\\\/\\\/luigipomata.com\\\/fr\\\/#website\"},\"primaryImageOfPage\":{\"@id\":\"https:\\\/\\\/luigipomata.com\\\/fr\\\/shop\\\/offrez-un-diner-le-bon-sera-envoye-a-le-mail-de-lacheteur-dans-les-48h\\\/#primaryimage\"},\"image\":{\"@id\":\"https:\\\/\\\/luigipomata.com\\\/fr\\\/shop\\\/offrez-un-diner-le-bon-sera-envoye-a-le-mail-de-lacheteur-dans-les-48h\\\/#primaryimage\"},\"thumbnailUrl\":\"https:\\\/\\\/luigipomata.com\\\/wp-content\\\/uploads\\\/2021\\\/11\\\/voucher-neutro.jpg\",\"datePublished\":\"2021-09-23T17:09:20+00:00\",\"dateModified\":\"2026-02-21T11:23:53+00:00\",\"breadcrumb\":{\"@id\":\"https:\\\/\\\/luigipomata.com\\\/fr\\\/shop\\\/offrez-un-diner-le-bon-sera-envoye-a-le-mail-de-lacheteur-dans-les-48h\\\/#breadcrumb\"},\"inLanguage\":\"fr-FR\",\"potentialAction\":[{\"@type\":\"ReadAction\",\"target\":[\"https:\\\/\\\/luigipomata.com\\\/fr\\\/shop\\\/offrez-un-diner-le-bon-sera-envoye-a-le-mail-de-lacheteur-dans-les-48h\\\/\"]}]},{\"@type\":\"ImageObject\",\"inLanguage\":\"fr-FR\",\"@id\":\"https:\\\/\\\/luigipomata.com\\\/fr\\\/shop\\\/offrez-un-diner-le-bon-sera-envoye-a-le-mail-de-lacheteur-dans-les-48h\\\/#primaryimage\",\"url\":\"https:\\\/\\\/luigipomata.com\\\/wp-content\\\/uploads\\\/2021\\\/11\\\/voucher-neutro.jpg\",\"contentUrl\":\"https:\\\/\\\/luigipomata.com\\\/wp-content\\\/uploads\\\/2021\\\/11\\\/voucher-neutro.jpg\",\"width\":800,\"height\":800},{\"@type\":\"BreadcrumbList\",\"@id\":\"https:\\\/\\\/luigipomata.com\\\/fr\\\/shop\\\/offrez-un-diner-le-bon-sera-envoye-a-le-mail-de-lacheteur-dans-les-48h\\\/#breadcrumb\",\"itemListElement\":[{\"@type\":\"ListItem\",\"position\":1,\"name\":\"Home\",\"item\":\"https:\\\/\\\/luigipomata.com\\\/fr\\\/\"},{\"@type\":\"ListItem\",\"position\":2,\"name\":\"Boutique\",\"item\":\"https:\\\/\\\/luigipomata.com\\\/fr\\\/boutique\\\/\"},{\"@type\":\"ListItem\",\"position\":3,\"name\":\"Offrez un D\u00eener. LE BON SERA ENVOY\u00c9 \u00c0 L&#8217;E-MAIL DE L&#8217;ACHETEUR DANS LES 48H\"}]},{\"@type\":\"WebSite\",\"@id\":\"https:\\\/\\\/luigipomata.com\\\/fr\\\/#website\",\"url\":\"https:\\\/\\\/luigipomata.com\\\/fr\\\/\",\"name\":\"Luigi Pomata\",\"description\":\"\",\"publisher\":{\"@id\":\"https:\\\/\\\/luigipomata.com\\\/fr\\\/#organization\"},\"potentialAction\":[{\"@type\":\"SearchAction\",\"target\":{\"@type\":\"EntryPoint\",\"urlTemplate\":\"https:\\\/\\\/luigipomata.com\\\/fr\\\/?s={search_term_string}\"},\"query-input\":{\"@type\":\"PropertyValueSpecification\",\"valueRequired\":true,\"valueName\":\"search_term_string\"}}],\"inLanguage\":\"fr-FR\"},{\"@type\":\"Organization\",\"@id\":\"https:\\\/\\\/luigipomata.com\\\/fr\\\/#organization\",\"name\":\"Luigi Pomata\",\"url\":\"https:\\\/\\\/luigipomata.com\\\/fr\\\/\",\"logo\":{\"@type\":\"ImageObject\",\"inLanguage\":\"fr-FR\",\"@id\":\"https:\\\/\\\/luigipomata.com\\\/fr\\\/#\\\/schema\\\/logo\\\/image\\\/\",\"url\":\"https:\\\/\\\/luigipomata.com\\\/wp-content\\\/uploads\\\/2021\\\/06\\\/luigi-pomata-ristorante.jpg\",\"contentUrl\":\"https:\\\/\\\/luigipomata.com\\\/wp-content\\\/uploads\\\/2021\\\/06\\\/luigi-pomata-ristorante.jpg\",\"width\":415,\"height\":230,\"caption\":\"Luigi Pomata\"},\"image\":{\"@id\":\"https:\\\/\\\/luigipomata.com\\\/fr\\\/#\\\/schema\\\/logo\\\/image\\\/\"}}]}<\/script>\n<!-- \/ Yoast SEO plugin. -->","yoast_head_json":{"title":"Offrez un D\u00eener. LE BON SERA ENVOY\u00c9 \u00c0 L'E-MAIL DE L'ACHETEUR DANS LES 48H - Luigi Pomata","robots":{"index":"index","follow":"follow","max-snippet":"max-snippet:-1","max-image-preview":"max-image-preview:large","max-video-preview":"max-video-preview:-1"},"canonical":"https:\/\/luigipomata.com\/fr\/shop\/offrez-un-diner-le-bon-sera-envoye-a-le-mail-de-lacheteur-dans-les-48h\/","og_locale":"fr_FR","og_type":"article","og_title":"Offrez un D\u00eener. LE BON SERA ENVOY\u00c9 \u00c0 L'E-MAIL DE L'ACHETEUR DANS LES 48H - Luigi Pomata","og_description":"LE BON SERA ENVOY\u00c9 \u00c0 L'E-MAIL DE L'ACHETEUR DANS LES 48H Pour les paiements par virement, nous vous prions d'envoyer la copie \u00e0 : amministrazione@luigipomata.com  Bon cadeau Pomata INDIQUEZ CI-DESSOUS LE NOMBRE D'INVIT\u00c9S DESTINATAIRES DU CADEAU (EX. 2 = UN BON POUR 2 PERSONNES).","og_url":"https:\/\/luigipomata.com\/fr\/shop\/offrez-un-diner-le-bon-sera-envoye-a-le-mail-de-lacheteur-dans-les-48h\/","og_site_name":"Luigi Pomata","article_modified_time":"2026-02-21T11:23:53+00:00","og_image":[{"width":800,"height":800,"url":"https:\/\/luigipomata.com\/wp-content\/uploads\/2021\/11\/voucher-neutro.jpg","type":"image\/jpeg"}],"twitter_card":"summary_large_image","schema":{"@context":"https:\/\/schema.org","@graph":[{"@type":"WebPage","@id":"https:\/\/luigipomata.com\/fr\/shop\/offrez-un-diner-le-bon-sera-envoye-a-le-mail-de-lacheteur-dans-les-48h\/","url":"https:\/\/luigipomata.com\/fr\/shop\/offrez-un-diner-le-bon-sera-envoye-a-le-mail-de-lacheteur-dans-les-48h\/","name":"Offrez un D\u00eener. LE BON SERA ENVOY\u00c9 \u00c0 L'E-MAIL DE L'ACHETEUR DANS LES 48H - Luigi Pomata","isPartOf":{"@id":"https:\/\/luigipomata.com\/fr\/#website"},"primaryImageOfPage":{"@id":"https:\/\/luigipomata.com\/fr\/shop\/offrez-un-diner-le-bon-sera-envoye-a-le-mail-de-lacheteur-dans-les-48h\/#primaryimage"},"image":{"@id":"https:\/\/luigipomata.com\/fr\/shop\/offrez-un-diner-le-bon-sera-envoye-a-le-mail-de-lacheteur-dans-les-48h\/#primaryimage"},"thumbnailUrl":"https:\/\/luigipomata.com\/wp-content\/uploads\/2021\/11\/voucher-neutro.jpg","datePublished":"2021-09-23T17:09:20+00:00","dateModified":"2026-02-21T11:23:53+00:00","breadcrumb":{"@id":"https:\/\/luigipomata.com\/fr\/shop\/offrez-un-diner-le-bon-sera-envoye-a-le-mail-de-lacheteur-dans-les-48h\/#breadcrumb"},"inLanguage":"fr-FR","potentialAction":[{"@type":"ReadAction","target":["https:\/\/luigipomata.com\/fr\/shop\/offrez-un-diner-le-bon-sera-envoye-a-le-mail-de-lacheteur-dans-les-48h\/"]}]},{"@type":"ImageObject","inLanguage":"fr-FR","@id":"https:\/\/luigipomata.com\/fr\/shop\/offrez-un-diner-le-bon-sera-envoye-a-le-mail-de-lacheteur-dans-les-48h\/#primaryimage","url":"https:\/\/luigipomata.com\/wp-content\/uploads\/2021\/11\/voucher-neutro.jpg","contentUrl":"https:\/\/luigipomata.com\/wp-content\/uploads\/2021\/11\/voucher-neutro.jpg","width":800,"height":800},{"@type":"BreadcrumbList","@id":"https:\/\/luigipomata.com\/fr\/shop\/offrez-un-diner-le-bon-sera-envoye-a-le-mail-de-lacheteur-dans-les-48h\/#breadcrumb","itemListElement":[{"@type":"ListItem","position":1,"name":"Home","item":"https:\/\/luigipomata.com\/fr\/"},{"@type":"ListItem","position":2,"name":"Boutique","item":"https:\/\/luigipomata.com\/fr\/boutique\/"},{"@type":"ListItem","position":3,"name":"Offrez un D\u00eener. LE BON SERA ENVOY\u00c9 \u00c0 L&#8217;E-MAIL DE L&#8217;ACHETEUR DANS LES 48H"}]},{"@type":"WebSite","@id":"https:\/\/luigipomata.com\/fr\/#website","url":"https:\/\/luigipomata.com\/fr\/","name":"Luigi Pomata","description":"","publisher":{"@id":"https:\/\/luigipomata.com\/fr\/#organization"},"potentialAction":[{"@type":"SearchAction","target":{"@type":"EntryPoint","urlTemplate":"https:\/\/luigipomata.com\/fr\/?s={search_term_string}"},"query-input":{"@type":"PropertyValueSpecification","valueRequired":true,"valueName":"search_term_string"}}],"inLanguage":"fr-FR"},{"@type":"Organization","@id":"https:\/\/luigipomata.com\/fr\/#organization","name":"Luigi Pomata","url":"https:\/\/luigipomata.com\/fr\/","logo":{"@type":"ImageObject","inLanguage":"fr-FR","@id":"https:\/\/luigipomata.com\/fr\/#\/schema\/logo\/image\/","url":"https:\/\/luigipomata.com\/wp-content\/uploads\/2021\/06\/luigi-pomata-ristorante.jpg","contentUrl":"https:\/\/luigipomata.com\/wp-content\/uploads\/2021\/06\/luigi-pomata-ristorante.jpg","width":415,"height":230,"caption":"Luigi Pomata"},"image":{"@id":"https:\/\/luigipomata.com\/fr\/#\/schema\/logo\/image\/"}}]}},"_links":{"self":[{"href":"https:\/\/luigipomata.com\/fr\/wp-json\/wp\/v2\/product\/7178","targetHints":{"allow":["GET"]}}],"collection":[{"href":"https:\/\/luigipomata.com\/fr\/wp-json\/wp\/v2\/product"}],"about":[{"href":"https:\/\/luigipomata.com\/fr\/wp-json\/wp\/v2\/types\/product"}],"replies":[{"embeddable":true,"href":"https:\/\/luigipomata.com\/fr\/wp-json\/wp\/v2\/comments?post=7178"}],"wp:featuredmedia":[{"embeddable":true,"href":"https:\/\/luigipomata.com\/fr\/wp-json\/wp\/v2\/media\/7177"}],"wp:attachment":[{"href":"https:\/\/luigipomata.com\/fr\/wp-json\/wp\/v2\/media?parent=7178"}],"wp:term":[{"taxonomy":"product_brand","embeddable":true,"href":"https:\/\/luigipomata.com\/fr\/wp-json\/wp\/v2\/product_brand?post=7178"},{"taxonomy":"product_cat","embeddable":true,"href":"https:\/\/luigipomata.com\/fr\/wp-json\/wp\/v2\/product_cat?post=7178"},{"taxonomy":"product_tag","embeddable":true,"href":"https:\/\/luigipomata.com\/fr\/wp-json\/wp\/v2\/product_tag?post=7178"}],"curies":[{"name":"wp","href":"https:\/\/api.w.org\/{rel}","templated":true}]}}