{"id":7186,"date":"2021-09-23T18:50:14","date_gmt":"2021-09-23T16:50:14","guid":{"rendered":"https:\/\/luigipomata.com\/?post_type=product&#038;p=7186"},"modified":"2026-02-21T12:28:15","modified_gmt":"2026-02-21T11:28:15","slug":"forfait-les-entrees-primi-piatti","status":"publish","type":"product","link":"https:\/\/luigipomata.com\/fr\/shop\/forfait-les-entrees-primi-piatti\/","title":{"rendered":"Forfait Les Entr\u00e9es (Primi Piatti)"},"content":{"rendered":"<div class=\"row\">\n<div class=\"col-7 ml-auto mr-auto\">\n<div class=\"title\">\n<div class=\"row\">\n<div class=\"col-7 ml-auto mr-auto\">\n<div class=\"title\">\n<div class=\"row\">\n<div class=\"col-7 ml-auto mr-auto\">\n<div class=\"title\">\n<div class=\"row\">\n<div class=\"col-7 ml-auto mr-auto\">\n<div class=\"title\">\n<div class=\"row\">\n<div class=\"col-7 ml-auto mr-auto\">\n<div class=\"title\">\n<div class=\"row\">\n<div class=\"col-7 ml-auto mr-auto\">\n<div class=\"title\">\n<div class=\"row\">\n<div class=\"col-7 ml-auto mr-auto\">\n<div class=\"title\"><strong>Le cours ne peut pas \u00eatre achet\u00e9 en ligne.<br \/>\nVous pouvez obtenir des informations pour v\u00e9rifier la disponibilit\u00e9 en nous \u00e9crivant \u00e0 l&rsquo;adresse e-mail : amministrazione@luigipomata.com ou en nous appelant au n\u00b0 070.672058<\/strong><\/div>\n<\/div>\n<\/div>\n<div class=\"row mt20\">\n<div class=\"col-8 ml-auto mr-auto\">\n<p>Type de cours : FORFAIT \u00ab\u00a0LES ENTR\u00c9ES (PRIMI PIATTI)\u00a0\u00bb<br \/>\nDur\u00e9e : 3 le\u00e7ons<br \/>\nDestinataires : tout le monde<br \/>\nNiveau : aucun niveau requis<\/p>\n<\/div>\n<\/div>\n<\/div>\n<\/div>\n<\/div>\n<\/div>\n<\/div>\n<\/div>\n<\/div>\n<\/div>\n<\/div>\n<\/div>\n<\/div>\n<\/div>\n<\/div>\n<\/div>\n<\/div>\n<\/div>\n<\/div>\n<\/div>\n","protected":false},"excerpt":{"rendered":"<p>FORFAIT LES ENTR\u00c9ES (PRIMI PIATTI)<\/p>\n","protected":false},"featured_media":6260,"comment_status":"closed","ping_status":"closed","template":"","meta":[],"product_brand":[],"product_cat":[182,183],"product_tag":[],"class_list":{"0":"post-7186","1":"product","2":"type-product","3":"status-publish","4":"has-post-thumbnail","6":"product_cat-cours-de-cuisine","7":"product_cat-forfaits","9":"first","10":"outofstock","11":"shipping-taxable","12":"purchasable","13":"product-type-simple"},"yoast_head":"<!-- This site is optimized with the Yoast SEO plugin v27.3 - https:\/\/yoast.com\/product\/yoast-seo-wordpress\/ -->\n<title>Forfait Les Entr\u00e9es (Primi Piatti) - Luigi Pomata<\/title>\n<meta name=\"robots\" content=\"index, follow, max-snippet:-1, max-image-preview:large, max-video-preview:-1\" \/>\n<link rel=\"canonical\" href=\"https:\/\/luigipomata.com\/fr\/shop\/forfait-les-entrees-primi-piatti\/\" \/>\n<meta property=\"og:locale\" content=\"fr_FR\" \/>\n<meta property=\"og:type\" content=\"article\" \/>\n<meta property=\"og:title\" content=\"Forfait Les Entr\u00e9es (Primi Piatti) - Luigi Pomata\" \/>\n<meta property=\"og:description\" content=\"FORFAIT LES ENTR\u00c9ES (PRIMI PIATTI)\" \/>\n<meta property=\"og:url\" content=\"https:\/\/luigipomata.com\/fr\/shop\/forfait-les-entrees-primi-piatti\/\" \/>\n<meta property=\"og:site_name\" content=\"Luigi Pomata\" \/>\n<meta property=\"article:modified_time\" content=\"2026-02-21T11:28:15+00:00\" \/>\n<meta property=\"og:image\" content=\"https:\/\/luigipomata.com\/wp-content\/uploads\/2021\/09\/pacchetti-i-primi-piatti.jpg\" \/>\n\t<meta property=\"og:image:width\" content=\"1200\" \/>\n\t<meta property=\"og:image:height\" content=\"900\" \/>\n\t<meta property=\"og:image:type\" content=\"image\/jpeg\" \/>\n<meta name=\"twitter:card\" content=\"summary_large_image\" \/>\n<script type=\"application\/ld+json\" class=\"yoast-schema-graph\">{\"@context\":\"https:\\\/\\\/schema.org\",\"@graph\":[{\"@type\":\"WebPage\",\"@id\":\"https:\\\/\\\/luigipomata.com\\\/fr\\\/shop\\\/forfait-les-entrees-primi-piatti\\\/\",\"url\":\"https:\\\/\\\/luigipomata.com\\\/fr\\\/shop\\\/forfait-les-entrees-primi-piatti\\\/\",\"name\":\"Forfait Les Entr\u00e9es (Primi Piatti) - Luigi Pomata\",\"isPartOf\":{\"@id\":\"https:\\\/\\\/luigipomata.com\\\/fr\\\/#website\"},\"primaryImageOfPage\":{\"@id\":\"https:\\\/\\\/luigipomata.com\\\/fr\\\/shop\\\/forfait-les-entrees-primi-piatti\\\/#primaryimage\"},\"image\":{\"@id\":\"https:\\\/\\\/luigipomata.com\\\/fr\\\/shop\\\/forfait-les-entrees-primi-piatti\\\/#primaryimage\"},\"thumbnailUrl\":\"https:\\\/\\\/luigipomata.com\\\/wp-content\\\/uploads\\\/2021\\\/09\\\/pacchetti-i-primi-piatti.jpg\",\"datePublished\":\"2021-09-23T16:50:14+00:00\",\"dateModified\":\"2026-02-21T11:28:15+00:00\",\"breadcrumb\":{\"@id\":\"https:\\\/\\\/luigipomata.com\\\/fr\\\/shop\\\/forfait-les-entrees-primi-piatti\\\/#breadcrumb\"},\"inLanguage\":\"fr-FR\",\"potentialAction\":[{\"@type\":\"ReadAction\",\"target\":[\"https:\\\/\\\/luigipomata.com\\\/fr\\\/shop\\\/forfait-les-entrees-primi-piatti\\\/\"]}]},{\"@type\":\"ImageObject\",\"inLanguage\":\"fr-FR\",\"@id\":\"https:\\\/\\\/luigipomata.com\\\/fr\\\/shop\\\/forfait-les-entrees-primi-piatti\\\/#primaryimage\",\"url\":\"https:\\\/\\\/luigipomata.com\\\/wp-content\\\/uploads\\\/2021\\\/09\\\/pacchetti-i-primi-piatti.jpg\",\"contentUrl\":\"https:\\\/\\\/luigipomata.com\\\/wp-content\\\/uploads\\\/2021\\\/09\\\/pacchetti-i-primi-piatti.jpg\",\"width\":1200,\"height\":900},{\"@type\":\"BreadcrumbList\",\"@id\":\"https:\\\/\\\/luigipomata.com\\\/fr\\\/shop\\\/forfait-les-entrees-primi-piatti\\\/#breadcrumb\",\"itemListElement\":[{\"@type\":\"ListItem\",\"position\":1,\"name\":\"Home\",\"item\":\"https:\\\/\\\/luigipomata.com\\\/fr\\\/\"},{\"@type\":\"ListItem\",\"position\":2,\"name\":\"Boutique\",\"item\":\"https:\\\/\\\/luigipomata.com\\\/fr\\\/boutique\\\/\"},{\"@type\":\"ListItem\",\"position\":3,\"name\":\"Forfait Les Entr\u00e9es (Primi Piatti)\"}]},{\"@type\":\"WebSite\",\"@id\":\"https:\\\/\\\/luigipomata.com\\\/fr\\\/#website\",\"url\":\"https:\\\/\\\/luigipomata.com\\\/fr\\\/\",\"name\":\"Luigi Pomata\",\"description\":\"\",\"publisher\":{\"@id\":\"https:\\\/\\\/luigipomata.com\\\/fr\\\/#organization\"},\"potentialAction\":[{\"@type\":\"SearchAction\",\"target\":{\"@type\":\"EntryPoint\",\"urlTemplate\":\"https:\\\/\\\/luigipomata.com\\\/fr\\\/?s={search_term_string}\"},\"query-input\":{\"@type\":\"PropertyValueSpecification\",\"valueRequired\":true,\"valueName\":\"search_term_string\"}}],\"inLanguage\":\"fr-FR\"},{\"@type\":\"Organization\",\"@id\":\"https:\\\/\\\/luigipomata.com\\\/fr\\\/#organization\",\"name\":\"Luigi Pomata\",\"url\":\"https:\\\/\\\/luigipomata.com\\\/fr\\\/\",\"logo\":{\"@type\":\"ImageObject\",\"inLanguage\":\"fr-FR\",\"@id\":\"https:\\\/\\\/luigipomata.com\\\/fr\\\/#\\\/schema\\\/logo\\\/image\\\/\",\"url\":\"https:\\\/\\\/luigipomata.com\\\/wp-content\\\/uploads\\\/2021\\\/06\\\/luigi-pomata-ristorante.jpg\",\"contentUrl\":\"https:\\\/\\\/luigipomata.com\\\/wp-content\\\/uploads\\\/2021\\\/06\\\/luigi-pomata-ristorante.jpg\",\"width\":415,\"height\":230,\"caption\":\"Luigi Pomata\"},\"image\":{\"@id\":\"https:\\\/\\\/luigipomata.com\\\/fr\\\/#\\\/schema\\\/logo\\\/image\\\/\"}}]}<\/script>\n<!-- \/ Yoast SEO plugin. -->","yoast_head_json":{"title":"Forfait Les Entr\u00e9es (Primi Piatti) - Luigi Pomata","robots":{"index":"index","follow":"follow","max-snippet":"max-snippet:-1","max-image-preview":"max-image-preview:large","max-video-preview":"max-video-preview:-1"},"canonical":"https:\/\/luigipomata.com\/fr\/shop\/forfait-les-entrees-primi-piatti\/","og_locale":"fr_FR","og_type":"article","og_title":"Forfait Les Entr\u00e9es (Primi Piatti) - Luigi Pomata","og_description":"FORFAIT LES ENTR\u00c9ES (PRIMI PIATTI)","og_url":"https:\/\/luigipomata.com\/fr\/shop\/forfait-les-entrees-primi-piatti\/","og_site_name":"Luigi Pomata","article_modified_time":"2026-02-21T11:28:15+00:00","og_image":[{"width":1200,"height":900,"url":"https:\/\/luigipomata.com\/wp-content\/uploads\/2021\/09\/pacchetti-i-primi-piatti.jpg","type":"image\/jpeg"}],"twitter_card":"summary_large_image","schema":{"@context":"https:\/\/schema.org","@graph":[{"@type":"WebPage","@id":"https:\/\/luigipomata.com\/fr\/shop\/forfait-les-entrees-primi-piatti\/","url":"https:\/\/luigipomata.com\/fr\/shop\/forfait-les-entrees-primi-piatti\/","name":"Forfait Les Entr\u00e9es (Primi Piatti) - Luigi Pomata","isPartOf":{"@id":"https:\/\/luigipomata.com\/fr\/#website"},"primaryImageOfPage":{"@id":"https:\/\/luigipomata.com\/fr\/shop\/forfait-les-entrees-primi-piatti\/#primaryimage"},"image":{"@id":"https:\/\/luigipomata.com\/fr\/shop\/forfait-les-entrees-primi-piatti\/#primaryimage"},"thumbnailUrl":"https:\/\/luigipomata.com\/wp-content\/uploads\/2021\/09\/pacchetti-i-primi-piatti.jpg","datePublished":"2021-09-23T16:50:14+00:00","dateModified":"2026-02-21T11:28:15+00:00","breadcrumb":{"@id":"https:\/\/luigipomata.com\/fr\/shop\/forfait-les-entrees-primi-piatti\/#breadcrumb"},"inLanguage":"fr-FR","potentialAction":[{"@type":"ReadAction","target":["https:\/\/luigipomata.com\/fr\/shop\/forfait-les-entrees-primi-piatti\/"]}]},{"@type":"ImageObject","inLanguage":"fr-FR","@id":"https:\/\/luigipomata.com\/fr\/shop\/forfait-les-entrees-primi-piatti\/#primaryimage","url":"https:\/\/luigipomata.com\/wp-content\/uploads\/2021\/09\/pacchetti-i-primi-piatti.jpg","contentUrl":"https:\/\/luigipomata.com\/wp-content\/uploads\/2021\/09\/pacchetti-i-primi-piatti.jpg","width":1200,"height":900},{"@type":"BreadcrumbList","@id":"https:\/\/luigipomata.com\/fr\/shop\/forfait-les-entrees-primi-piatti\/#breadcrumb","itemListElement":[{"@type":"ListItem","position":1,"name":"Home","item":"https:\/\/luigipomata.com\/fr\/"},{"@type":"ListItem","position":2,"name":"Boutique","item":"https:\/\/luigipomata.com\/fr\/boutique\/"},{"@type":"ListItem","position":3,"name":"Forfait Les Entr\u00e9es (Primi Piatti)"}]},{"@type":"WebSite","@id":"https:\/\/luigipomata.com\/fr\/#website","url":"https:\/\/luigipomata.com\/fr\/","name":"Luigi Pomata","description":"","publisher":{"@id":"https:\/\/luigipomata.com\/fr\/#organization"},"potentialAction":[{"@type":"SearchAction","target":{"@type":"EntryPoint","urlTemplate":"https:\/\/luigipomata.com\/fr\/?s={search_term_string}"},"query-input":{"@type":"PropertyValueSpecification","valueRequired":true,"valueName":"search_term_string"}}],"inLanguage":"fr-FR"},{"@type":"Organization","@id":"https:\/\/luigipomata.com\/fr\/#organization","name":"Luigi Pomata","url":"https:\/\/luigipomata.com\/fr\/","logo":{"@type":"ImageObject","inLanguage":"fr-FR","@id":"https:\/\/luigipomata.com\/fr\/#\/schema\/logo\/image\/","url":"https:\/\/luigipomata.com\/wp-content\/uploads\/2021\/06\/luigi-pomata-ristorante.jpg","contentUrl":"https:\/\/luigipomata.com\/wp-content\/uploads\/2021\/06\/luigi-pomata-ristorante.jpg","width":415,"height":230,"caption":"Luigi Pomata"},"image":{"@id":"https:\/\/luigipomata.com\/fr\/#\/schema\/logo\/image\/"}}]}},"_links":{"self":[{"href":"https:\/\/luigipomata.com\/fr\/wp-json\/wp\/v2\/product\/7186","targetHints":{"allow":["GET"]}}],"collection":[{"href":"https:\/\/luigipomata.com\/fr\/wp-json\/wp\/v2\/product"}],"about":[{"href":"https:\/\/luigipomata.com\/fr\/wp-json\/wp\/v2\/types\/product"}],"replies":[{"embeddable":true,"href":"https:\/\/luigipomata.com\/fr\/wp-json\/wp\/v2\/comments?post=7186"}],"wp:featuredmedia":[{"embeddable":true,"href":"https:\/\/luigipomata.com\/fr\/wp-json\/wp\/v2\/media\/6260"}],"wp:attachment":[{"href":"https:\/\/luigipomata.com\/fr\/wp-json\/wp\/v2\/media?parent=7186"}],"wp:term":[{"taxonomy":"product_brand","embeddable":true,"href":"https:\/\/luigipomata.com\/fr\/wp-json\/wp\/v2\/product_brand?post=7186"},{"taxonomy":"product_cat","embeddable":true,"href":"https:\/\/luigipomata.com\/fr\/wp-json\/wp\/v2\/product_cat?post=7186"},{"taxonomy":"product_tag","embeddable":true,"href":"https:\/\/luigipomata.com\/fr\/wp-json\/wp\/v2\/product_tag?post=7186"}],"curies":[{"name":"wp","href":"https:\/\/api.w.org\/{rel}","templated":true}]}}