{"id":7280,"date":"2026-02-24T16:16:34","date_gmt":"2026-02-24T15:16:34","guid":{"rendered":"https:\/\/luigipomata.com\/?post_type=product&#038;p=7280"},"modified":"2026-02-28T10:52:27","modified_gmt":"2026-02-28T09:52:27","slug":"offrez-un-diner-le-bon-sera-envoye-a-le-mail-de-lacheteur-dans-les-48h-copia","status":"publish","type":"product","link":"https:\/\/luigipomata.com\/fr\/shop\/offrez-un-diner-le-bon-sera-envoye-a-le-mail-de-lacheteur-dans-les-48h-copia\/","title":{"rendered":"Offrez un D\u00eener"},"content":{"rendered":"<div class=\"row\">\n<div class=\"col-7 ml-auto mr-auto\">\n<div class=\"title\">\n<div class=\"row\">\n<div class=\"col-7 ml-auto mr-auto\">\n<div class=\"title\">\n<div class=\"row\">\n<div class=\"col-7 ml-auto mr-auto\">\n<div class=\"title\">\n<div class=\"row\">\n<div class=\"col-7 ml-auto mr-auto\">\n<div class=\"title\">\n<h5><strong data-start=\"108\" data-end=\"226\">Le bon cadeau sera envoy\u00e9 par e-mail \u00e0 l&rsquo;acheteur et au destinataire dans les 48 h suivant la confirmation de la commande.<\/strong><\/h5>\n<div>\n<h5 data-start=\"228\" data-end=\"419\">Pour les paiements effectu\u00e9s par virement bancaire, nous vous prions de bien vouloir envoyer une copie de la preuve de virement \u00e0 <strong data-start=\"345\" data-end=\"380\"><a class=\"decorated-link cursor-pointer\" rel=\"noopener\" data-start=\"347\" data-end=\"378\">amministrazione@luigipomata.com<\/a><\/strong> afin d&rsquo;acc\u00e9l\u00e9rer l&rsquo;\u00e9mission du bon.<\/h5>\n<\/div>\n<div><\/div>\n<div class=\"ev\"><strong>Bon cadeau Pomata<\/strong><\/div>\n<div class=\"description\">Faites plaisir \u00e0 ceux qui vous sont chers en offrant des sensations que seule une grande cuisine peut donner, avec un menu qui accompagnera l&rsquo;invit\u00e9 de l&rsquo;Entr\u00e9e au Dessert, Caf\u00e9 et Vins inclus.<br \/>\nEn achetant un Bon Cadeau de <strong>70,00 \u20ac<\/strong>, un parcours de d\u00e9gustation sera pr\u00e9vu, de l&rsquo;Ap\u00e9ritif de Bienvenue au Dessert avec Vins, Caf\u00e9 et Digestifs Nationaux.<\/div>\n<\/div>\n<\/div>\n<\/div>\n<\/div>\n<\/div>\n<\/div>\n<\/div>\n<\/div>\n<\/div>\n<\/div>\n<\/div>\n<\/div>\n","protected":false},"excerpt":{"rendered":"<div class=\"row\">\n<div class=\"col-7 ml-auto mr-auto\">\n<div class=\"title\">\n<div class=\"row\">\n<div class=\"col-7 ml-auto mr-auto\">\n<div class=\"title\">\n<div class=\"row\">\n<div class=\"col-7 ml-auto mr-auto\">\n<div class=\"title\">\n<div class=\"row\">\n<div class=\"col-7 ml-auto mr-auto\">\n<div class=\"title\">\n<h5><strong data-start=\"108\" data-end=\"226\">Le bon cadeau sera envoy\u00e9 par e-mail \u00e0 l&rsquo;acheteur et au destinataire dans les 48 h suivant la confirmation de la commande.<\/strong><\/h5>\n<div>\n<h5 data-start=\"228\" data-end=\"419\">Pour les paiements effectu\u00e9s par virement bancaire, nous vous prions de bien vouloir envoyer une copie de la preuve de virement \u00e0 <strong data-start=\"345\" data-end=\"380\"><a class=\"decorated-link cursor-pointer\" rel=\"noopener\" data-start=\"347\" data-end=\"378\">amministrazione@luigipomata.com<\/a><\/strong> afin d&rsquo;acc\u00e9l\u00e9rer l&rsquo;\u00e9mission du bon.<\/h5>\n<\/div>\n<div><\/div>\n<div class=\"ev\"><strong>Bon cadeau Pomata<\/strong><\/div>\n<div class=\"description\">Faites plaisir \u00e0 ceux qui vous sont chers en offrant des sensations que seule une grande cuisine peut donner, avec un menu qui accompagnera l&rsquo;invit\u00e9 de l&rsquo;Entr\u00e9e au Dessert, Caf\u00e9 et Vins inclus.<br \/>\nEn achetant un Bon Cadeau de <strong>70,00 \u20ac<\/strong>, un parcours de d\u00e9gustation sera pr\u00e9vu, de l&rsquo;Ap\u00e9ritif de Bienvenue au Dessert avec Vins, Caf\u00e9 et Digestifs Nationaux.<\/div>\n<\/div>\n<\/div>\n<\/div>\n<\/div>\n<\/div>\n<\/div>\n<\/div>\n<\/div>\n<\/div>\n<\/div>\n<\/div>\n<\/div>\n","protected":false},"featured_media":7177,"comment_status":"closed","ping_status":"closed","template":"","meta":[],"product_brand":[],"product_cat":[187],"product_tag":[],"class_list":{"0":"post-7280","1":"product","2":"type-product","3":"status-publish","4":"has-post-thumbnail","6":"product_cat-offrez-un-diner","8":"first","9":"instock","10":"shipping-taxable","11":"purchasable","12":"product-type-simple"},"yoast_head":"<!-- This site is optimized with the Yoast SEO plugin v27.3 - https:\/\/yoast.com\/product\/yoast-seo-wordpress\/ -->\n<title>Offrez un D\u00eener - Luigi Pomata<\/title>\n<meta name=\"robots\" content=\"index, follow, max-snippet:-1, max-image-preview:large, max-video-preview:-1\" \/>\n<link rel=\"canonical\" href=\"https:\/\/luigipomata.com\/fr\/shop\/offrez-un-diner-le-bon-sera-envoye-a-le-mail-de-lacheteur-dans-les-48h-copia\/\" \/>\n<meta property=\"og:locale\" content=\"fr_FR\" \/>\n<meta property=\"og:type\" content=\"article\" \/>\n<meta property=\"og:title\" content=\"Offrez un D\u00eener - Luigi Pomata\" \/>\n<meta property=\"og:description\" content=\"Le bon cadeau sera envoy\u00e9 par e-mail \u00e0 l&#039;acheteur et au destinataire dans les 48 h suivant la confirmation de la commande.  Pour les paiements effectu\u00e9s par virement bancaire, nous vous prions de bien vouloir envoyer une copie de la preuve de virement \u00e0 amministrazione@luigipomata.com afin d&#039;acc\u00e9l\u00e9rer l&#039;\u00e9mission du bon.   Bon cadeau Pomata Faites plaisir \u00e0 ceux qui vous sont chers en offrant des sensations que seule une grande cuisine peut donner, avec un menu qui accompagnera l&#039;invit\u00e9 de l&#039;Entr\u00e9e au Dessert, Caf\u00e9 et Vins inclus. En achetant un Bon Cadeau de 70,00 \u20ac, un parcours de d\u00e9gustation sera pr\u00e9vu, de l&#039;Ap\u00e9ritif de Bienvenue au Dessert avec Vins, Caf\u00e9 et Digestifs Nationaux.\" \/>\n<meta property=\"og:url\" content=\"https:\/\/luigipomata.com\/fr\/shop\/offrez-un-diner-le-bon-sera-envoye-a-le-mail-de-lacheteur-dans-les-48h-copia\/\" \/>\n<meta property=\"og:site_name\" content=\"Luigi Pomata\" \/>\n<meta property=\"article:modified_time\" content=\"2026-02-28T09:52:27+00:00\" \/>\n<meta property=\"og:image\" content=\"https:\/\/luigipomata.com\/wp-content\/uploads\/2021\/11\/voucher-neutro.jpg\" \/>\n\t<meta property=\"og:image:width\" content=\"800\" \/>\n\t<meta property=\"og:image:height\" content=\"800\" \/>\n\t<meta property=\"og:image:type\" content=\"image\/jpeg\" \/>\n<meta name=\"twitter:card\" content=\"summary_large_image\" \/>\n<meta name=\"twitter:label1\" content=\"Dur\u00e9e de lecture estim\u00e9e\" \/>\n\t<meta name=\"twitter:data1\" content=\"1 minute\" \/>\n<script type=\"application\/ld+json\" class=\"yoast-schema-graph\">{\"@context\":\"https:\\\/\\\/schema.org\",\"@graph\":[{\"@type\":\"WebPage\",\"@id\":\"https:\\\/\\\/luigipomata.com\\\/fr\\\/shop\\\/offrez-un-diner-le-bon-sera-envoye-a-le-mail-de-lacheteur-dans-les-48h-copia\\\/\",\"url\":\"https:\\\/\\\/luigipomata.com\\\/fr\\\/shop\\\/offrez-un-diner-le-bon-sera-envoye-a-le-mail-de-lacheteur-dans-les-48h-copia\\\/\",\"name\":\"Offrez un D\u00eener - Luigi Pomata\",\"isPartOf\":{\"@id\":\"https:\\\/\\\/luigipomata.com\\\/fr\\\/#website\"},\"primaryImageOfPage\":{\"@id\":\"https:\\\/\\\/luigipomata.com\\\/fr\\\/shop\\\/offrez-un-diner-le-bon-sera-envoye-a-le-mail-de-lacheteur-dans-les-48h-copia\\\/#primaryimage\"},\"image\":{\"@id\":\"https:\\\/\\\/luigipomata.com\\\/fr\\\/shop\\\/offrez-un-diner-le-bon-sera-envoye-a-le-mail-de-lacheteur-dans-les-48h-copia\\\/#primaryimage\"},\"thumbnailUrl\":\"https:\\\/\\\/luigipomata.com\\\/wp-content\\\/uploads\\\/2021\\\/11\\\/voucher-neutro.jpg\",\"datePublished\":\"2026-02-24T15:16:34+00:00\",\"dateModified\":\"2026-02-28T09:52:27+00:00\",\"breadcrumb\":{\"@id\":\"https:\\\/\\\/luigipomata.com\\\/fr\\\/shop\\\/offrez-un-diner-le-bon-sera-envoye-a-le-mail-de-lacheteur-dans-les-48h-copia\\\/#breadcrumb\"},\"inLanguage\":\"fr-FR\",\"potentialAction\":[{\"@type\":\"ReadAction\",\"target\":[\"https:\\\/\\\/luigipomata.com\\\/fr\\\/shop\\\/offrez-un-diner-le-bon-sera-envoye-a-le-mail-de-lacheteur-dans-les-48h-copia\\\/\"]}]},{\"@type\":\"ImageObject\",\"inLanguage\":\"fr-FR\",\"@id\":\"https:\\\/\\\/luigipomata.com\\\/fr\\\/shop\\\/offrez-un-diner-le-bon-sera-envoye-a-le-mail-de-lacheteur-dans-les-48h-copia\\\/#primaryimage\",\"url\":\"https:\\\/\\\/luigipomata.com\\\/wp-content\\\/uploads\\\/2021\\\/11\\\/voucher-neutro.jpg\",\"contentUrl\":\"https:\\\/\\\/luigipomata.com\\\/wp-content\\\/uploads\\\/2021\\\/11\\\/voucher-neutro.jpg\",\"width\":800,\"height\":800},{\"@type\":\"BreadcrumbList\",\"@id\":\"https:\\\/\\\/luigipomata.com\\\/fr\\\/shop\\\/offrez-un-diner-le-bon-sera-envoye-a-le-mail-de-lacheteur-dans-les-48h-copia\\\/#breadcrumb\",\"itemListElement\":[{\"@type\":\"ListItem\",\"position\":1,\"name\":\"Home\",\"item\":\"https:\\\/\\\/luigipomata.com\\\/fr\\\/\"},{\"@type\":\"ListItem\",\"position\":2,\"name\":\"Boutique\",\"item\":\"https:\\\/\\\/luigipomata.com\\\/fr\\\/boutique\\\/\"},{\"@type\":\"ListItem\",\"position\":3,\"name\":\"Offrez un D\u00eener\"}]},{\"@type\":\"WebSite\",\"@id\":\"https:\\\/\\\/luigipomata.com\\\/fr\\\/#website\",\"url\":\"https:\\\/\\\/luigipomata.com\\\/fr\\\/\",\"name\":\"Luigi Pomata\",\"description\":\"\",\"publisher\":{\"@id\":\"https:\\\/\\\/luigipomata.com\\\/fr\\\/#organization\"},\"potentialAction\":[{\"@type\":\"SearchAction\",\"target\":{\"@type\":\"EntryPoint\",\"urlTemplate\":\"https:\\\/\\\/luigipomata.com\\\/fr\\\/?s={search_term_string}\"},\"query-input\":{\"@type\":\"PropertyValueSpecification\",\"valueRequired\":true,\"valueName\":\"search_term_string\"}}],\"inLanguage\":\"fr-FR\"},{\"@type\":\"Organization\",\"@id\":\"https:\\\/\\\/luigipomata.com\\\/fr\\\/#organization\",\"name\":\"Luigi Pomata\",\"url\":\"https:\\\/\\\/luigipomata.com\\\/fr\\\/\",\"logo\":{\"@type\":\"ImageObject\",\"inLanguage\":\"fr-FR\",\"@id\":\"https:\\\/\\\/luigipomata.com\\\/fr\\\/#\\\/schema\\\/logo\\\/image\\\/\",\"url\":\"https:\\\/\\\/luigipomata.com\\\/wp-content\\\/uploads\\\/2021\\\/06\\\/luigi-pomata-ristorante.jpg\",\"contentUrl\":\"https:\\\/\\\/luigipomata.com\\\/wp-content\\\/uploads\\\/2021\\\/06\\\/luigi-pomata-ristorante.jpg\",\"width\":415,\"height\":230,\"caption\":\"Luigi Pomata\"},\"image\":{\"@id\":\"https:\\\/\\\/luigipomata.com\\\/fr\\\/#\\\/schema\\\/logo\\\/image\\\/\"}}]}<\/script>\n<!-- \/ Yoast SEO plugin. -->","yoast_head_json":{"title":"Offrez un D\u00eener - Luigi Pomata","robots":{"index":"index","follow":"follow","max-snippet":"max-snippet:-1","max-image-preview":"max-image-preview:large","max-video-preview":"max-video-preview:-1"},"canonical":"https:\/\/luigipomata.com\/fr\/shop\/offrez-un-diner-le-bon-sera-envoye-a-le-mail-de-lacheteur-dans-les-48h-copia\/","og_locale":"fr_FR","og_type":"article","og_title":"Offrez un D\u00eener - Luigi Pomata","og_description":"Le bon cadeau sera envoy\u00e9 par e-mail \u00e0 l'acheteur et au destinataire dans les 48 h suivant la confirmation de la commande.  Pour les paiements effectu\u00e9s par virement bancaire, nous vous prions de bien vouloir envoyer une copie de la preuve de virement \u00e0 amministrazione@luigipomata.com afin d'acc\u00e9l\u00e9rer l'\u00e9mission du bon.   Bon cadeau Pomata Faites plaisir \u00e0 ceux qui vous sont chers en offrant des sensations que seule une grande cuisine peut donner, avec un menu qui accompagnera l'invit\u00e9 de l'Entr\u00e9e au Dessert, Caf\u00e9 et Vins inclus. En achetant un Bon Cadeau de 70,00 \u20ac, un parcours de d\u00e9gustation sera pr\u00e9vu, de l'Ap\u00e9ritif de Bienvenue au Dessert avec Vins, Caf\u00e9 et Digestifs Nationaux.","og_url":"https:\/\/luigipomata.com\/fr\/shop\/offrez-un-diner-le-bon-sera-envoye-a-le-mail-de-lacheteur-dans-les-48h-copia\/","og_site_name":"Luigi Pomata","article_modified_time":"2026-02-28T09:52:27+00:00","og_image":[{"width":800,"height":800,"url":"https:\/\/luigipomata.com\/wp-content\/uploads\/2021\/11\/voucher-neutro.jpg","type":"image\/jpeg"}],"twitter_card":"summary_large_image","twitter_misc":{"Dur\u00e9e de lecture estim\u00e9e":"1 minute"},"schema":{"@context":"https:\/\/schema.org","@graph":[{"@type":"WebPage","@id":"https:\/\/luigipomata.com\/fr\/shop\/offrez-un-diner-le-bon-sera-envoye-a-le-mail-de-lacheteur-dans-les-48h-copia\/","url":"https:\/\/luigipomata.com\/fr\/shop\/offrez-un-diner-le-bon-sera-envoye-a-le-mail-de-lacheteur-dans-les-48h-copia\/","name":"Offrez un D\u00eener - Luigi Pomata","isPartOf":{"@id":"https:\/\/luigipomata.com\/fr\/#website"},"primaryImageOfPage":{"@id":"https:\/\/luigipomata.com\/fr\/shop\/offrez-un-diner-le-bon-sera-envoye-a-le-mail-de-lacheteur-dans-les-48h-copia\/#primaryimage"},"image":{"@id":"https:\/\/luigipomata.com\/fr\/shop\/offrez-un-diner-le-bon-sera-envoye-a-le-mail-de-lacheteur-dans-les-48h-copia\/#primaryimage"},"thumbnailUrl":"https:\/\/luigipomata.com\/wp-content\/uploads\/2021\/11\/voucher-neutro.jpg","datePublished":"2026-02-24T15:16:34+00:00","dateModified":"2026-02-28T09:52:27+00:00","breadcrumb":{"@id":"https:\/\/luigipomata.com\/fr\/shop\/offrez-un-diner-le-bon-sera-envoye-a-le-mail-de-lacheteur-dans-les-48h-copia\/#breadcrumb"},"inLanguage":"fr-FR","potentialAction":[{"@type":"ReadAction","target":["https:\/\/luigipomata.com\/fr\/shop\/offrez-un-diner-le-bon-sera-envoye-a-le-mail-de-lacheteur-dans-les-48h-copia\/"]}]},{"@type":"ImageObject","inLanguage":"fr-FR","@id":"https:\/\/luigipomata.com\/fr\/shop\/offrez-un-diner-le-bon-sera-envoye-a-le-mail-de-lacheteur-dans-les-48h-copia\/#primaryimage","url":"https:\/\/luigipomata.com\/wp-content\/uploads\/2021\/11\/voucher-neutro.jpg","contentUrl":"https:\/\/luigipomata.com\/wp-content\/uploads\/2021\/11\/voucher-neutro.jpg","width":800,"height":800},{"@type":"BreadcrumbList","@id":"https:\/\/luigipomata.com\/fr\/shop\/offrez-un-diner-le-bon-sera-envoye-a-le-mail-de-lacheteur-dans-les-48h-copia\/#breadcrumb","itemListElement":[{"@type":"ListItem","position":1,"name":"Home","item":"https:\/\/luigipomata.com\/fr\/"},{"@type":"ListItem","position":2,"name":"Boutique","item":"https:\/\/luigipomata.com\/fr\/boutique\/"},{"@type":"ListItem","position":3,"name":"Offrez un D\u00eener"}]},{"@type":"WebSite","@id":"https:\/\/luigipomata.com\/fr\/#website","url":"https:\/\/luigipomata.com\/fr\/","name":"Luigi Pomata","description":"","publisher":{"@id":"https:\/\/luigipomata.com\/fr\/#organization"},"potentialAction":[{"@type":"SearchAction","target":{"@type":"EntryPoint","urlTemplate":"https:\/\/luigipomata.com\/fr\/?s={search_term_string}"},"query-input":{"@type":"PropertyValueSpecification","valueRequired":true,"valueName":"search_term_string"}}],"inLanguage":"fr-FR"},{"@type":"Organization","@id":"https:\/\/luigipomata.com\/fr\/#organization","name":"Luigi Pomata","url":"https:\/\/luigipomata.com\/fr\/","logo":{"@type":"ImageObject","inLanguage":"fr-FR","@id":"https:\/\/luigipomata.com\/fr\/#\/schema\/logo\/image\/","url":"https:\/\/luigipomata.com\/wp-content\/uploads\/2021\/06\/luigi-pomata-ristorante.jpg","contentUrl":"https:\/\/luigipomata.com\/wp-content\/uploads\/2021\/06\/luigi-pomata-ristorante.jpg","width":415,"height":230,"caption":"Luigi Pomata"},"image":{"@id":"https:\/\/luigipomata.com\/fr\/#\/schema\/logo\/image\/"}}]}},"_links":{"self":[{"href":"https:\/\/luigipomata.com\/fr\/wp-json\/wp\/v2\/product\/7280","targetHints":{"allow":["GET"]}}],"collection":[{"href":"https:\/\/luigipomata.com\/fr\/wp-json\/wp\/v2\/product"}],"about":[{"href":"https:\/\/luigipomata.com\/fr\/wp-json\/wp\/v2\/types\/product"}],"replies":[{"embeddable":true,"href":"https:\/\/luigipomata.com\/fr\/wp-json\/wp\/v2\/comments?post=7280"}],"wp:featuredmedia":[{"embeddable":true,"href":"https:\/\/luigipomata.com\/fr\/wp-json\/wp\/v2\/media\/7177"}],"wp:attachment":[{"href":"https:\/\/luigipomata.com\/fr\/wp-json\/wp\/v2\/media?parent=7280"}],"wp:term":[{"taxonomy":"product_brand","embeddable":true,"href":"https:\/\/luigipomata.com\/fr\/wp-json\/wp\/v2\/product_brand?post=7280"},{"taxonomy":"product_cat","embeddable":true,"href":"https:\/\/luigipomata.com\/fr\/wp-json\/wp\/v2\/product_cat?post=7280"},{"taxonomy":"product_tag","embeddable":true,"href":"https:\/\/luigipomata.com\/fr\/wp-json\/wp\/v2\/product_tag?post=7280"}],"curies":[{"name":"wp","href":"https:\/\/api.w.org\/{rel}","templated":true}]}}